{"id":901,"date":"2026-01-26T14:36:58","date_gmt":"2026-01-26T13:36:58","guid":{"rendered":"https:\/\/xn--sus-hhndorf-gdersdorf-leci.de\/?page_id=901"},"modified":"2026-01-26T14:38:57","modified_gmt":"2026-01-26T13:38:57","slug":"1-qualiturnier-2026","status":"publish","type":"page","link":"https:\/\/xn--sus-hhndorf-gdersdorf-leci.de\/?page_id=901","title":{"rendered":"1. Qualiturnier 2026"},"content":{"rendered":"<section class=\"fw-main-row \"  >\n\t<div class=\"fw-container\">\n\t\t<div class=\"fw-row\">\n\t<div class=\"fw-col-xs-12\">\n\t<p>Am letzten Freitag war es so weit: Das 1. Qualiturnier der H\u00f6hndorfer Turnierserie 2026 stand an. Mit 36 von 36 Anmeldungen waren wir komplett ausgebucht. Gespielt wurde in 6 Gruppen \u00e0 6 Spielerinnen und Spielern unter der Turnierleitung von Fynn und Lars. Die besten 16 Teilnehmer spielten anschlie\u00dfend im K.-o.-Modus den Turniersieg aus. Bereits in der Gruppenphase wurden einige starke Darts gespielt, doch im K.-o.-Modus wurde noch eine Schippe draufgelegt und es gab die eine oder andere \u00dcberraschung.<\/p><p>Im Halbfinale standen sich dann Norman J\u00fchlke und Fiete Lamp sowie Clemens W\u00f6hrl und Nico Sch\u00f6nhoff gegen\u00fcber. Beide Halbfinals gestalteten sich \u00fcberraschenderweise vom Ergebnis her eindeutig, sodass sich die beiden Zweitgenannten im Finale gegen\u00fcberstanden. Wir gratulieren an dieser Stelle Norman und Clemens zu einem starken dritten Platz.<\/p><p>Das Finale hie\u00df dann also: Fiete Lamp gegen Nico Sch\u00f6nhoff. Beide Spieler spielten an diesem Tag gro\u00df auf und standen vollkommen verdient im Finale. Dort legte Fiete dann aber noch einmal richtig nach, gewann das Finale mit 3:0 und einem Average von 72,7 Punkten. Wir gratulieren Fiete zum Turniersieg und Nico zu einem fantastischen zweiten Platz.<\/p><p>In der Rangliste \u00fcbernimmt Fiete also vor Nico, Norman und Clemens die F\u00fchrung.<\/p><p>Am 13. Februar 2026 begr\u00fc\u00dfen wir euch dann zum 2. Qualiturnier der H\u00f6hndorfer Turnierserie 2026.<\/p><img loading=\"lazy\" decoding=\"async\" src=\"https:\/\/xn--sus-hhndorf-gdersdorf-leci.de\/wp-content\/uploads\/2026\/01\/Kopie-von-Hoehndorfer-Turnierserie-2026-500x500.png\" alt=\"https:\/\/xn--sus-hhndorf-gdersdorf-leci.de\/wp-content\/uploads\/2026\/01\/Kopie-von-Hoehndorfer-Turnierserie-2026-500x500.png\" width=\"500\" height=\"500\" \/>\n\t<div class=\"fw-divider-space\" style=\"padding-top: 50px;\"><\/div>\n<\/div>\n<\/div>\n\n\t<\/div>\n<\/section>\n\n","protected":false},"excerpt":{"rendered":"<p>Am letzten Freitag war es so weit: Das 1. Qualiturnier der H\u00f6hndorfer Turnierserie 2026 stand an. Mit 36 von 36 Anmeldungen waren wir komplett ausgebucht. Gespielt wurde in 6 Gruppen \u00e0 6 Spielerinnen und Spielern unter der Turnierleitung von Fynn und Lars. Die besten 16 Teilnehmer spielten anschlie\u00dfend im K.-o.-Modus den Turniersieg aus. Bereits in [&hellip;]<\/p>\n","protected":false},"author":1,"featured_media":0,"parent":0,"menu_order":0,"comment_status":"closed","ping_status":"closed","template":"","meta":{"om_disable_all_campaigns":false,"_monsterinsights_skip_tracking":false,"_monsterinsights_sitenote_active":false,"_monsterinsights_sitenote_note":"","_monsterinsights_sitenote_category":0,"footnotes":""},"aioseo_notices":[],"_links":{"self":[{"href":"https:\/\/xn--sus-hhndorf-gdersdorf-leci.de\/index.php?rest_route=\/wp\/v2\/pages\/901"}],"collection":[{"href":"https:\/\/xn--sus-hhndorf-gdersdorf-leci.de\/index.php?rest_route=\/wp\/v2\/pages"}],"about":[{"href":"https:\/\/xn--sus-hhndorf-gdersdorf-leci.de\/index.php?rest_route=\/wp\/v2\/types\/page"}],"author":[{"embeddable":true,"href":"https:\/\/xn--sus-hhndorf-gdersdorf-leci.de\/index.php?rest_route=\/wp\/v2\/users\/1"}],"replies":[{"embeddable":true,"href":"https:\/\/xn--sus-hhndorf-gdersdorf-leci.de\/index.php?rest_route=%2Fwp%2Fv2%2Fcomments&post=901"}],"version-history":[{"count":3,"href":"https:\/\/xn--sus-hhndorf-gdersdorf-leci.de\/index.php?rest_route=\/wp\/v2\/pages\/901\/revisions"}],"predecessor-version":[{"id":907,"href":"https:\/\/xn--sus-hhndorf-gdersdorf-leci.de\/index.php?rest_route=\/wp\/v2\/pages\/901\/revisions\/907"}],"wp:attachment":[{"href":"https:\/\/xn--sus-hhndorf-gdersdorf-leci.de\/index.php?rest_route=%2Fwp%2Fv2%2Fmedia&parent=901"}],"curies":[{"name":"wp","href":"https:\/\/api.w.org\/{rel}","templated":true}]}}