{"id":888,"date":"2026-01-26T13:00:11","date_gmt":"2026-01-26T12:00:11","guid":{"rendered":"https:\/\/xn--sus-hhndorf-gdersdorf-leci.de\/?page_id=888"},"modified":"2026-01-26T13:00:12","modified_gmt":"2026-01-26T12:00:12","slug":"5-spieltag-hoehndorfer-bulls-eyes-2-bsg-redder-darts-i-814","status":"publish","type":"page","link":"https:\/\/xn--sus-hhndorf-gdersdorf-leci.de\/?page_id=888","title":{"rendered":"5. Spieltag H\u00f6hndorfer Bull`s Eyes 2 \u2013 BSG Redder Darts I 8:14"},"content":{"rendered":"<section class=\"fw-main-row \"  >\n\t<div class=\"fw-container\">\n\t\t<div class=\"fw-row\">\n\t<div class=\"fw-col-xs-12\">\n\t<p>Am 18. Januar 2026 empfingen wir die BSG Redder Darts aus Eutin zum Doppelspieltag bei uns in H\u00f6hndorf. Wir wollten endlich mal wieder einen Sieg einfahren. Doch wir starteten denkbar schlecht in die Partie. Im ersten Einzel- und Doppelblock gelang es uns nicht, einen Sieg einzufahren, sodass wir direkt die kalte Dusche hinnehmen mussten und mit 6:0 in R\u00fcckstand gerieten. Eine schlechte Anfangsphase zieht sich leider schon durch die gesamte Saison und um erfolgreich zu sein, m\u00fcssen wir das schnellstm\u00f6glich abstellen. Wir liefen also direkt wieder einem klaren R\u00fcckstand hinterher.<\/p><p>&nbsp;<\/p><p>Mit dem Motto \u201eschlimmer kann es nicht mehr werden\u201c kamen wir dann endlich richtig in der Partie an. Uns gelang es tats\u00e4chlich noch einmal, die Partie auf den Kopf zu stellen und auf 7:7 auszugleichen. Doch wie es leider so oft im Sport ist, kommt dann der schwierigste Schritt: nicht nachzulassen und den Spielverlauf komplett zu drehen. Nach dem Ausgleich lie\u00dfen wir leider wieder abrei\u00dfen und gewannen nur noch eine Partie aus den letzten sieben Spielen, sodass wir uns am Ende mit 8:14 geschlagen geben mussten.<\/p><p>&nbsp;<\/p><p>Das ist eine wirklich sehr bittere Niederlage f\u00fcr uns, da wir das Spiel direkt am Anfang aus der Hand gegeben haben, dann tats\u00e4chlich noch einmal wieder herangekommen sind, uns am Ende aber nicht daf\u00fcr belohnt haben. Wir machen trotzdem weiter!<\/p>\n\t<div class=\"fw-divider-space\" style=\"padding-top: 50px;\"><\/div>\n<\/div>\n<\/div>\n\n\t<\/div>\n<\/section>\n\n","protected":false},"excerpt":{"rendered":"<p>Am 18. Januar 2026 empfingen wir die BSG Redder Darts aus Eutin zum Doppelspieltag bei uns in H\u00f6hndorf. Wir wollten endlich mal wieder einen Sieg einfahren. Doch wir starteten denkbar schlecht in die Partie. Im ersten Einzel- und Doppelblock gelang es uns nicht, einen Sieg einzufahren, sodass wir direkt die kalte Dusche hinnehmen mussten und [&hellip;]<\/p>\n","protected":false},"author":1,"featured_media":0,"parent":0,"menu_order":0,"comment_status":"closed","ping_status":"closed","template":"","meta":{"om_disable_all_campaigns":false,"_monsterinsights_skip_tracking":false,"_monsterinsights_sitenote_active":false,"_monsterinsights_sitenote_note":"","_monsterinsights_sitenote_category":0,"footnotes":""},"aioseo_notices":[],"_links":{"self":[{"href":"https:\/\/xn--sus-hhndorf-gdersdorf-leci.de\/index.php?rest_route=\/wp\/v2\/pages\/888"}],"collection":[{"href":"https:\/\/xn--sus-hhndorf-gdersdorf-leci.de\/index.php?rest_route=\/wp\/v2\/pages"}],"about":[{"href":"https:\/\/xn--sus-hhndorf-gdersdorf-leci.de\/index.php?rest_route=\/wp\/v2\/types\/page"}],"author":[{"embeddable":true,"href":"https:\/\/xn--sus-hhndorf-gdersdorf-leci.de\/index.php?rest_route=\/wp\/v2\/users\/1"}],"replies":[{"embeddable":true,"href":"https:\/\/xn--sus-hhndorf-gdersdorf-leci.de\/index.php?rest_route=%2Fwp%2Fv2%2Fcomments&post=888"}],"version-history":[{"count":2,"href":"https:\/\/xn--sus-hhndorf-gdersdorf-leci.de\/index.php?rest_route=\/wp\/v2\/pages\/888\/revisions"}],"predecessor-version":[{"id":890,"href":"https:\/\/xn--sus-hhndorf-gdersdorf-leci.de\/index.php?rest_route=\/wp\/v2\/pages\/888\/revisions\/890"}],"wp:attachment":[{"href":"https:\/\/xn--sus-hhndorf-gdersdorf-leci.de\/index.php?rest_route=%2Fwp%2Fv2%2Fmedia&parent=888"}],"curies":[{"name":"wp","href":"https:\/\/api.w.org\/{rel}","templated":true}]}}