{"id":884,"date":"2026-01-26T12:47:16","date_gmt":"2026-01-26T11:47:16","guid":{"rendered":"https:\/\/xn--sus-hhndorf-gdersdorf-leci.de\/?page_id=884"},"modified":"2026-01-26T12:47:17","modified_gmt":"2026-01-26T11:47:17","slug":"4-spieltag-schoenberger-180s-bannanas-hoehndorfer-bulls-eyes-2-i-1210","status":"publish","type":"page","link":"https:\/\/xn--sus-hhndorf-gdersdorf-leci.de\/?page_id=884","title":{"rendered":"4. Spieltag Sch\u00f6nberger 180`s \u2013 Bannanas &#8211; H\u00f6hndorfer Bull`s Eyes 2 I 12:10"},"content":{"rendered":"<section class=\"fw-main-row \"  >\n\t<div class=\"fw-container\">\n\t\t<div class=\"fw-row\">\n\t<div class=\"fw-col-xs-12\">\n\t<p>Zum Jahresauftakt stand f\u00fcr uns direkt ein Derby auf dem Programm. Wir reisten am 04. Januar 2025<\/p><p>am 18. Januar zum Doppelheimspieltag die BSG Redder Darts bei uns in H\u00f6hndorf.<\/p><p>Zum Jahresauftakt stand f\u00fcr uns direkt ein Derby auf dem Programm. Wir reisten am 04. Januar 2025 nach Sch\u00f6nberg. Wir wussten von Anfang an, dass es f\u00fcr uns kein einfaches Spiel werden w\u00fcrde, da unsere Freunde aus Sch\u00f6nberg sich noch einmal gut verst\u00e4rkt hatten. Trotzdem sahen wir eine Chance und wollten unbedingt den Derbysieg.<\/p><p>&nbsp;<\/p><p>Wir starteten dieses Mal besser in die Partie und konnten im ersten Einzel- und Doppelblock das Spiel offen gestalten. Bis dahin stand es 3:3. Im n\u00e4chsten Einzelblock gerieten wir dann jedoch mit 6:4 in R\u00fcckstand. Diesen R\u00fcckstand konnten wir durch zwei Siege im Doppel direkt wieder ausgleichen. Leider gelang es der Heimmannschaft anschlie\u00dfend, sich im n\u00e4chsten Einzelblock wieder mit 9:7 abzusetzen.<\/p><p>&nbsp;<\/p><p>Am Ende wurde es noch einmal dramatisch. Wir kamen bis auf 10:10 heran. Die letzten beiden Einzelspiele sollten nun also \u00fcber Sieg, Niederlage oder Teamgame entscheiden. F\u00fcr uns trat dann leider die bitterste Option ein: Wir mussten uns am Ende mit 12:10 geschlagen geben.<\/p><p>&nbsp;<\/p><p>Trotz der Niederlage k\u00f6nnen wir jedoch viel Positives aus der Begegnung mitnehmen. Solche Niederlagen waren vor der Saison eingeplant, da wir in der zweiten Mannschaft jedem auch gerne Spielzeit gew\u00e4hren m\u00f6chten. Unser Ziel muss es dennoch sein, auch solche Spiele erfolgreich zu bestreiten.<\/p><p>&nbsp;<\/p><p>Wir machen weiter und empfangen am 18. Januar zum Doppelheimspieltag die BSG Redder Darts bei uns in H\u00f6hndorf.<\/p><p>&nbsp;<\/p><p>Bestleistungen:<\/p><p>Mario Heisterkamp\u00a0\u00a0\u00a0\u00a0\u00a0\u00a0\u00a0 Highscore\u00a0\u00a0\u00a0\u00a0\u00a0\u00a0\u00a0\u00a0\u00a0\u00a0 180\u00a0\u00a0\u00a0\u00a0\u00a0\u00a0\u00a0\u00a0 1<\/p><p>Mario Heisterkamp\u00a0\u00a0\u00a0\u00a0\u00a0\u00a0\u00a0 Highscore\u00a0\u00a0\u00a0\u00a0\u00a0\u00a0\u00a0\u00a0\u00a0\u00a0 174\u00a0\u00a0\u00a0\u00a0\u00a0\u00a0\u00a0\u00a0 1<\/p><p>&nbsp;<\/p>\n\t<div class=\"fw-divider-space\" style=\"padding-top: 50px;\"><\/div>\n<\/div>\n<\/div>\n\n\t<\/div>\n<\/section>\n\n","protected":false},"excerpt":{"rendered":"<p>Zum Jahresauftakt stand f\u00fcr uns direkt ein Derby auf dem Programm. Wir reisten am 04. Januar 2025am 18. Januar zum Doppelheimspieltag die BSG Redder Darts bei uns in H\u00f6hndorf.Zum Jahresauftakt stand f\u00fcr uns direkt ein Derby auf dem Programm. Wir reisten am 04. Januar 2025 nach Sch\u00f6nberg. Wir wussten von Anfang an, dass es f\u00fcr [&hellip;]<\/p>\n","protected":false},"author":1,"featured_media":0,"parent":0,"menu_order":0,"comment_status":"closed","ping_status":"closed","template":"","meta":{"om_disable_all_campaigns":false,"_monsterinsights_skip_tracking":false,"_monsterinsights_sitenote_active":false,"_monsterinsights_sitenote_note":"","_monsterinsights_sitenote_category":0,"footnotes":""},"aioseo_notices":[],"_links":{"self":[{"href":"https:\/\/xn--sus-hhndorf-gdersdorf-leci.de\/index.php?rest_route=\/wp\/v2\/pages\/884"}],"collection":[{"href":"https:\/\/xn--sus-hhndorf-gdersdorf-leci.de\/index.php?rest_route=\/wp\/v2\/pages"}],"about":[{"href":"https:\/\/xn--sus-hhndorf-gdersdorf-leci.de\/index.php?rest_route=\/wp\/v2\/types\/page"}],"author":[{"embeddable":true,"href":"https:\/\/xn--sus-hhndorf-gdersdorf-leci.de\/index.php?rest_route=\/wp\/v2\/users\/1"}],"replies":[{"embeddable":true,"href":"https:\/\/xn--sus-hhndorf-gdersdorf-leci.de\/index.php?rest_route=%2Fwp%2Fv2%2Fcomments&post=884"}],"version-history":[{"count":2,"href":"https:\/\/xn--sus-hhndorf-gdersdorf-leci.de\/index.php?rest_route=\/wp\/v2\/pages\/884\/revisions"}],"predecessor-version":[{"id":886,"href":"https:\/\/xn--sus-hhndorf-gdersdorf-leci.de\/index.php?rest_route=\/wp\/v2\/pages\/884\/revisions\/886"}],"wp:attachment":[{"href":"https:\/\/xn--sus-hhndorf-gdersdorf-leci.de\/index.php?rest_route=%2Fwp%2Fv2%2Fmedia&parent=884"}],"curies":[{"name":"wp","href":"https:\/\/api.w.org\/{rel}","templated":true}]}}