{"id":876,"date":"2026-01-26T12:18:16","date_gmt":"2026-01-26T11:18:16","guid":{"rendered":"https:\/\/xn--sus-hhndorf-gdersdorf-leci.de\/?page_id=876"},"modified":"2026-01-26T13:03:37","modified_gmt":"2026-01-26T12:03:37","slug":"4-spieltag-nortorfer-dartsportverein-1-flying-huersch-1-hoehndorfer-bulls-eyes-i-166","status":"publish","type":"page","link":"https:\/\/xn--sus-hhndorf-gdersdorf-leci.de\/?page_id=876","title":{"rendered":"4. Spieltag Nortorfer Dartsportverein 1 \u2013 Flying H\u00fcrsch 1 \u2013 H\u00f6hndorfer Bull`s Eyes I 16:6"},"content":{"rendered":"<section class=\"fw-main-row \"  >\n\t<div class=\"fw-container\">\n\t\t<div class=\"fw-row\">\n\t<div class=\"fw-col-xs-12\">\n\t<p>Am 04. Januar 2026 stand f\u00fcr uns zum Jahresauftakt direkt ein Spitzenspiel auf dem Programm. Wir reisten zum Tabellenersten nach Nortorf. Auch wenn wir bis dahin noch ohne Punktverlust dastanden, gingen wir trotzdem als Au\u00dfenseiter in die Partie. Den ersten Block konnten wir noch ausgeglichen gestalten, sodass es anf\u00e4nglich 2:2 stand. Doch dann konnten wir das Tempo der Heimmannschaft leider nicht mehr ganz mitgehen und mussten einen hohen R\u00fcckstand hinnehmen. Aus den n\u00e4chsten zw\u00f6lf Partien konnten wir leider nur zwei Spiele erfolgreich bestreiten, sodass wir nach dem dritten Einzelblock bereits mit 12:4 hinten lagen und zu diesem Zeitpunkt schon klar war, dass wir das Topspiel verlieren w\u00fcrden. Im weiteren Spielverlauf konnten wir noch zwei weitere Spiele gewinnen, sodass wir uns am Ende deutlich mit 16:6 geschlagen geben mussten.<\/p><p>&nbsp;<\/p><p>Wir stecken die K\u00f6pfe aber nicht in den Sand, sondern versuchen weiterhin, Punkte zu holen. Im R\u00fcckspiel werden wir alles geben, um Nortorf zuhause gef\u00e4hrlich zu werden.<\/p><p>&nbsp;<\/p><p>Als N\u00e4chstes steht f\u00fcr uns ein Doppelheimspieltag am 18. Januar 2026 an, an dem wir den Kieler MTV 3 empfangen werden.<\/p><p>&nbsp;<\/p><p>Bestleistungen:<\/p><p>Fynn Metzdorf\u00a0 \u00a0 \u00a0 \u00a0 \u00a0 \u00a0 \u00a0 \u00a0 \u00a0Shortgame\u00a0\u00a0\u00a0\u00a0\u00a0\u00a0\u00a0\u00a0 18\u00a0\u00a0\u00a0\u00a0\u00a0\u00a0\u00a0\u00a0\u00a0\u00a0 1<\/p><p>Nils Stoltenberg\u00a0\u00a0\u00a0\u00a0\u00a0\u00a0\u00a0\u00a0\u00a0\u00a0\u00a0\u00a0\u00a0\u00a0 Shortgame\u00a0\u00a0\u00a0\u00a0\u00a0\u00a0\u00a0\u00a0 18\u00a0\u00a0\u00a0\u00a0\u00a0\u00a0\u00a0\u00a0\u00a0\u00a0 1<\/p><p>Nils Stoltenberg\u00a0\u00a0\u00a0\u00a0\u00a0\u00a0\u00a0\u00a0\u00a0\u00a0\u00a0\u00a0\u00a0\u00a0 Shortgame\u00a0\u00a0\u00a0\u00a0\u00a0\u00a0\u00a0\u00a0 17\u00a0\u00a0\u00a0\u00a0\u00a0\u00a0\u00a0\u00a0\u00a0\u00a0 1<\/p>\n\t<div class=\"fw-divider-space\" style=\"padding-top: 50px;\"><\/div>\n<\/div>\n<\/div>\n\n\t<\/div>\n<\/section>\n\n","protected":false},"excerpt":{"rendered":"<p>Am 04. Januar 2026 stand f\u00fcr uns zum Jahresauftakt direkt ein Spitzenspiel auf dem Programm. Wir reisten zum Tabellenersten nach Nortorf. Auch wenn wir bis dahin noch ohne Punktverlust dastanden, gingen wir trotzdem als Au\u00dfenseiter in die Partie. Den ersten Block konnten wir noch ausgeglichen gestalten, sodass es anf\u00e4nglich 2:2 stand. Doch dann konnten wir [&hellip;]<\/p>\n","protected":false},"author":1,"featured_media":0,"parent":0,"menu_order":0,"comment_status":"closed","ping_status":"closed","template":"","meta":{"om_disable_all_campaigns":false,"_monsterinsights_skip_tracking":false,"_monsterinsights_sitenote_active":false,"_monsterinsights_sitenote_note":"","_monsterinsights_sitenote_category":0,"footnotes":""},"aioseo_notices":[],"_links":{"self":[{"href":"https:\/\/xn--sus-hhndorf-gdersdorf-leci.de\/index.php?rest_route=\/wp\/v2\/pages\/876"}],"collection":[{"href":"https:\/\/xn--sus-hhndorf-gdersdorf-leci.de\/index.php?rest_route=\/wp\/v2\/pages"}],"about":[{"href":"https:\/\/xn--sus-hhndorf-gdersdorf-leci.de\/index.php?rest_route=\/wp\/v2\/types\/page"}],"author":[{"embeddable":true,"href":"https:\/\/xn--sus-hhndorf-gdersdorf-leci.de\/index.php?rest_route=\/wp\/v2\/users\/1"}],"replies":[{"embeddable":true,"href":"https:\/\/xn--sus-hhndorf-gdersdorf-leci.de\/index.php?rest_route=%2Fwp%2Fv2%2Fcomments&post=876"}],"version-history":[{"count":3,"href":"https:\/\/xn--sus-hhndorf-gdersdorf-leci.de\/index.php?rest_route=\/wp\/v2\/pages\/876\/revisions"}],"predecessor-version":[{"id":892,"href":"https:\/\/xn--sus-hhndorf-gdersdorf-leci.de\/index.php?rest_route=\/wp\/v2\/pages\/876\/revisions\/892"}],"wp:attachment":[{"href":"https:\/\/xn--sus-hhndorf-gdersdorf-leci.de\/index.php?rest_route=%2Fwp%2Fv2%2Fmedia&parent=876"}],"curies":[{"name":"wp","href":"https:\/\/api.w.org\/{rel}","templated":true}]}}