{"id":864,"date":"2025-12-12T14:12:18","date_gmt":"2025-12-12T13:12:18","guid":{"rendered":"https:\/\/xn--sus-hhndorf-gdersdorf-leci.de\/?page_id=864"},"modified":"2025-12-12T14:12:18","modified_gmt":"2025-12-12T13:12:18","slug":"3-spieltag-dobersdorfer-sv-2-hoehndorfer-bulls-eyes-2-i-1211","status":"publish","type":"page","link":"https:\/\/xn--sus-hhndorf-gdersdorf-leci.de\/?page_id=864","title":{"rendered":"3. Spieltag Dobersdorfer SV 2 \u2013 H\u00f6hndorfer Bull`s Eyes 2 I 12:11"},"content":{"rendered":"<section class=\"fw-main-row \"  >\n\t<div class=\"fw-container\">\n\t\t<div class=\"fw-row\">\n\t<div class=\"fw-col-xs-12\">\n\t<p>Am 30.11.2025 stand f\u00fcr unsere Zweitvertretung ein Derby bei unseren Freunden aus Dobersdorf auf dem Spielplan. Wir nahmen uns viel vor und wollten endlich unseren ersten Saisonsieg (ohne ein Teamgame) einfahren. Wir erwischten jedoch einen miserablen Start in die Partie und konnten aus den ersten sechs Spielen nur eins erfolgreich bestreiten, sodass wir direkt mit 1:5 in R\u00fcckstand gerieten. Von nun an hatten wir nat\u00fcrlich nur noch ein Ziel: ein Comeback zu schaffen. Im n\u00e4chsten Einzelblock konnten wir dann drei von vier Partien erfolgreich bestreiten. Das brachte uns jedoch nur bedingt etwas, da wir die anschlie\u00dfenden Doppel beide verloren. Vor den letzten sechs Spielen lagen wir mit 6:10 zur\u00fcck. Wir standen also mit dem R\u00fccken zur Wand. Dobersdorf ben\u00f6tigte nur noch zwei Siege zum Gesamtsieg und einen Sieg zum Unentschieden, was wiederum erneut ein Teamgame bedeutet h\u00e4tte. Sechs Spiele standen noch aus. Wir hatten theoretisch also noch eine Chance auf den Gesamtsieg, wenn wir alle verbleibenden Spiele erfolgreich bestreiten w\u00fcrden.<\/p><p>&nbsp;<\/p><p>Es wirkte so, als w\u00fcrden wir keinen Druck mehr sp\u00fcren und Dobersdorf pl\u00f6tzlich das Gef\u00fchl bekommen, noch etwas verlieren zu k\u00f6nnen. So konnten wir tats\u00e4chlich die n\u00e4chsten vier Spiele gewinnen und glichen damit pl\u00f6tzlich wieder aus. Es stand 10:10. Es war also wieder alles m\u00f6glich! In der Folge entschied ein Wurf auf Bull dar\u00fcber, dass wir mit 11:11 ins Teamgame gehen sollten.<\/p><p>&nbsp;<\/p><p>Auch dort war es verdammt spannend. Am Ende jedoch m\u00fcssen wir uns mit 2:1 geschlagen geben und unterliegen Dobersdorf somit mit 12:11. Wir k\u00f6nnen trotzdem auf unsere Leistung stolz sein, dass wir noch einmal so zur\u00fcckgekommen sind. Wir freuen uns jetzt schon auf das R\u00fcckspiel, bei dem wir dann hoffentlich einen besseren Start in die Partie hinlegen k\u00f6nnen!<\/p><p>&nbsp;<\/p><p>Vorher sind wir aber am 04.01.2026 zum Jahresauftakt bei unseren Freunden aus Sch\u00f6nberg zu Gast. Dann hei\u00dft es erneut: Derbytime!<\/p><p>&nbsp;<\/p><p>Bestleistungen:<\/p><p>\/<\/p><\/div>\n<\/div>\n\n\t<\/div>\n<\/section>\n\n","protected":false},"excerpt":{"rendered":"<p>Am 30.11.2025 stand f\u00fcr unsere Zweitvertretung ein Derby bei unseren Freunden aus Dobersdorf auf dem Spielplan. Wir nahmen uns viel vor und wollten endlich unseren ersten Saisonsieg (ohne ein Teamgame) einfahren. Wir erwischten jedoch einen miserablen Start in die Partie und konnten aus den ersten sechs Spielen nur eins erfolgreich bestreiten, sodass wir direkt mit [&hellip;]<\/p>\n","protected":false},"author":1,"featured_media":0,"parent":0,"menu_order":0,"comment_status":"closed","ping_status":"closed","template":"","meta":{"om_disable_all_campaigns":false,"_monsterinsights_skip_tracking":false,"_monsterinsights_sitenote_active":false,"_monsterinsights_sitenote_note":"","_monsterinsights_sitenote_category":0,"footnotes":""},"aioseo_notices":[],"_links":{"self":[{"href":"https:\/\/xn--sus-hhndorf-gdersdorf-leci.de\/index.php?rest_route=\/wp\/v2\/pages\/864"}],"collection":[{"href":"https:\/\/xn--sus-hhndorf-gdersdorf-leci.de\/index.php?rest_route=\/wp\/v2\/pages"}],"about":[{"href":"https:\/\/xn--sus-hhndorf-gdersdorf-leci.de\/index.php?rest_route=\/wp\/v2\/types\/page"}],"author":[{"embeddable":true,"href":"https:\/\/xn--sus-hhndorf-gdersdorf-leci.de\/index.php?rest_route=\/wp\/v2\/users\/1"}],"replies":[{"embeddable":true,"href":"https:\/\/xn--sus-hhndorf-gdersdorf-leci.de\/index.php?rest_route=%2Fwp%2Fv2%2Fcomments&post=864"}],"version-history":[{"count":2,"href":"https:\/\/xn--sus-hhndorf-gdersdorf-leci.de\/index.php?rest_route=\/wp\/v2\/pages\/864\/revisions"}],"predecessor-version":[{"id":866,"href":"https:\/\/xn--sus-hhndorf-gdersdorf-leci.de\/index.php?rest_route=\/wp\/v2\/pages\/864\/revisions\/866"}],"wp:attachment":[{"href":"https:\/\/xn--sus-hhndorf-gdersdorf-leci.de\/index.php?rest_route=%2Fwp%2Fv2%2Fmedia&parent=864"}],"curies":[{"name":"wp","href":"https:\/\/api.w.org\/{rel}","templated":true}]}}