{"id":859,"date":"2025-12-12T13:53:45","date_gmt":"2025-12-12T12:53:45","guid":{"rendered":"https:\/\/xn--sus-hhndorf-gdersdorf-leci.de\/?page_id=859"},"modified":"2025-12-12T13:56:44","modified_gmt":"2025-12-12T12:56:44","slug":"3-spieltag-sg-nordlicht-hoehndorfer-bulls-eyes-i-517","status":"publish","type":"page","link":"https:\/\/xn--sus-hhndorf-gdersdorf-leci.de\/?page_id=859","title":{"rendered":"3. Spieltag SG Nordlicht \u2013 H\u00f6hndorfer Bull`s Eyes I 5:17"},"content":{"rendered":"<section class=\"fw-main-row \"  >\n\t<div class=\"fw-container\">\n\t\t<div class=\"fw-row\">\n\t<div class=\"fw-col-xs-12\">\n\t<p>Am 30.11.2025 waren unsere H\u00f6hndorfer Bull\u2019s Eyes ausw\u00e4rts beim Tabellenschlusslicht SG Nordlicht zu Gast. Nach zwei Siegen zum Saisonstart war klar, dass wir der Favorit in dieser Begegnung waren. Dieser Rolle konnten wir auch von Beginn an gerecht werden. Direkt im ersten Block erspielten wir uns eine 4:2-F\u00fchrung. Auch im weiteren Spielverlauf lie\u00dfen wir zu keiner Zeit etwas anbrennen. Zur H\u00e4lfte der Partie f\u00fchrten wir bereits mit 8:3.<\/p><p>&nbsp;<\/p><p>Auch in der zweiten H\u00e4lfte der Partie dominierten wir unsere Gegner und fuhren bereits nach 18 Spielen den Sieg ein. Trotz des bereits feststehenden Ausw\u00e4rtssieges lie\u00dfen wir nicht nach und gewannen zum Ende der Partie noch alle vier Einzel, sodass wir am Ende einen hochverdienten 17:5-Ausw\u00e4rtssieg feiern konnten.<\/p><p>&nbsp;<\/p><p>Mit nun drei Siegen aus drei Spielen belegen wir aktuell den zweiten Tabellenplatz und reisen zum Jahresauftakt am 04.01.2026 direkt zum Spitzenspiel nach Nortorf zum aktuellen Tabellenf\u00fchrer.<\/p><p>&nbsp;<\/p><p>Bestleistungen:<\/p><p>Aaron Ulrich\u00a0\u00a0\u00a0\u00a0\u00a0 Highfinish 104\u00a0\u00a0 1<\/p><p>Aaron Ulrich\u00a0 \u00a0 \u00a0 \u00a0 \u00a0 \u00a0 \u00a0 \u00a0Highscore 180\u00a0\u00a0 1<\/p><p>Fynn Metzdorf\u00a0 \u00a0 \u00a0 \u00a0 \u00a0 \u00a0Highfinish 105\u00a0\u00a0 1<\/p><p>Fynn Metzdorf\u00a0 \u00a0 \u00a0 \u00a0 \u00a0 \u00a0Highscore 180\u00a0\u00a0 2<\/p><p>Lars Tennert\u00a0 \u00a0 \u00a0 \u00a0 \u00a0 \u00a0 \u00a0 Shortgame 18\u00a0\u00a0 1<\/p><p>Nils Stoltenberg\u00a0 \u00a0 \u00a0 \u00a0 \u00a0Highscore 180 1<\/p><\/div>\n<\/div>\n\n\t<\/div>\n<\/section>\n\n","protected":false},"excerpt":{"rendered":"<p>Am 30.11.2025 waren unsere H\u00f6hndorfer Bull\u2019s Eyes ausw\u00e4rts beim Tabellenschlusslicht SG Nordlicht zu Gast. Nach zwei Siegen zum Saisonstart war klar, dass wir der Favorit in dieser Begegnung waren. Dieser Rolle konnten wir auch von Beginn an gerecht werden. Direkt im ersten Block erspielten wir uns eine 4:2-F\u00fchrung. Auch im weiteren Spielverlauf lie\u00dfen wir zu [&hellip;]<\/p>\n","protected":false},"author":1,"featured_media":0,"parent":0,"menu_order":0,"comment_status":"closed","ping_status":"closed","template":"","meta":{"om_disable_all_campaigns":false,"_monsterinsights_skip_tracking":false,"_monsterinsights_sitenote_active":false,"_monsterinsights_sitenote_note":"","_monsterinsights_sitenote_category":0,"footnotes":""},"aioseo_notices":[],"_links":{"self":[{"href":"https:\/\/xn--sus-hhndorf-gdersdorf-leci.de\/index.php?rest_route=\/wp\/v2\/pages\/859"}],"collection":[{"href":"https:\/\/xn--sus-hhndorf-gdersdorf-leci.de\/index.php?rest_route=\/wp\/v2\/pages"}],"about":[{"href":"https:\/\/xn--sus-hhndorf-gdersdorf-leci.de\/index.php?rest_route=\/wp\/v2\/types\/page"}],"author":[{"embeddable":true,"href":"https:\/\/xn--sus-hhndorf-gdersdorf-leci.de\/index.php?rest_route=\/wp\/v2\/users\/1"}],"replies":[{"embeddable":true,"href":"https:\/\/xn--sus-hhndorf-gdersdorf-leci.de\/index.php?rest_route=%2Fwp%2Fv2%2Fcomments&post=859"}],"version-history":[{"count":3,"href":"https:\/\/xn--sus-hhndorf-gdersdorf-leci.de\/index.php?rest_route=\/wp\/v2\/pages\/859\/revisions"}],"predecessor-version":[{"id":862,"href":"https:\/\/xn--sus-hhndorf-gdersdorf-leci.de\/index.php?rest_route=\/wp\/v2\/pages\/859\/revisions\/862"}],"wp:attachment":[{"href":"https:\/\/xn--sus-hhndorf-gdersdorf-leci.de\/index.php?rest_route=%2Fwp%2Fv2%2Fmedia&parent=859"}],"curies":[{"name":"wp","href":"https:\/\/api.w.org\/{rel}","templated":true}]}}