{"id":832,"date":"2025-11-25T12:22:18","date_gmt":"2025-11-25T11:22:18","guid":{"rendered":"https:\/\/xn--sus-hhndorf-gdersdorf-leci.de\/?page_id=832"},"modified":"2025-11-25T12:25:09","modified_gmt":"2025-11-25T11:25:09","slug":"3-steeldartturnier-2025","status":"publish","type":"page","link":"https:\/\/xn--sus-hhndorf-gdersdorf-leci.de\/?page_id=832","title":{"rendered":"3. Steeldartturnier 2025 H\u00f6hndorfer Bull\u2019s Eyes"},"content":{"rendered":"<section class=\"fw-main-row \"  >\n\t<div class=\"fw-container\">\n\t\t<div class=\"fw-row\">\n\t<div class=\"fw-col-xs-12\">\n\t<p><span style=\"font-family: 'Arial',sans-serif;\">Am vergangenen Freitag fand erneut ein Dartturnier bei uns in H\u00f6hndorf statt. Bereits kurz nach der Ausschreibung waren alle Pl\u00e4tze belegt, sodass wir die Teilnehmerzahl noch einmal erh\u00f6ht und eine weitere Boardanlage angeschafft haben. Dadurch konnten insgesamt 48 Dartbegeisterte am Turnier teilnehmen. Gespielt wurde in 8 Gruppen \u00e0 6 Spielern an 7 Boards.<\/span><\/p><p data-start=\"568\" data-end=\"1027\"><span style=\"font-family: 'Arial',sans-serif;\">Schon in der Gruppenphase gab es erste Highlights. Nachdem diese abgeschlossen war, ging es in die K.-o.-Phase. Die ersten vier Spieler jeder Gruppe qualifizierten sich f\u00fcr das A-Feld, alle anderen Teilnehmer spielten das B-Feld aus. Das B-Feld wurde durch einen kurzen Modus z\u00fcgig ausgespielt. Im Finale standen sich dort Torge Na\u00df und Bj\u00f6rn Ober gegen\u00fcber. Mit 3:1 konnte Bj\u00f6rn Ober das Spiel f\u00fcr sich entscheiden und sicherte sich damit den Sieg im B-Feld.<\/span><\/p><p data-start=\"1029\" data-end=\"1417\"><span style=\"font-family: 'Arial',sans-serif;\">Im A-Feld wurde der Modus etwas verl\u00e4ngert. Sp\u00e4testens ab dem Viertelfinale sahen wir \u00e4u\u00dferst knappe Begegnungen, teilweise mit Matchdarts auf beiden Seiten. Im Halbfinale trafen Christoph Mayer auf Lutz Rad\u00fcnzel sowie Steven Schaumann auf Fiete Lamp. Das bessere Ende hatten jeweils die zweitgenannten Spieler. Wir gratulieren daher Steven und Christoph zu einem geteilten dritten Platz.<\/span><\/p><p data-start=\"1419\" data-end=\"1836\"><span style=\"font-family: 'Arial',sans-serif;\">Das Finale zwischen Fiete und Lutz war von hoher Spannung gepr\u00e4gt. Beide Spieler erzielten konstant einen Average von \u00fcber 60 Punkten, sodass das Match folgerichtig in den Decider ging. Am Ende gewann Lutz knapp mit 5:4, sicherte sich damit den Turniersieg und holte den zweiten Erfolg nach Dobersdorf. Herzlichen Gl\u00fcckwunsch an Fiete zu einem starken zweiten Platz und herzlichen Gl\u00fcckwunsch an Lutz zum Turniersieg!<\/span><\/p><p data-start=\"1838\" data-end=\"2010\"><span style=\"font-family: 'Arial',sans-serif;\">Vielen Dank an alle Teilnehmer und Zuschauer. Ein besonderes Dankesch\u00f6n geht au\u00dferdem an die K\u00fcchencrew um Marita, Klaus, Nina und Urte! Vielen Dank f\u00fcr eure Unterst\u00fctzung.<\/span><\/p><\/div>\n<\/div>\n\n<div class=\"fw-row\">\n\t<div class=\"fw-col-xs-12\">\n\t<img loading=\"lazy\" decoding=\"async\" src=\"https:\/\/xn--sus-hhndorf-gdersdorf-leci.de\/wp-content\/uploads\/2025\/11\/3.-Steeldartturnier-2025-1-500x500.png\" alt=\"https:\/\/xn--sus-hhndorf-gdersdorf-leci.de\/wp-content\/uploads\/2025\/11\/3.-Steeldartturnier-2025-1-500x500.png\" width=\"500\" height=\"500\" \/><\/div>\n<\/div>\n\n<div class=\"fw-row\">\n\t<div class=\"fw-col-xs-12\">\n\t\n\t<div class=\"fw-divider-space\" style=\"padding-top: 50px;\"><\/div>\n<\/div>\n<\/div>\n\n\t<\/div>\n<\/section>\n\n","protected":false},"excerpt":{"rendered":"<p>Am vergangenen Freitag fand erneut ein Dartturnier bei uns in H\u00f6hndorf statt. Bereits kurz nach der Ausschreibung waren alle Pl\u00e4tze belegt, sodass wir die Teilnehmerzahl noch einmal erh\u00f6ht und eine weitere Boardanlage angeschafft haben. Dadurch konnten insgesamt 48 Dartbegeisterte am Turnier teilnehmen. Gespielt wurde in 8 Gruppen \u00e0 6 Spielern an 7 Boards.Schon in der [&hellip;]<\/p>\n","protected":false},"author":1,"featured_media":0,"parent":0,"menu_order":0,"comment_status":"closed","ping_status":"closed","template":"","meta":{"om_disable_all_campaigns":false,"_monsterinsights_skip_tracking":false,"_monsterinsights_sitenote_active":false,"_monsterinsights_sitenote_note":"","_monsterinsights_sitenote_category":0,"footnotes":""},"aioseo_notices":[],"_links":{"self":[{"href":"https:\/\/xn--sus-hhndorf-gdersdorf-leci.de\/index.php?rest_route=\/wp\/v2\/pages\/832"}],"collection":[{"href":"https:\/\/xn--sus-hhndorf-gdersdorf-leci.de\/index.php?rest_route=\/wp\/v2\/pages"}],"about":[{"href":"https:\/\/xn--sus-hhndorf-gdersdorf-leci.de\/index.php?rest_route=\/wp\/v2\/types\/page"}],"author":[{"embeddable":true,"href":"https:\/\/xn--sus-hhndorf-gdersdorf-leci.de\/index.php?rest_route=\/wp\/v2\/users\/1"}],"replies":[{"embeddable":true,"href":"https:\/\/xn--sus-hhndorf-gdersdorf-leci.de\/index.php?rest_route=%2Fwp%2Fv2%2Fcomments&post=832"}],"version-history":[{"count":3,"href":"https:\/\/xn--sus-hhndorf-gdersdorf-leci.de\/index.php?rest_route=\/wp\/v2\/pages\/832\/revisions"}],"predecessor-version":[{"id":837,"href":"https:\/\/xn--sus-hhndorf-gdersdorf-leci.de\/index.php?rest_route=\/wp\/v2\/pages\/832\/revisions\/837"}],"wp:attachment":[{"href":"https:\/\/xn--sus-hhndorf-gdersdorf-leci.de\/index.php?rest_route=%2Fwp%2Fv2%2Fmedia&parent=832"}],"curies":[{"name":"wp","href":"https:\/\/api.w.org\/{rel}","templated":true}]}}