{"id":782,"date":"2025-10-20T18:56:34","date_gmt":"2025-10-20T16:56:34","guid":{"rendered":"https:\/\/xn--sus-hhndorf-gdersdorf-leci.de\/?page_id=782"},"modified":"2025-10-20T18:56:35","modified_gmt":"2025-10-20T16:56:35","slug":"2-spieltag-hoehndorfer-bulls-eyes-2-sc-kellenhusen-kellefornia-woodpeckers-i-220","status":"publish","type":"page","link":"https:\/\/xn--sus-hhndorf-gdersdorf-leci.de\/?page_id=782","title":{"rendered":"2. Spieltag  H\u00f6hndorfer Bull`s Eyes 2 &#8211; SC Kellenhusen &#8211; Kellefornia Woodpeckers I 2:20"},"content":{"rendered":"<section class=\"fw-main-row \"  >\n\t<div class=\"fw-container\">\n\t\t<div class=\"fw-row\">\n\t<div class=\"fw-col-xs-12\">\n\t<p>Am 12.10.2025 fand der 2. Spieltag der Kreisklasse Ostk\u00fcste statt. Zum ersten Doppelspieltag empfingen wir in H\u00f6hndorf die SC Kellenhusen \u2013 Kelefornia Woodpeckers.<\/p><p data-start=\"385\" data-end=\"641\">Nach unserem Auftaktsieg in Hohwacht wollten wir den n\u00e4chsten Schritt machen \u2013 uns war aber bewusst, dass mit den Kelefornia Woodpeckers ein sehr starker Gegner auf uns wartete. Die G\u00e4ste hatten am 1. Spieltag mit 22:0 gegen den Dobersdorfer SV 2 gewonnen.<\/p><p data-start=\"643\" data-end=\"865\">Schon fr\u00fch wurde klar: Heute w\u00fcrde es richtig schwer werden. Wir mussten unser absolutes A-Game abrufen, um \u00fcberhaupt eine Chance zu haben. Zwar konnten wir einige Spiele knapp gestalten, doch lagen schnell mit 0:8 zur\u00fcck.<\/p><p data-start=\"867\" data-end=\"1112\">Im neunten Spiel war es dann Bernd, der stark aufspielte und den ersten Punkt der Saison f\u00fcr uns gegen die Woodpeckers holen konnte. Im weiteren Verlauf lie\u00dfen die G\u00e4ste aus Kellenhusen jedoch kaum etwas zu \u2013 auch die engen Partien entschieden sie meist f\u00fcr sich.<\/p><p data-start=\"1114\" data-end=\"1264\">Unser Captain Kuschel konnte sp\u00e4ter ebenfalls ein Spiel f\u00fcr sich entscheiden, doch am Ende mussten wir uns deutlich mit 2:20 geschlagen geben.<\/p><p data-start=\"1266\" data-end=\"1404\">F\u00fcr uns ist das aber kein Beinbruch. Wir haben phasenweise gut mitgespielt und wissen, dass gegen andere Gegner deutlich mehr m\u00f6glich ist.<\/p><p data-start=\"1406\" data-end=\"1524\">Also: Blick nach vorn! Und nebenan bei der ersten Mannschaft war es ja immerhin auch spannend und sch\u00f6n, mitzufiebern.<\/p><p>&nbsp;<\/p><p>Bestleistungen:<\/p><p>Dennis Kuschel Highscore\u00a0\u00a0\u00a0\u00a0\u00a0\u00a0\u00a0\u00a0\u00a0\u00a0 180\u00a0\u00a0\u00a0\u00a0\u00a0\u00a0\u00a0\u00a0 1<\/p><\/div>\n<\/div>\n\n\t<\/div>\n<\/section>\n\n","protected":false},"excerpt":{"rendered":"<p>Am 12.10.2025 fand der 2. Spieltag der Kreisklasse Ostk\u00fcste statt. Zum ersten Doppelspieltag empfingen wir in H\u00f6hndorf die SC Kellenhusen \u2013 Kelefornia Woodpeckers.Nach unserem Auftaktsieg in Hohwacht wollten wir den n\u00e4chsten Schritt machen \u2013 uns war aber bewusst, dass mit den Kelefornia Woodpeckers ein sehr starker Gegner auf uns wartete. Die G\u00e4ste hatten am 1. [&hellip;]<\/p>\n","protected":false},"author":1,"featured_media":0,"parent":0,"menu_order":0,"comment_status":"closed","ping_status":"closed","template":"","meta":{"om_disable_all_campaigns":false,"_monsterinsights_skip_tracking":false,"_monsterinsights_sitenote_active":false,"_monsterinsights_sitenote_note":"","_monsterinsights_sitenote_category":0,"footnotes":""},"aioseo_notices":[],"_links":{"self":[{"href":"https:\/\/xn--sus-hhndorf-gdersdorf-leci.de\/index.php?rest_route=\/wp\/v2\/pages\/782"}],"collection":[{"href":"https:\/\/xn--sus-hhndorf-gdersdorf-leci.de\/index.php?rest_route=\/wp\/v2\/pages"}],"about":[{"href":"https:\/\/xn--sus-hhndorf-gdersdorf-leci.de\/index.php?rest_route=\/wp\/v2\/types\/page"}],"author":[{"embeddable":true,"href":"https:\/\/xn--sus-hhndorf-gdersdorf-leci.de\/index.php?rest_route=\/wp\/v2\/users\/1"}],"replies":[{"embeddable":true,"href":"https:\/\/xn--sus-hhndorf-gdersdorf-leci.de\/index.php?rest_route=%2Fwp%2Fv2%2Fcomments&post=782"}],"version-history":[{"count":2,"href":"https:\/\/xn--sus-hhndorf-gdersdorf-leci.de\/index.php?rest_route=\/wp\/v2\/pages\/782\/revisions"}],"predecessor-version":[{"id":784,"href":"https:\/\/xn--sus-hhndorf-gdersdorf-leci.de\/index.php?rest_route=\/wp\/v2\/pages\/782\/revisions\/784"}],"wp:attachment":[{"href":"https:\/\/xn--sus-hhndorf-gdersdorf-leci.de\/index.php?rest_route=%2Fwp%2Fv2%2Fmedia&parent=782"}],"curies":[{"name":"wp","href":"https:\/\/api.w.org\/{rel}","templated":true}]}}