{"id":778,"date":"2025-10-20T18:42:00","date_gmt":"2025-10-20T16:42:00","guid":{"rendered":"https:\/\/xn--sus-hhndorf-gdersdorf-leci.de\/?page_id=778"},"modified":"2025-10-20T18:54:48","modified_gmt":"2025-10-20T16:54:48","slug":"spieltag-tus-hohwacht-steelers-1-hoehndorfer-bulls-eyes-2-i-1112","status":"publish","type":"page","link":"https:\/\/xn--sus-hhndorf-gdersdorf-leci.de\/?page_id=778","title":{"rendered":"1. Spieltag TuS Hohwacht Steelers 1 \u2013 H\u00f6hndorfer Bull`s Eyes 2 I 11:12"},"content":{"rendered":"<section class=\"fw-main-row \"  >\n\t<div class=\"fw-container\">\n\t\t<div class=\"fw-row\">\n\t<div class=\"fw-col-xs-12\">\n\t<p>Am 21.09.2025 war es endlich soweit: Unsere neugegr\u00fcndete Mannschaft, die H\u00f6hndorfer Bull\u2019s Eyes II, trat zu ihrem ersten Ligaspiel an. Zum Auftakt ging es ausw\u00e4rts gegen die TuS Hohwacht \u2013 Steelers 1.<\/p><p data-start=\"542\" data-end=\"726\">F\u00fcr viele von uns war es keine unbekannte Location \u2013 zahlreiche Spieler fahren regelm\u00e4\u00dfig zu Turnieren nach Hohwacht. Auch diesmal wurden wir dort wieder sehr gastfreundlich empfangen.<\/p><p data-start=\"728\" data-end=\"909\">Um 12:00 Uhr war Anwurf. Zu Beginn der Partie waren wir jedoch fast <em data-start=\"796\" data-end=\"800\">zu<\/em> h\u00f6fliche G\u00e4ste: Von den ersten sechs Partien konnten wir nur eine gewinnen und lagen schnell mit 1:5 zur\u00fcck.<\/p><p data-start=\"911\" data-end=\"1097\">Dann aber fanden wir zur\u00fcck in die Spur. Im n\u00e4chsten Einzelblock holten wir drei von vier m\u00f6glichen Siegen \u2013 wir waren also wieder voll im Gesch\u00e4ft! Zwischenstand: 4:6 aus unserer Sicht.<\/p><p data-start=\"1099\" data-end=\"1350\">Den darauffolgenden Doppel- und Einzelblock konnten wir ausgeglichen gestalten, blieben jedoch weiterhin knapp im R\u00fcckstand. Im letzten Doppelblock gelang uns schlie\u00dflich der Ausgleich mit zwei Siegen \u2013 vor dem abschlie\u00dfenden Einzelblock stand es 9:9.<\/p><p data-start=\"1352\" data-end=\"1458\">Auch im letzten Einzelblock konnte kein Team den Sack zumachen, sodass es mit 11:11 ins Teamgame ging.<\/p><p data-start=\"1460\" data-end=\"1749\">Das Teamgame spiegelte den gesamten Spielverlauf wider: Das erste Leg ging an Hohwacht, wir konnten im zweiten ausgleichen. Also ging es \u00fcber die volle Distanz \u2013 beide Teams hatten im letzten Leg Matchdarts. Am Ende war es unser Captain Kuschel, der \u00fcber die Doppel 3 zum Sieg checkte!<\/p><p data-start=\"1751\" data-end=\"1957\">Wir sind stolz, unser erstes Ligaspiel direkt gewonnen zu haben \u2013 auch wenn es am Ende das Teamgame gebraucht hat. Beim n\u00e4chsten Mal wollen wir jedoch weniger freundlich auftreten und von Anfang an punkten!<\/p><p>&nbsp;<\/p><p>Bestleistungen:<\/p><p>\/<\/p><\/div>\n<\/div>\n\n\t<\/div>\n<\/section>\n\n","protected":false},"excerpt":{"rendered":"<p>Am 21.09.2025 war es endlich soweit: Unsere neugegr\u00fcndete Mannschaft, die H\u00f6hndorfer Bull\u2019s Eyes II, trat zu ihrem ersten Ligaspiel an. Zum Auftakt ging es ausw\u00e4rts gegen die TuS Hohwacht \u2013 Steelers 1.F\u00fcr viele von uns war es keine unbekannte Location \u2013 zahlreiche Spieler fahren regelm\u00e4\u00dfig zu Turnieren nach Hohwacht. Auch diesmal wurden wir dort wieder [&hellip;]<\/p>\n","protected":false},"author":1,"featured_media":0,"parent":0,"menu_order":0,"comment_status":"closed","ping_status":"closed","template":"","meta":{"om_disable_all_campaigns":false,"_monsterinsights_skip_tracking":false,"_monsterinsights_sitenote_active":false,"_monsterinsights_sitenote_note":"","_monsterinsights_sitenote_category":0,"footnotes":""},"aioseo_notices":[],"_links":{"self":[{"href":"https:\/\/xn--sus-hhndorf-gdersdorf-leci.de\/index.php?rest_route=\/wp\/v2\/pages\/778"}],"collection":[{"href":"https:\/\/xn--sus-hhndorf-gdersdorf-leci.de\/index.php?rest_route=\/wp\/v2\/pages"}],"about":[{"href":"https:\/\/xn--sus-hhndorf-gdersdorf-leci.de\/index.php?rest_route=\/wp\/v2\/types\/page"}],"author":[{"embeddable":true,"href":"https:\/\/xn--sus-hhndorf-gdersdorf-leci.de\/index.php?rest_route=\/wp\/v2\/users\/1"}],"replies":[{"embeddable":true,"href":"https:\/\/xn--sus-hhndorf-gdersdorf-leci.de\/index.php?rest_route=%2Fwp%2Fv2%2Fcomments&post=778"}],"version-history":[{"count":2,"href":"https:\/\/xn--sus-hhndorf-gdersdorf-leci.de\/index.php?rest_route=\/wp\/v2\/pages\/778\/revisions"}],"predecessor-version":[{"id":780,"href":"https:\/\/xn--sus-hhndorf-gdersdorf-leci.de\/index.php?rest_route=\/wp\/v2\/pages\/778\/revisions\/780"}],"wp:attachment":[{"href":"https:\/\/xn--sus-hhndorf-gdersdorf-leci.de\/index.php?rest_route=%2Fwp%2Fv2%2Fmedia&parent=778"}],"curies":[{"name":"wp","href":"https:\/\/api.w.org\/{rel}","templated":true}]}}