{"id":770,"date":"2025-10-20T18:08:46","date_gmt":"2025-10-20T16:08:46","guid":{"rendered":"https:\/\/xn--sus-hhndorf-gdersdorf-leci.de\/?page_id=770"},"modified":"2025-10-20T18:28:36","modified_gmt":"2025-10-20T16:28:36","slug":"spieltag-hoehndorfer-bulls-eyes-wattenbek-razors-1-i-1210","status":"publish","type":"page","link":"https:\/\/xn--sus-hhndorf-gdersdorf-leci.de\/?page_id=770","title":{"rendered":"2. Spieltag H\u00f6hndorfer Bull`s Eyes &#8211; Wattenbek Razors 1 I 12:10"},"content":{"rendered":"<section class=\"fw-main-row \"  >\n\t<div class=\"fw-container\">\n\t\t<div class=\"fw-row\">\n\t<div class=\"fw-col-xs-12\">\n\t<p>Am 12.10.2025 empfingen wir in H\u00f6hndorf die Wattenbek\u2019 Razors 1 zum zweiten Spieltag der Bezirksklasse Mitte Ost. Es war ein besonderer Tag, da zum ersten Mal ein Doppelheimspiel stattfand \u2013 auch unsere zweite Mannschaft hatte an diesem Tag ein Heimspiel.<\/p><p data-start=\"507\" data-end=\"708\">Nach unserem Auftaktsieg gegen KMTV 4 wollten wir direkt den n\u00e4chsten Erfolg einfahren. Unsere G\u00e4ste aus Wattenbek hatten am ersten Spieltag kampflos gewonnen, da die SG Nordlicht nicht angetreten war.<\/p><p data-start=\"710\" data-end=\"939\">Im ersten Einzelblock konnte sich keines der beiden Teams einen Vorteil erspielen \u2013 es stand 2:2 vor den Doppeln. Der Start in die Doppelspiele lief f\u00fcr uns leider nicht gut: Wir verloren beide Matches und lagen somit 2:4 zur\u00fcck.<\/p><p data-start=\"941\" data-end=\"1131\">Durch zwei Einzelsiege im n\u00e4chsten Einzelblock konnten wir jedoch wieder ausgleichen. Dieser Spielstand sollte sich bis zum letzten Einzelblock nicht mehr \u00e4ndern \u2013 es blieb spannend bei 9:9.<\/p><p data-start=\"1133\" data-end=\"1367\">Im letzten Einzelblock wollten wir dann unbedingt den Sieg holen. Der Start gelang: Durch Siege von Fynn und Lars gingen wir mit 11:9 in F\u00fchrung. Das Teamgame war uns damit bereits sicher \u2013 doch wir wollten mehr. Wir wollten den Sieg!<\/p><p data-start=\"1369\" data-end=\"1813\">Aaron verlor das anschlie\u00dfende Spiel, wodurch der Druck nun bei unserem Captain Nils lag. Es hie\u00df: Sieg oder Teamgame. Nils erspielte sich eine 2:0-F\u00fchrung und hatte mehrere Matchdarts, doch der Druck war gro\u00df, und sein Gegner kam noch einmal auf 2:2 heran. Im entscheidenden Leg k\u00e4mpften beide Spieler mit den Nerven. Beide hatten Matchdarts und vergaben sie \u2013 bis Nils schlie\u00dflich \u00fcber die Doppel 1 zum Match und damit zum Gesamtsieg checkte.<\/p><p data-start=\"1815\" data-end=\"1979\">Die Erleichterung war im ganzen Raum zu h\u00f6ren. Wir gewinnen somit auch unser zweites Spiel der Saison \u2013 und wollen am dritten Spieltag unsere Serie weiter ausbauen!<\/p><p data-start=\"1815\" data-end=\"1979\">Bestleistungen:<\/p><p>Fynn Metzdorf\u00a0 \u00a0 \u00a0 \u00a0 \u00a0 \u00a0 \u00a0 \u00a0 \u00a0 \u00a0 \u00a0 Highfinish\u00a0\u00a0\u00a0\u00a0\u00a0\u00a0 109\u00a0 \u00a0 \u00a0 \u00a01<\/p><p>Fynn Metzdorf\u00a0 \u00a0 \u00a0 \u00a0 \u00a0 \u00a0 \u00a0 \u00a0 \u00a0 \u00a0 \u00a0 Highscore\u00a0\u00a0\u00a0\u00a0\u00a0\u00a0 180\u00a0 \u00a0 \u00a0 \u00a01<\/p><p>Fynn Metzdorf\u00a0 \u00a0 \u00a0 \u00a0 \u00a0 \u00a0 \u00a0 \u00a0 \u00a0 \u00a0 \u00a0 Shortgame\u00a0\u00a0\u00a0\u00a0\u00a0 15\u00a0 \u00a0 \u00a0 \u00a0 1<\/p><p>Nils Stoltenberg\u00a0 \u00a0 \u00a0 \u00a0 \u00a0 \u00a0 \u00a0 \u00a0 \u00a0 \u00a0 Highscore\u00a0\u00a0\u00a0\u00a0\u00a0\u00a0 180\u00a0 \u00a0 \u00a0 1<\/p><p>&nbsp;<\/p><\/div>\n<\/div>\n\n\t<\/div>\n<\/section>\n\n","protected":false},"excerpt":{"rendered":"<p>Am 12.10.2025 empfingen wir in H\u00f6hndorf die Wattenbek\u2019 Razors 1 zum zweiten Spieltag der Bezirksklasse Mitte Ost. Es war ein besonderer Tag, da zum ersten Mal ein Doppelheimspiel stattfand \u2013 auch unsere zweite Mannschaft hatte an diesem Tag ein Heimspiel.Nach unserem Auftaktsieg gegen KMTV 4 wollten wir direkt den n\u00e4chsten Erfolg einfahren. Unsere G\u00e4ste aus [&hellip;]<\/p>\n","protected":false},"author":1,"featured_media":0,"parent":0,"menu_order":0,"comment_status":"closed","ping_status":"closed","template":"","meta":{"om_disable_all_campaigns":false,"_monsterinsights_skip_tracking":false,"_monsterinsights_sitenote_active":false,"_monsterinsights_sitenote_note":"","_monsterinsights_sitenote_category":0,"footnotes":""},"aioseo_notices":[],"_links":{"self":[{"href":"https:\/\/xn--sus-hhndorf-gdersdorf-leci.de\/index.php?rest_route=\/wp\/v2\/pages\/770"}],"collection":[{"href":"https:\/\/xn--sus-hhndorf-gdersdorf-leci.de\/index.php?rest_route=\/wp\/v2\/pages"}],"about":[{"href":"https:\/\/xn--sus-hhndorf-gdersdorf-leci.de\/index.php?rest_route=\/wp\/v2\/types\/page"}],"author":[{"embeddable":true,"href":"https:\/\/xn--sus-hhndorf-gdersdorf-leci.de\/index.php?rest_route=\/wp\/v2\/users\/1"}],"replies":[{"embeddable":true,"href":"https:\/\/xn--sus-hhndorf-gdersdorf-leci.de\/index.php?rest_route=%2Fwp%2Fv2%2Fcomments&post=770"}],"version-history":[{"count":4,"href":"https:\/\/xn--sus-hhndorf-gdersdorf-leci.de\/index.php?rest_route=\/wp\/v2\/pages\/770\/revisions"}],"predecessor-version":[{"id":777,"href":"https:\/\/xn--sus-hhndorf-gdersdorf-leci.de\/index.php?rest_route=\/wp\/v2\/pages\/770\/revisions\/777"}],"wp:attachment":[{"href":"https:\/\/xn--sus-hhndorf-gdersdorf-leci.de\/index.php?rest_route=%2Fwp%2Fv2%2Fmedia&parent=770"}],"curies":[{"name":"wp","href":"https:\/\/api.w.org\/{rel}","templated":true}]}}