{"id":765,"date":"2025-10-20T17:54:12","date_gmt":"2025-10-20T15:54:12","guid":{"rendered":"https:\/\/xn--sus-hhndorf-gdersdorf-leci.de\/?page_id=765"},"modified":"2025-10-20T18:26:58","modified_gmt":"2025-10-20T16:26:58","slug":"1-spieltag-kieler-mtv-4-hoehndorfer-bulls-eyes-i-715","status":"publish","type":"page","link":"https:\/\/xn--sus-hhndorf-gdersdorf-leci.de\/?page_id=765","title":{"rendered":"1. Spieltag Kieler MTV 4 \u2013 H\u00f6hndorfer Bull`s Eyes I 7:15"},"content":{"rendered":"<section class=\"fw-main-row \"  >\n\t<div class=\"fw-container\">\n\t\t<div class=\"fw-row\">\n\t<div class=\"fw-col-xs-12\">\n\t<p>Am 21.09.2025 fand der erste Spieltag der neuen Saison statt. Wir mussten ausw\u00e4rts beim KMTV 4 antreten. Mit bester Laune reisten wir nach Kiel und nahmen uns fest vor, direkt den ersten Saisonsieg einzufahren.<\/p><p>Um 12:00 Uhr war dann endlich Anwurf. Im ersten Einzelblock konnten wir uns sofort eine 3:1-F\u00fchrung erspielen. Auch die anschlie\u00dfenden Doppel entschieden wir beide f\u00fcr uns, sodass wir die F\u00fchrung auf 5:1 ausbauen konnten.<\/p><p>Der zweite Einzelblock verlief ausgeglichen, doch anschlie\u00dfend konnten wir die n\u00e4chsten sechs Partien allesamt gewinnen \u2013 damit war der Sieg mit 13:3 bereits gesichert. Am Ende lautete der Endstand 15:7 f\u00fcr uns, und die ersten drei Punkte gehen somit direkt nach H\u00f6hndorf!<\/p><p>Wir freuen uns sehr \u00fcber diesen souver\u00e4nen Start in die Saison und wollen am 2. Spieltag genau dort weitermachen \u2013 dann steht endlich der erste Doppelspieltag in H\u00f6hndorf an!<\/p><p>&nbsp;<\/p><p>Bestleistungen:<\/p><p>Aaron Ulrich\u00a0\u00a0 \u00a0\u00a0\u00a0\u00a0\u00a0\u00a0\u00a0\u00a0\u00a0\u00a0\u00a0\u00a0\u00a0\u00a0\u00a0\u00a0\u00a0\u00a0\u00a0\u00a0\u00a0\u00a0\u00a0 Highscore\u00a0\u00a0\u00a0\u00a0\u00a0\u00a0 180\u00a0\u00a0\u00a0\u00a0\u00a0 1<\/p><p>Fynn Metzdorf\u00a0\u00a0\u00a0\u00a0\u00a0\u00a0\u00a0\u00a0\u00a0\u00a0 \u00a0\u00a0\u00a0\u00a0\u00a0\u00a0\u00a0\u00a0\u00a0\u00a0\u00a0 Highscore\u00a0\u00a0\u00a0\u00a0\u00a0\u00a0 180\u00a0\u00a0\u00a0\u00a0\u00a0 1<\/p><p>Fynn Metzdorf\u00a0\u00a0\u00a0\u00a0\u00a0\u00a0\u00a0\u00a0\u00a0\u00a0 \u00a0\u00a0\u00a0\u00a0\u00a0\u00a0\u00a0\u00a0\u00a0\u00a0\u00a0 Shortgame\u00a0\u00a0\u00a0\u00a0\u00a0 17\u00a0 \u00a0 \u00a0 \u00a01<\/p><\/div>\n<\/div>\n\n\t<\/div>\n<\/section>\n\n","protected":false},"excerpt":{"rendered":"<p>Am 21.09.2025 fand der erste Spieltag der neuen Saison statt. Wir mussten ausw\u00e4rts beim KMTV 4 antreten. Mit bester Laune reisten wir nach Kiel und nahmen uns fest vor, direkt den ersten Saisonsieg einzufahren.Um 12:00 Uhr war dann endlich Anwurf. Im ersten Einzelblock konnten wir uns sofort eine 3:1-F\u00fchrung erspielen. Auch die anschlie\u00dfenden Doppel entschieden [&hellip;]<\/p>\n","protected":false},"author":1,"featured_media":0,"parent":0,"menu_order":0,"comment_status":"closed","ping_status":"closed","template":"","meta":{"om_disable_all_campaigns":false,"_monsterinsights_skip_tracking":false,"_monsterinsights_sitenote_active":false,"_monsterinsights_sitenote_note":"","_monsterinsights_sitenote_category":0,"footnotes":""},"aioseo_notices":[],"_links":{"self":[{"href":"https:\/\/xn--sus-hhndorf-gdersdorf-leci.de\/index.php?rest_route=\/wp\/v2\/pages\/765"}],"collection":[{"href":"https:\/\/xn--sus-hhndorf-gdersdorf-leci.de\/index.php?rest_route=\/wp\/v2\/pages"}],"about":[{"href":"https:\/\/xn--sus-hhndorf-gdersdorf-leci.de\/index.php?rest_route=\/wp\/v2\/types\/page"}],"author":[{"embeddable":true,"href":"https:\/\/xn--sus-hhndorf-gdersdorf-leci.de\/index.php?rest_route=\/wp\/v2\/users\/1"}],"replies":[{"embeddable":true,"href":"https:\/\/xn--sus-hhndorf-gdersdorf-leci.de\/index.php?rest_route=%2Fwp%2Fv2%2Fcomments&post=765"}],"version-history":[{"count":4,"href":"https:\/\/xn--sus-hhndorf-gdersdorf-leci.de\/index.php?rest_route=\/wp\/v2\/pages\/765\/revisions"}],"predecessor-version":[{"id":775,"href":"https:\/\/xn--sus-hhndorf-gdersdorf-leci.de\/index.php?rest_route=\/wp\/v2\/pages\/765\/revisions\/775"}],"wp:attachment":[{"href":"https:\/\/xn--sus-hhndorf-gdersdorf-leci.de\/index.php?rest_route=%2Fwp%2Fv2%2Fmedia&parent=765"}],"curies":[{"name":"wp","href":"https:\/\/api.w.org\/{rel}","templated":true}]}}