{"id":707,"date":"2025-06-03T14:13:00","date_gmt":"2025-06-03T12:13:00","guid":{"rendered":"https:\/\/xn--sus-hhndorf-gdersdorf-leci.de\/?page_id=707"},"modified":"2025-06-03T14:17:41","modified_gmt":"2025-06-03T12:17:41","slug":"steeldartturnier-2025-der-hoehndorfer-bulls-eyes","status":"publish","type":"page","link":"https:\/\/xn--sus-hhndorf-gdersdorf-leci.de\/?page_id=707","title":{"rendered":"2. Steeldartturnier 2025 H\u00f6hndorfer Bull\u2019s Eyes"},"content":{"rendered":"<section class=\"fw-main-row \"  >\n\t<div class=\"fw-container\">\n\t\t<div class=\"fw-row\">\n\t<div class=\"fw-col-xs-12\">\n\t<p data-start=\"241\" data-end=\"727\">Am 30. Mai 2025 fand wieder ein Turnier in H\u00f6hndorf statt. Insgesamt hatten sich 34 Teilnehmer angemeldet. Durch die Erweiterung der Anlage um ein zus\u00e4tzliches Dartboard konnten wir die Gruppenphase in sechs Gruppen austragen. Gespielt wurde \u201e501 Best of 3\u201c (BO3). Die jeweils zwei Erstplatzierten sowie die vier besten Drittplatzierten qualifizierten sich f\u00fcr das A-Feld, in dem im K.-o.-Modus \u201eBest of 5\u201c (BO5) gespielt wurde \u2013 das Finale wurde im Modus \u201eBest of 7\u201c (BO7) ausgetragen.<\/p><p data-start=\"729\" data-end=\"987\">Alle \u00fcbrigen Teilnehmer traten im B-Feld an, dort wurde weiterhin BO3 gespielt, das Finale im Modus BO5. Das B-Feld konnte Fynn Metzdorf f\u00fcr sich entscheiden \u2013 er setzte sich im Finale gegen Kevin Bock durch. Das Spiel um Platz 3 gewann Oliver Schaarschmidt.<\/p><p data-start=\"989\" data-end=\"1258\">Im A-Feld trafen Maik Friese und Norman J\u00fchlke im Spiel um Platz 3 aufeinander, mit dem besseren Ende f\u00fcr Maik. Im Halbfinale setzten sich Andre Wesemeyer und Lukas Eybe durch und standen sich somit im Finale gegen\u00fcber. Dieses konnte Andre mit 4:1 f\u00fcr sich entscheiden.<\/p><p data-start=\"1260\" data-end=\"1482\">Wir gratulieren Andre zum Turniersieg und bedanken uns bei allen Teilnehmern f\u00fcr ihre Teilnahme. Es war wieder ein gut besuchtes Turnier, das reibungslos \u00fcber die B\u00fchne ging. Wir freuen uns schon jetzt auf das n\u00e4chste Mal!<\/p><p data-start=\"1484\" data-end=\"1515\"><strong data-start=\"1484\" data-end=\"1515\">Eure H\u00f6hndorfer Bull\u2019s Eyes<\/strong><\/p><img loading=\"lazy\" decoding=\"async\" src=\"https:\/\/xn--sus-hhndorf-gdersdorf-leci.de\/wp-content\/uploads\/2025\/06\/Doppel-Vereinsmeisterschaft-1-500x500.png\" alt=\"https:\/\/xn--sus-hhndorf-gdersdorf-leci.de\/wp-content\/uploads\/2025\/06\/Doppel-Vereinsmeisterschaft-1-500x500.png\" width=\"500\" height=\"500\" \/>\n\t<div class=\"fw-divider-space\" style=\"padding-top: 50px;\"><\/div>\n<\/div>\n<\/div>\n\n\t<\/div>\n<\/section>\n\n","protected":false},"excerpt":{"rendered":"<p>Am 30. Mai 2025 fand wieder ein Turnier in H\u00f6hndorf statt. Insgesamt hatten sich 34 Teilnehmer angemeldet. Durch die Erweiterung der Anlage um ein zus\u00e4tzliches Dartboard konnten wir die Gruppenphase in sechs Gruppen austragen. Gespielt wurde \u201e501 Best of 3\u201c (BO3). Die jeweils zwei Erstplatzierten sowie die vier besten Drittplatzierten qualifizierten sich f\u00fcr das A-Feld, [&hellip;]<\/p>\n","protected":false},"author":1,"featured_media":0,"parent":0,"menu_order":0,"comment_status":"closed","ping_status":"closed","template":"","meta":{"om_disable_all_campaigns":false,"_monsterinsights_skip_tracking":false,"_monsterinsights_sitenote_active":false,"_monsterinsights_sitenote_note":"","_monsterinsights_sitenote_category":0,"footnotes":""},"aioseo_notices":[],"_links":{"self":[{"href":"https:\/\/xn--sus-hhndorf-gdersdorf-leci.de\/index.php?rest_route=\/wp\/v2\/pages\/707"}],"collection":[{"href":"https:\/\/xn--sus-hhndorf-gdersdorf-leci.de\/index.php?rest_route=\/wp\/v2\/pages"}],"about":[{"href":"https:\/\/xn--sus-hhndorf-gdersdorf-leci.de\/index.php?rest_route=\/wp\/v2\/types\/page"}],"author":[{"embeddable":true,"href":"https:\/\/xn--sus-hhndorf-gdersdorf-leci.de\/index.php?rest_route=\/wp\/v2\/users\/1"}],"replies":[{"embeddable":true,"href":"https:\/\/xn--sus-hhndorf-gdersdorf-leci.de\/index.php?rest_route=%2Fwp%2Fv2%2Fcomments&post=707"}],"version-history":[{"count":3,"href":"https:\/\/xn--sus-hhndorf-gdersdorf-leci.de\/index.php?rest_route=\/wp\/v2\/pages\/707\/revisions"}],"predecessor-version":[{"id":712,"href":"https:\/\/xn--sus-hhndorf-gdersdorf-leci.de\/index.php?rest_route=\/wp\/v2\/pages\/707\/revisions\/712"}],"wp:attachment":[{"href":"https:\/\/xn--sus-hhndorf-gdersdorf-leci.de\/index.php?rest_route=%2Fwp%2Fv2%2Fmedia&parent=707"}],"curies":[{"name":"wp","href":"https:\/\/api.w.org\/{rel}","templated":true}]}}