{"id":542,"date":"2025-03-28T10:27:33","date_gmt":"2025-03-28T09:27:33","guid":{"rendered":"https:\/\/xn--sus-hhndorf-gdersdorf-leci.de\/?page_id=542"},"modified":"2025-03-28T11:18:05","modified_gmt":"2025-03-28T10:18:05","slug":"hoehndorfer-bulls-eyes-mtv-segeberg-steeldarts-i-157","status":"publish","type":"page","link":"https:\/\/xn--sus-hhndorf-gdersdorf-leci.de\/?page_id=542","title":{"rendered":"9. Spieltag H\u00f6hndorfer Bull`s Eyes \u2013 MTV Segeberg Steeldarts I 15:7"},"content":{"rendered":"<section class=\"fw-main-row \"  >\n\t<div class=\"fw-container\">\n\t\t<div class=\"fw-row\">\n\t<div class=\"fw-col-xs-12\">\n\t<p>Am 9. Spieltag empfingen wir die Steeldarter vom MTV Segeberg. Die Tabellensituation spiegelte eine sehr ausgeglichene Liga wider. Vor dem 9. Spieltag waren nur der erste und der letzte Platz bereits sicher. Der Tabellenzweite k\u00e4mpfte noch gegen den Abstieg, w\u00e4hrend der Vorletzte weiterhin um den zweiten Platz spielte. Durch den Sieg von Bornh\u00f6ved \u00fcber die SHG Cocker 2 stand bereits vor Anpfiff fest, dass wir mit einem Sieg den Klassenerhalt feiern k\u00f6nnten.<\/p><p>Leider starteten wir denkbar schlecht in die Partie. Nach den ersten sechs Spielen lagen wir mit 2:4 im R\u00fcckstand. Doch von diesem Punkt an spielten wir wie befl\u00fcgelt. Wir steigerten uns und waren immer einen Tick besser als unser Gegner, sodass wir auch die knappen Partien f\u00fcr uns entscheiden konnten. Die n\u00e4chsten acht Spiele gingen alle zugunsten von uns aus, sodass wir das Spiel mit 10:2 drehten. Nun fehlten uns nur noch zwei Siege zum sicheren Klassenerhalt. An diesem Tag spielten wir ruhig weiter und konnten schlie\u00dflich mit einem verdienten 15:7-Heimsieg den Klassenerhalt sichern!<\/p><p>An diesem Tag lief vieles f\u00fcr uns zusammen. Besonders hervorzuheben ist Nils, der alle seine Spiele gewinnen konnte und seit Wochen einen wichtigen Beitrag zu unserem Erfolg leistet. Dar\u00fcber hinaus freuen wir uns \u00fcber das Deb\u00fct von Fynn in unseren Reihen.<\/p><p>Am letzten Spieltag steht noch ein Ausw\u00e4rtsspiel bei den SHG Cocker 2 aus Fissau an. F\u00fcr die Heimmannschaft geht es darum, die letzte Restchance zu nutzen, um die Klasse zu erhalten. Wir wollen uns jedoch mit einem Sieg aus der laufenden Saison verabschieden und die Chance auf den zweiten Tabellenplatz wahren.<\/p><style>        table {            width: 100%;            border-collapse: collapse;        }        th, td {            border: 1px solid black;            padding: 8px;            text-align: left;        }        th {            background-color: #f2f2f2;        }    <\/style><h2>Bestleistungen<\/h2><table><tbody><tr><\/tr><tr><td>Mike Kweseleit<\/td><td>Shortgame '9-24'<\/td><td>1<\/td><td>21<\/td><\/tr><tr><td>Mike Kweseleit<\/td><td>Shortgame '9-24'<\/td><td>1<\/td><td>22<\/td><\/tr><tr><td>Nils Stoltenberg<\/td><td>Shortgame '9-24'<\/td><td>1<\/td><td>22<\/td><\/tr><tr><td>Nils Stoltenberg<\/td><td>Shortgame '9-24'<\/td><td>2<\/td><td>23<\/td><\/tr><tr><td>Nils Stoltenberg<\/td><td>Shortgame '9-24'<\/td><td>1<\/td><td>24<\/td><\/tr><tr><td>Mike Kweseleit \/ Nils Stoltenberg<\/td><td>Shortgame Doppel 9-24<\/td><td>1<\/td><td>19<\/td><\/tr><tr><td>Christian Ridder \/ Nils Stoltenberg<\/td><td>Shortgame Doppel 9-24<\/td><td>1<\/td><td>24<\/td><\/tr><\/tbody><\/table><\/div>\n<\/div>\n\n\t<\/div>\n<\/section>\n\n","protected":false},"excerpt":{"rendered":"<p>Am 9. Spieltag empfingen wir die Steeldarter vom MTV Segeberg. Die Tabellensituation spiegelte eine sehr ausgeglichene Liga wider. Vor dem 9. Spieltag waren nur der erste und der letzte Platz bereits sicher. Der Tabellenzweite k\u00e4mpfte noch gegen den Abstieg, w\u00e4hrend der Vorletzte weiterhin um den zweiten Platz spielte. Durch den Sieg von Bornh\u00f6ved \u00fcber die [&hellip;]<\/p>\n","protected":false},"author":1,"featured_media":0,"parent":0,"menu_order":0,"comment_status":"closed","ping_status":"closed","template":"","meta":{"om_disable_all_campaigns":false,"_monsterinsights_skip_tracking":false,"_monsterinsights_sitenote_active":false,"_monsterinsights_sitenote_note":"","_monsterinsights_sitenote_category":0,"footnotes":""},"aioseo_notices":[],"_links":{"self":[{"href":"https:\/\/xn--sus-hhndorf-gdersdorf-leci.de\/index.php?rest_route=\/wp\/v2\/pages\/542"}],"collection":[{"href":"https:\/\/xn--sus-hhndorf-gdersdorf-leci.de\/index.php?rest_route=\/wp\/v2\/pages"}],"about":[{"href":"https:\/\/xn--sus-hhndorf-gdersdorf-leci.de\/index.php?rest_route=\/wp\/v2\/types\/page"}],"author":[{"embeddable":true,"href":"https:\/\/xn--sus-hhndorf-gdersdorf-leci.de\/index.php?rest_route=\/wp\/v2\/users\/1"}],"replies":[{"embeddable":true,"href":"https:\/\/xn--sus-hhndorf-gdersdorf-leci.de\/index.php?rest_route=%2Fwp%2Fv2%2Fcomments&post=542"}],"version-history":[{"count":5,"href":"https:\/\/xn--sus-hhndorf-gdersdorf-leci.de\/index.php?rest_route=\/wp\/v2\/pages\/542\/revisions"}],"predecessor-version":[{"id":549,"href":"https:\/\/xn--sus-hhndorf-gdersdorf-leci.de\/index.php?rest_route=\/wp\/v2\/pages\/542\/revisions\/549"}],"wp:attachment":[{"href":"https:\/\/xn--sus-hhndorf-gdersdorf-leci.de\/index.php?rest_route=%2Fwp%2Fv2%2Fmedia&parent=542"}],"curies":[{"name":"wp","href":"https:\/\/api.w.org\/{rel}","templated":true}]}}