{"id":524,"date":"2025-03-20T14:12:06","date_gmt":"2025-03-20T13:12:06","guid":{"rendered":"https:\/\/xn--sus-hhndorf-gdersdorf-leci.de\/?page_id=524"},"modified":"2025-03-28T17:13:21","modified_gmt":"2025-03-28T16:13:21","slug":"hoehndorfer-bulls-eyes-q-darts-bornhoeved-2","status":"publish","type":"page","link":"https:\/\/xn--sus-hhndorf-gdersdorf-leci.de\/?page_id=524","title":{"rendered":"8. Spieltag H\u00f6hndorfer Bull\u00b4s Eyes &#8211; Q-Darts Bornh\u00f6ved I 13:9"},"content":{"rendered":"<section class=\"fw-main-row \"  >\n\t<div class=\"fw-container\">\n\t\t<div class=\"fw-row\">\n\t<div class=\"fw-col-xs-12\">\n\t<p>Am Freitag, den 28.02.2025, empfingen wir die Q-Darts aus Bornh\u00f6ved zum vorgezogenen 8. Spieltag. Allen Beteiligten war bewusst, welche Bedeutung dieses Spiel im Kampf um den Klassenerhalt haben k\u00f6nnte. Entschlossen und hochmotiviert traten wir als Mannschaft an, um \u2013 wie bereits im Hinspiel \u2013 einen Sieg gegen die Q-Darts einzufahren.<\/p><p>&nbsp;<\/p><p>Im ersten Einzelblock gelang es uns, drei der vier Spiele zu gewinnen. Doch da wir anschlie\u00dfend beide Doppel verloren, stand es wieder unentschieden. Trotzdem behielten wir die Nerven und gewannen acht der folgenden zehn Spiele, wodurch wir uns bereits ein Unentschieden sichern konnten. Nun fehlte uns nur noch ein weiterer Sieg f\u00fcr einen enorm wichtigen Heimerfolg. Doch genau das sp\u00fcrte man in unserem Spiel: Pl\u00f6tzlich wurde uns bewusst, dass wir etwas zu verlieren hatten, und prompt gingen beide Doppel verloren.<\/p><p>&nbsp;<\/p><p>Mit dem klaren Ziel, den Sieg \u00fcber die Ziellinie zu bringen, starteten wir in den letzten Einzelblock. Am Ende musste Nils eine 112 Highfinish spielen und auf Doppel 1 die Nerven bewahren, um den Heimsieg perfekt zu machen. Schlie\u00dflich gewannen wir mit 13:9 gegen unsere G\u00e4ste aus Bornh\u00f6ved. Nach dem Spiel war die Erleichterung jedem Spieler deutlich anzumerken.<\/p><p>&nbsp;<\/p><p>F\u00fcr uns stehen in dieser Saison noch zwei weitere Partien an. Der Sieg hat uns zwar eine gute Ausgangslage verschafft, doch entschieden ist noch nichts. In den letzten beiden Spielen m\u00fcssen wir weiterhin konzentriert auftreten, um unser Ziel zu erreichen.<\/p><\/div>\n<\/div>\n\n<div class=\"fw-row\">\n\t<div class=\"fw-col-xs-12\">\n\t<style> table { width: 100%; border-collapse: collapse; } th, td { border: 1px solid black; padding: 8px; text-align: left; } th { background-color: #f2f2f2; } <\/style><h2>Bestleistungen<\/h2><table><tbody><tr><th>Spieler<\/th><th>Disziplin<\/th><th>Versuche<\/th><th>Punkte<\/th><\/tr><tr><td>Nils Stoltenberg<\/td><td>Highfinish<\/td><td>1<\/td><td>122<\/td><\/tr><tr><td>Nils Stoltenberg<\/td><td>Highfinish<\/td><td>1<\/td><td>112<\/td><\/tr><tr><td>Nils Stoltenberg<\/td><td>Shortgame '9-24'<\/td><td>1<\/td><td>18<\/td><\/tr><tr><td>Nils Stoltenberg<\/td><td>Shortgame '9-24'<\/td><td>1<\/td><td>22<\/td><\/tr><tr><td>Christian Ridder<\/td><td>Shortgame '9-24'<\/td><td>1<\/td><td>23<\/td><\/tr><tr><td>Nils Stoltenberg<\/td><td>Shortgame '9-24'<\/td><td>2<\/td><td>24<\/td><\/tr><tr><td>Nils Stoltenberg \/ Robin Witt<\/td><td>Shortgame Doppel 9-24<\/td><td>1<\/td><td>19<\/td><\/tr><\/tbody><\/table><\/div>\n<\/div>\n\n\t<\/div>\n<\/section>\n\n","protected":false},"excerpt":{"rendered":"<p>Am Freitag, den 28.02.2025, empfingen wir die Q-Darts aus Bornh\u00f6ved zum vorgezogenen 8. Spieltag. Allen Beteiligten war bewusst, welche Bedeutung dieses Spiel im Kampf um den Klassenerhalt haben k\u00f6nnte. Entschlossen und hochmotiviert traten wir als Mannschaft an, um \u2013 wie bereits im Hinspiel \u2013 einen Sieg gegen die Q-Darts einzufahren.&nbsp;Im ersten Einzelblock gelang es uns, [&hellip;]<\/p>\n","protected":false},"author":1,"featured_media":0,"parent":0,"menu_order":0,"comment_status":"closed","ping_status":"closed","template":"","meta":{"om_disable_all_campaigns":false,"_monsterinsights_skip_tracking":false,"_monsterinsights_sitenote_active":false,"_monsterinsights_sitenote_note":"","_monsterinsights_sitenote_category":0,"footnotes":""},"aioseo_notices":[],"_links":{"self":[{"href":"https:\/\/xn--sus-hhndorf-gdersdorf-leci.de\/index.php?rest_route=\/wp\/v2\/pages\/524"}],"collection":[{"href":"https:\/\/xn--sus-hhndorf-gdersdorf-leci.de\/index.php?rest_route=\/wp\/v2\/pages"}],"about":[{"href":"https:\/\/xn--sus-hhndorf-gdersdorf-leci.de\/index.php?rest_route=\/wp\/v2\/types\/page"}],"author":[{"embeddable":true,"href":"https:\/\/xn--sus-hhndorf-gdersdorf-leci.de\/index.php?rest_route=\/wp\/v2\/users\/1"}],"replies":[{"embeddable":true,"href":"https:\/\/xn--sus-hhndorf-gdersdorf-leci.de\/index.php?rest_route=%2Fwp%2Fv2%2Fcomments&post=524"}],"version-history":[{"count":8,"href":"https:\/\/xn--sus-hhndorf-gdersdorf-leci.de\/index.php?rest_route=\/wp\/v2\/pages\/524\/revisions"}],"predecessor-version":[{"id":585,"href":"https:\/\/xn--sus-hhndorf-gdersdorf-leci.de\/index.php?rest_route=\/wp\/v2\/pages\/524\/revisions\/585"}],"wp:attachment":[{"href":"https:\/\/xn--sus-hhndorf-gdersdorf-leci.de\/index.php?rest_route=%2Fwp%2Fv2%2Fmedia&parent=524"}],"curies":[{"name":"wp","href":"https:\/\/api.w.org\/{rel}","templated":true}]}}