{"id":512,"date":"2025-02-17T19:55:58","date_gmt":"2025-02-17T18:55:58","guid":{"rendered":"https:\/\/xn--sus-hhndorf-gdersdorf-leci.de\/?page_id=512"},"modified":"2025-03-28T17:11:36","modified_gmt":"2025-03-28T16:11:36","slug":"tsv-luetjenburg-luettenborger-1-hoehndorfer-bulls-eyes-i-418","status":"publish","type":"page","link":"https:\/\/xn--sus-hhndorf-gdersdorf-leci.de\/?page_id=512","title":{"rendered":"7. Spieltag TSV L\u00fctjenburg-L\u00fcttenborger 1 &#8211; H\u00f6hndorfer Bull`s Eyes I 4:18"},"content":{"rendered":"<section class=\"fw-main-row \"  >\n\t<div class=\"fw-container\">\n\t\t<div class=\"fw-row\">\n\t<div class=\"fw-col-xs-12\">\n\t<p>Am 16.02.2025 stand f\u00fcr uns das Nachbarschaftsduell mit dem TSV L\u00fctjenburg an. Der Tabellenletzte empfing uns um 12:00 Uhr, und f\u00fcr uns war klar: Heute z\u00e4hlt nur ein Sieg \u2013 nichts anderes. Mit einer starken Truppe gingen wir an den Start. Direkt zu Beginn lie\u00dfen wir nichts anbrennen, f\u00fchrten schnell mit 6:0 und gaben bis dahin nur ein einziges Leg ab. Auch im n\u00e4chsten Block traten wir \u00e4hnlich dominant auf, verloren lediglich ein Spiel und insgesamt vier Legs. Ein Unentschieden war zu diesem Zeitpunkt bereits sicher, und der Sieg lag in greifbarer N\u00e4he. In der Folge wechselten wir zweimal, sodass alle Spieler Spielpraxis sammeln konnten. Bis zum Schluss dominierten wir die Partie und gewannen die einzelnen Spiele. So stand am Ende ein 4:18-Ausw\u00e4rtserfolg und damit zwei ganz wichtige Punkte f\u00fcr uns. Diese Einstellung und Leistung m\u00fcssen wir auch in den n\u00e4chsten Spielen an den Tag legen dann werden wir mit Sicherheit die n\u00f6tigen Siege einfahren.<\/p><p>F\u00fcr uns hei\u00dft es trotzdem: weiter hart trainieren und hungrig auf die n\u00e4chsten Partien bleiben!<\/p><p>Bestleistungen:<\/p><p>&nbsp;<\/p><style>        table {            width: 100%;            border-collapse: collapse;        }        th, td {            border: 1px solid black;            padding: 8px;            text-align: left;        }        th {            background-color: #f2f2f2;        }    <\/style><h2>Bestleistungen:<\/h2><table><tbody><tr><\/tr><tr><td>Mike Kweseleit<\/td><td>Highscore '160-177'<\/td><td>1<\/td><td>160<\/td><\/tr><tr><td>Dennis Kuschel<\/td><td>Highscore '180'<\/td><td>1<\/td><td>180<\/td><\/tr><tr><td>Mike Kweseleit<\/td><td>Highfinish<\/td><td>1<\/td><td>118<\/td><\/tr><tr><td>Mike Kweseleit<\/td><td>Highfinish<\/td><td>1<\/td><td>110<\/td><\/tr><tr><td>Mario Heisterkamp<\/td><td>Shortgame '9-24'<\/td><td>1<\/td><td>20<\/td><\/tr><tr><td>Nils Stoltenberg<\/td><td>Shortgame '9-24'<\/td><td>1<\/td><td>20<\/td><\/tr><tr><td>Mike Kweseleit<\/td><td>Shortgame '9-24'<\/td><td>1<\/td><td>23<\/td><\/tr><tr><td>Mike Kweseleit<\/td><td>Shortgame '9-24'<\/td><td>2<\/td><td>24<\/td><\/tr><tr><td>Robin Witt<\/td><td>Shortgame '9-24'<\/td><td>1<\/td><td>24<\/td><\/tr><tr><td>Nils Stoltenberg \/ Mike Kweseleit<\/td><td>Shortgame Doppel 9-24<\/td><td>1<\/td><td>19<\/td><\/tr><tr><td>Robin Witt \/ Mike Kweseleit<\/td><td>Shortgame Doppel 9-24<\/td><td>1<\/td><td>21<\/td><\/tr><tr><td>Dennis Kuschel \/ Mike Kweseleit<\/td><td>Shortgame Doppel 9-24<\/td><td>1<\/td><td>24<\/td><\/tr><\/tbody><\/table><\/div>\n<\/div>\n\n<div class=\"fw-row\">\n\t<div class=\"fw-col-xs-12\">\n\t<\/div>\n<\/div>\n\n<div class=\"fw-row\">\n\t<div class=\"fw-col-xs-12\">\n\t<\/div>\n<\/div>\n\n\t<\/div>\n<\/section>\n\n","protected":false},"excerpt":{"rendered":"<p>Am 16.02.2025 stand f\u00fcr uns das Nachbarschaftsduell mit dem TSV L\u00fctjenburg an. Der Tabellenletzte empfing uns um 12:00 Uhr, und f\u00fcr uns war klar: Heute z\u00e4hlt nur ein Sieg \u2013 nichts anderes. Mit einer starken Truppe gingen wir an den Start. Direkt zu Beginn lie\u00dfen wir nichts anbrennen, f\u00fchrten schnell mit 6:0 und gaben bis [&hellip;]<\/p>\n","protected":false},"author":1,"featured_media":0,"parent":0,"menu_order":0,"comment_status":"closed","ping_status":"closed","template":"","meta":{"om_disable_all_campaigns":false,"_monsterinsights_skip_tracking":false,"_monsterinsights_sitenote_active":false,"_monsterinsights_sitenote_note":"","_monsterinsights_sitenote_category":0,"footnotes":""},"aioseo_notices":[],"_links":{"self":[{"href":"https:\/\/xn--sus-hhndorf-gdersdorf-leci.de\/index.php?rest_route=\/wp\/v2\/pages\/512"}],"collection":[{"href":"https:\/\/xn--sus-hhndorf-gdersdorf-leci.de\/index.php?rest_route=\/wp\/v2\/pages"}],"about":[{"href":"https:\/\/xn--sus-hhndorf-gdersdorf-leci.de\/index.php?rest_route=\/wp\/v2\/types\/page"}],"author":[{"embeddable":true,"href":"https:\/\/xn--sus-hhndorf-gdersdorf-leci.de\/index.php?rest_route=\/wp\/v2\/users\/1"}],"replies":[{"embeddable":true,"href":"https:\/\/xn--sus-hhndorf-gdersdorf-leci.de\/index.php?rest_route=%2Fwp%2Fv2%2Fcomments&post=512"}],"version-history":[{"count":6,"href":"https:\/\/xn--sus-hhndorf-gdersdorf-leci.de\/index.php?rest_route=\/wp\/v2\/pages\/512\/revisions"}],"predecessor-version":[{"id":583,"href":"https:\/\/xn--sus-hhndorf-gdersdorf-leci.de\/index.php?rest_route=\/wp\/v2\/pages\/512\/revisions\/583"}],"wp:attachment":[{"href":"https:\/\/xn--sus-hhndorf-gdersdorf-leci.de\/index.php?rest_route=%2Fwp%2Fv2%2Fmedia&parent=512"}],"curies":[{"name":"wp","href":"https:\/\/api.w.org\/{rel}","templated":true}]}}