{"id":488,"date":"2025-02-14T11:40:36","date_gmt":"2025-02-14T10:40:36","guid":{"rendered":"https:\/\/xn--sus-hhndorf-gdersdorf-leci.de\/?page_id=488"},"modified":"2025-03-28T17:09:47","modified_gmt":"2025-03-28T16:09:47","slug":"hoehndorfer-bulls-eyes-daldorfer-sv-dc-hornets-1-i-913","status":"publish","type":"page","link":"https:\/\/xn--sus-hhndorf-gdersdorf-leci.de\/?page_id=488","title":{"rendered":"6. Spieltag H\u00f6hndorfer Bull`s Eyes \u2013 Daldorfer SV \u2013 DC Hornets 1 I 9:13"},"content":{"rendered":"<section class=\"fw-main-row \"  >\n\t<div class=\"fw-container\">\n\t\t<div class=\"fw-row\">\n\t<div class=\"fw-col-xs-12\">\n\t<p>Am 26.01.2025 stand f\u00fcr uns das n\u00e4chste Heimspiel auf dem Programm. Wir empfingen den ungeschlagenen Tabellenf\u00fchrer aus Daldorf. Die Tabellensituation lie\u00df eigentlich kein knappes Ergebnis erwarten, doch der Spielverlauf sollte anders aussehen.<\/p><p>Dieses Mal konnten wir endlich einen guten Start in die Partie hinlegen und f\u00fchrten nach dem ersten Einzel- und Doppelblock \u00fcberraschend mit 4:2. Danach verloren wir jedoch das Spielgl\u00fcck und konnten die engen Partien nicht \u00fcberzeugend auf unsere Seite ziehen, sodass Daldorf den knappen R\u00fcckstand egalisierte und auf 5:7 stellte. Von dort an gewannen die G\u00e4ste wieder vermehrt an Gelassenheit und Sicherheit. Vor dem letzten Einzelblock war der Sieg f\u00fcr die G\u00e4ste leider schon klar.<\/p><p>Im letzten Einzelblock gewannen wir dann noch drei der letzten vier Spiele und konnten das Ergebnis somit wieder leistungsgerecht knapp gestalten. Auch die Legbilanz zeigt, wie knapp das Spiel tats\u00e4chlich war \u2013 dort mussten wir uns nur mit 26:28 geschlagen geben.<\/p><p>Auch wenn uns dieses Spiel keine Punkte einbringt, zeigt es uns, dass wir auf dem richtigen Weg sind und mit unserer Leistung zufrieden sein k\u00f6nnen. Wir blicken also zuversichtlich auf die restlichen Partien und werden alles daransetzen, in der Liga bestehen zu k\u00f6nnen.<\/p><p><strong>Bestleistungen:<\/p><style>        table {            width: 100%;            border-collapse: collapse;        }        th, td {            border: 1px solid black;            padding: 8px;            text-align: left;        }        th {            background-color: #f2f2f2;        }    <\/style><table><tbody><tr><td>Christian Ridder<\/td><td>Highscore<\/td><td>180<\/td><td>1<\/td><td>180<\/td><\/tr><tr><td>Nils Stoltenberg<\/td><td>Highfinish<\/td><td>1<\/td><td>1<\/td><td>118<\/td><\/tr><tr><td>Robin Witt<\/td><td>Highfinish<\/td><td>1<\/td><td>1<\/td><td>110<\/td><\/tr><tr><td>Christian Ridder<\/td><td>Shortgame<\/td><td>9-24<\/td><td>1<\/td><td>16<\/td><\/tr><tr><td>Mike Kweseleit<\/td><td>Shortgame<\/td><td>9-24<\/td><td>1<\/td><td>20<\/td><\/tr><tr><td>Nils Stoltenberg<\/td><td>Shortgame<\/td><td>9-24<\/td><td>1<\/td><td>21<\/td><\/tr><tr><td>Robin Witt<\/td><td>Shortgame<\/td><td>9-24<\/td><td>1<\/td><td>21<\/td><\/tr><tr><td>Mike Kweseleit \/ Nils Stoltenberg<\/td><td>Shortgame Doppel<\/td><td>9-24<\/td><td>1<\/td><td>23<\/td><\/tr><\/tbody><\/table><\/div>\n<\/div>\n\n\t<\/div>\n<\/section>\n\n","protected":false},"excerpt":{"rendered":"<p>Am 26.01.2025 stand f\u00fcr uns das n\u00e4chste Heimspiel auf dem Programm. Wir empfingen den ungeschlagenen Tabellenf\u00fchrer aus Daldorf. Die Tabellensituation lie\u00df eigentlich kein knappes Ergebnis erwarten, doch der Spielverlauf sollte anders aussehen.Dieses Mal konnten wir endlich einen guten Start in die Partie hinlegen und f\u00fchrten nach dem ersten Einzel- und Doppelblock \u00fcberraschend mit 4:2. Danach [&hellip;]<\/p>\n","protected":false},"author":1,"featured_media":0,"parent":0,"menu_order":0,"comment_status":"closed","ping_status":"closed","template":"","meta":{"om_disable_all_campaigns":false,"_monsterinsights_skip_tracking":false,"_monsterinsights_sitenote_active":false,"_monsterinsights_sitenote_note":"","_monsterinsights_sitenote_category":0,"footnotes":""},"aioseo_notices":[],"_links":{"self":[{"href":"https:\/\/xn--sus-hhndorf-gdersdorf-leci.de\/index.php?rest_route=\/wp\/v2\/pages\/488"}],"collection":[{"href":"https:\/\/xn--sus-hhndorf-gdersdorf-leci.de\/index.php?rest_route=\/wp\/v2\/pages"}],"about":[{"href":"https:\/\/xn--sus-hhndorf-gdersdorf-leci.de\/index.php?rest_route=\/wp\/v2\/types\/page"}],"author":[{"embeddable":true,"href":"https:\/\/xn--sus-hhndorf-gdersdorf-leci.de\/index.php?rest_route=\/wp\/v2\/users\/1"}],"replies":[{"embeddable":true,"href":"https:\/\/xn--sus-hhndorf-gdersdorf-leci.de\/index.php?rest_route=%2Fwp%2Fv2%2Fcomments&post=488"}],"version-history":[{"count":5,"href":"https:\/\/xn--sus-hhndorf-gdersdorf-leci.de\/index.php?rest_route=\/wp\/v2\/pages\/488\/revisions"}],"predecessor-version":[{"id":582,"href":"https:\/\/xn--sus-hhndorf-gdersdorf-leci.de\/index.php?rest_route=\/wp\/v2\/pages\/488\/revisions\/582"}],"wp:attachment":[{"href":"https:\/\/xn--sus-hhndorf-gdersdorf-leci.de\/index.php?rest_route=%2Fwp%2Fv2%2Fmedia&parent=488"}],"curies":[{"name":"wp","href":"https:\/\/api.w.org\/{rel}","templated":true}]}}