{"id":481,"date":"2025-02-14T11:33:40","date_gmt":"2025-02-14T10:33:40","guid":{"rendered":"https:\/\/xn--sus-hhndorf-gdersdorf-leci.de\/?page_id=481"},"modified":"2025-03-28T17:06:38","modified_gmt":"2025-03-28T16:06:38","slug":"hoehndorfer-bulls-eyes-tsv-fissau-shg-cocker-2-i-913","status":"publish","type":"page","link":"https:\/\/xn--sus-hhndorf-gdersdorf-leci.de\/?page_id=481","title":{"rendered":"5. Spieltag H\u00f6hndorfer Bull`s Eyes \u2013 TSV Fissau \u2013 SHG Cocker 2 I 9:13"},"content":{"rendered":"<section class=\"fw-main-row \"  >\n\t<div class=\"fw-container\">\n\t\t<div class=\"fw-row\">\n\t<div class=\"fw-col-xs-12\">\n\t<p>Am 17.01.2025 empfingen wir die SHG Cocker 2 vom TSV Fissau zum Nachholspiel des 5. Spieltags. Es war im Vorhinein klar, dass es f\u00fcr uns ein sehr richtungsweisendes Spiel sein k\u00f6nnte. Mit einem Sieg hatten wir die M\u00f6glichkeit, auf Tabellenplatz zwei zu springen. Mit einer Niederlage w\u00e4ren wir auf den zweiten Abstiegsplatz abgerutscht.<\/p><p>Leider war genau diese Anspannung im ersten Block bei uns zu sp\u00fcren, sodass es nach den ersten vier Einzelspielen aus unserer Sicht 1:3 stand. Von dort an konnten wir diesen knappen R\u00fcckstand bis zum letzten Einzelblock halten, kamen aber leider nicht gef\u00e4hrlich nah genug heran, sodass wir im letzten Block nur noch Au\u00dfenseiterchancen hatten. Diese lie\u00dfen wir letztendlich leider auch ungenutzt und mussten uns somit mit 9:13 geschlagen geben.<\/p><p>F\u00fcr uns hei\u00dft es nun aber: den Kopf nicht in den Sand stecken, sondern weiter trainieren und als Team noch enger zusammenwachsen. Nur dann werden wir auch wieder Erfolge einfahren!<\/p><p><strong>Bestleistungen:<\/strong><\/p><style>        table {            width: 100%;            border-collapse: collapse;        }        th, td {            border: 1px solid black;            padding: 8px;            text-align: left;        }        th {            background-color: #f2f2f2;        }    <\/style><table><tbody><tr><\/tr><tr><td>Frederik Fanter<\/td><td>Highscore<\/td><td>160-177<\/td><td>1<\/td><td>160<\/td><\/tr><tr><td>Frederik Fanter<\/td><td>Shortgame<\/td><td>9-24<\/td><td>1<\/td><td>20<\/td><\/tr><tr><td>Frederik Fanter<\/td><td>Shortgame<\/td><td>9-24<\/td><td>1<\/td><td>22<\/td><\/tr><tr><td>Christian Ridder<\/td><td>Shortgame<\/td><td>9-24<\/td><td>1<\/td><td>22<\/td><\/tr><tr><td>Robin Witt<\/td><td>Shortgame<\/td><td>9-24<\/td><td>1<\/td><td>23<\/td><\/tr><tr><td>Nils Stoltenberg \/ Robin Witt<\/td><td>Shortgame Doppel<\/td><td>9-24<\/td><td>1<\/td><td>22<\/td><\/tr><tr><td>Nils Stoltenberg \/ Frederik Fanter<\/td><td>Shortgame Doppel<\/td><td>9-24<\/td><td>1<\/td><td>23<\/td><\/tr><\/tbody><\/table><\/div>\n<\/div>\n\n\t<\/div>\n<\/section>\n\n","protected":false},"excerpt":{"rendered":"<p>Am 17.01.2025 empfingen wir die SHG Cocker 2 vom TSV Fissau zum Nachholspiel des 5. Spieltags. Es war im Vorhinein klar, dass es f\u00fcr uns ein sehr richtungsweisendes Spiel sein k\u00f6nnte. Mit einem Sieg hatten wir die M\u00f6glichkeit, auf Tabellenplatz zwei zu springen. Mit einer Niederlage w\u00e4ren wir auf den zweiten Abstiegsplatz abgerutscht.Leider war genau [&hellip;]<\/p>\n","protected":false},"author":1,"featured_media":0,"parent":0,"menu_order":0,"comment_status":"closed","ping_status":"closed","template":"","meta":{"om_disable_all_campaigns":false,"_monsterinsights_skip_tracking":false,"_monsterinsights_sitenote_active":false,"_monsterinsights_sitenote_note":"","_monsterinsights_sitenote_category":0,"footnotes":""},"aioseo_notices":[],"_links":{"self":[{"href":"https:\/\/xn--sus-hhndorf-gdersdorf-leci.de\/index.php?rest_route=\/wp\/v2\/pages\/481"}],"collection":[{"href":"https:\/\/xn--sus-hhndorf-gdersdorf-leci.de\/index.php?rest_route=\/wp\/v2\/pages"}],"about":[{"href":"https:\/\/xn--sus-hhndorf-gdersdorf-leci.de\/index.php?rest_route=\/wp\/v2\/types\/page"}],"author":[{"embeddable":true,"href":"https:\/\/xn--sus-hhndorf-gdersdorf-leci.de\/index.php?rest_route=\/wp\/v2\/users\/1"}],"replies":[{"embeddable":true,"href":"https:\/\/xn--sus-hhndorf-gdersdorf-leci.de\/index.php?rest_route=%2Fwp%2Fv2%2Fcomments&post=481"}],"version-history":[{"count":9,"href":"https:\/\/xn--sus-hhndorf-gdersdorf-leci.de\/index.php?rest_route=\/wp\/v2\/pages\/481\/revisions"}],"predecessor-version":[{"id":579,"href":"https:\/\/xn--sus-hhndorf-gdersdorf-leci.de\/index.php?rest_route=\/wp\/v2\/pages\/481\/revisions\/579"}],"wp:attachment":[{"href":"https:\/\/xn--sus-hhndorf-gdersdorf-leci.de\/index.php?rest_route=%2Fwp%2Fv2%2Fmedia&parent=481"}],"curies":[{"name":"wp","href":"https:\/\/api.w.org\/{rel}","templated":true}]}}