{"id":414,"date":"2025-01-03T10:51:06","date_gmt":"2025-01-03T09:51:06","guid":{"rendered":"https:\/\/xn--sus-hhndorf-gdersdorf-leci.de\/?page_id=414"},"modified":"2025-03-28T11:28:39","modified_gmt":"2025-03-28T10:28:39","slug":"q-darts-bornhoeved-hoehndorfer-bulls-eyes-i-913","status":"publish","type":"page","link":"https:\/\/xn--sus-hhndorf-gdersdorf-leci.de\/?page_id=414","title":{"rendered":"3. Spieltag Q-Darts Bornh\u00f6ved \u2013 H\u00f6hndorfer Bull`s Eyes I 9:13"},"content":{"rendered":"<section class=\"fw-main-row \"  >\n\t<div class=\"fw-container\">\n\t\t<div class=\"fw-row\">\n\t<div class=\"fw-col-xs-12\">\n\t<p>Am 27.10.2024 stand f\u00fcr uns der 3. Spieltag in der Bezirksklasse Ost auf dem Programm. F\u00fcr unser Team war es jedoch das erste Saisonspiel, da die beiden vorherigen Partien verlegt werden mussten. Besonders war auch, dass gleich drei unserer Spieler ihr Deb\u00fct in einer vom SHDV gef\u00fchrten Liga feierten (Bernd, Maik, Marco).<\/p><p>Wir erwischten einen herausragenden Start in die Partie: Unsere Deb\u00fctanten zeigten sich v\u00f6llig unbeeindruckt, sodass wir nach den ersten sechs Spielen mit 5:1 in F\u00fchrung lagen. Den folgenden Einzelblock konnten wir ausgeglichen gestalten, bevor wir uns durch zwei Siege in den Doppeln weiter absetzen konnten.<\/p><p>Im dritten Einzelblock gerieten wir kurz ins Straucheln und verloren drei der vier Partien. Dennoch gelang es uns im weiteren Spielverlauf, die Begegnung ausgeglichen zu halten. Dank unserer starken Anfangsphase sicherten wir uns am Ende den ersten Saisonsieg!<\/p><p><strong>Bestleistungen:<\/strong><\/p><style>        table {            width: 100%;            border-collapse: collapse;        }        th, td {            border: 1px solid black;            padding: 8px;            text-align: left;        }        th {            background-color: #f2f2f2;        }    <\/style><table><thead><\/thead><tbody><tr><td>Marco Grupp<\/td><td>Highscore '160-177'<\/td><td>1<\/td><td>160<\/td><\/tr><tr><td>Nils Stoltenberg<\/td><td>Shortgame '9-24'<\/td><td>1<\/td><td>21<\/td><\/tr><tr><td>Mike Kweseleit<\/td><td>Shortgame '9-24'<\/td><td>1<\/td><td>22<\/td><\/tr><tr><td>Nils Stoltenberg<\/td><td>Shortgame '9-24'<\/td><td>2<\/td><td>23<\/td><\/tr><tr><td>Nils Stoltenberg<\/td><td>Shortgame '9-24'<\/td><td>1<\/td><td>24<\/td><\/tr><tr><td>Bernd Horstmann \/ Mario Heisterkamp<\/td><td>Shortgame Doppel '9-24'<\/td><td>1<\/td><td>22<\/td><\/tr><\/tbody><\/table><\/div>\n<\/div>\n\n\t<\/div>\n<\/section>\n\n","protected":false},"excerpt":{"rendered":"<p>Am 27.10.2024 stand f\u00fcr uns der 3. Spieltag in der Bezirksklasse Ost auf dem Programm. F\u00fcr unser Team war es jedoch das erste Saisonspiel, da die beiden vorherigen Partien verlegt werden mussten. Besonders war auch, dass gleich drei unserer Spieler ihr Deb\u00fct in einer vom SHDV gef\u00fchrten Liga feierten (Bernd, Maik, Marco).Wir erwischten einen herausragenden [&hellip;]<\/p>\n","protected":false},"author":1,"featured_media":0,"parent":0,"menu_order":0,"comment_status":"closed","ping_status":"closed","template":"","meta":{"om_disable_all_campaigns":false,"_monsterinsights_skip_tracking":false,"_monsterinsights_sitenote_active":false,"_monsterinsights_sitenote_note":"","_monsterinsights_sitenote_category":0,"footnotes":""},"aioseo_notices":[],"_links":{"self":[{"href":"https:\/\/xn--sus-hhndorf-gdersdorf-leci.de\/index.php?rest_route=\/wp\/v2\/pages\/414"}],"collection":[{"href":"https:\/\/xn--sus-hhndorf-gdersdorf-leci.de\/index.php?rest_route=\/wp\/v2\/pages"}],"about":[{"href":"https:\/\/xn--sus-hhndorf-gdersdorf-leci.de\/index.php?rest_route=\/wp\/v2\/types\/page"}],"author":[{"embeddable":true,"href":"https:\/\/xn--sus-hhndorf-gdersdorf-leci.de\/index.php?rest_route=\/wp\/v2\/users\/1"}],"replies":[{"embeddable":true,"href":"https:\/\/xn--sus-hhndorf-gdersdorf-leci.de\/index.php?rest_route=%2Fwp%2Fv2%2Fcomments&post=414"}],"version-history":[{"count":4,"href":"https:\/\/xn--sus-hhndorf-gdersdorf-leci.de\/index.php?rest_route=\/wp\/v2\/pages\/414\/revisions"}],"predecessor-version":[{"id":555,"href":"https:\/\/xn--sus-hhndorf-gdersdorf-leci.de\/index.php?rest_route=\/wp\/v2\/pages\/414\/revisions\/555"}],"wp:attachment":[{"href":"https:\/\/xn--sus-hhndorf-gdersdorf-leci.de\/index.php?rest_route=%2Fwp%2Fv2%2Fmedia&parent=414"}],"curies":[{"name":"wp","href":"https:\/\/api.w.org\/{rel}","templated":true}]}}