{"id":411,"date":"2025-01-03T10:50:12","date_gmt":"2025-01-03T09:50:12","guid":{"rendered":"https:\/\/xn--sus-hhndorf-gdersdorf-leci.de\/?page_id=411"},"modified":"2025-03-28T17:19:52","modified_gmt":"2025-03-28T16:19:52","slug":"mtv-segeberg-steeldarts-hoehndorfer-bulls-eyes-i-157","status":"publish","type":"page","link":"https:\/\/xn--sus-hhndorf-gdersdorf-leci.de\/?page_id=411","title":{"rendered":"4. Spieltag MTV Segeberg Steeldarts &#8211; H\u00f6hndorfer Bull`s Eyes I 15:7"},"content":{"rendered":"<section class=\"fw-main-row \"  >\n\t<div class=\"fw-container\">\n\t\t<div class=\"fw-row\">\n\t<div class=\"fw-col-xs-12\">\n\t<p>Am 4. Spieltag f\u00fchrte uns eine Ausw\u00e4rtsfahrt nach Bad Segeberg, wo wir bei den MTV Segeberg Steeldarts zu Gast waren. Dieses Mal feierte Frederik sein Deb\u00fct. Er beeindruckte direkt in seinem ersten Spiel mit einem Average von 62,63 Punkten.<\/p><p>Leider erwischten wir diesmal keinen guten Start in die Partie. Nach den ersten sechs Spielen lagen wir mit 2:4 im R\u00fcckstand. Zwar konnten wir die folgenden Spiele ausgeglichen gestalten, doch der knappe R\u00fcckstand blieb bis in die entscheidende Phase bestehen. Genau in dieser wichtigen Phase lie\u00df unsere Leistung an diesem Tag zu w\u00fcnschen \u00fcbrig, und wir mussten die letzten sechs Spiele allesamt abgeben.<\/p><p>Wir nehmen die positiven Ans\u00e4tze aus diesem Spiel mit und wissen, dass wir im Training noch h\u00e4rter arbeiten m\u00fcssen, um k\u00fcnftig st\u00e4rker aufzutreten.<\/p><p>Bestleistungen:<\/p><table border=\"1\"><tbody><tr><td>Frederik Fanter<\/td><td>Shortgame '9-24'<\/td><td>1<\/td><td>23<\/td><\/tr><tr><td>Nils Stoltenberg<\/td><td>Shortgame '9-24'<\/td><td>2<\/td><td>24<\/td><\/tr><tr><td>Mario Heisterkamp \/ Marco Grupp<\/td><td>Shortgame Doppel 9-24<\/td><td>1<\/td><td>23<\/td><\/tr><\/tbody><\/table><\/div>\n<\/div>\n\n\t<\/div>\n<\/section>\n\n","protected":false},"excerpt":{"rendered":"<p>Am 4. Spieltag f\u00fchrte uns eine Ausw\u00e4rtsfahrt nach Bad Segeberg, wo wir bei den MTV Segeberg Steeldarts zu Gast waren. Dieses Mal feierte Frederik sein Deb\u00fct. Er beeindruckte direkt in seinem ersten Spiel mit einem Average von 62,63 Punkten.Leider erwischten wir diesmal keinen guten Start in die Partie. Nach den ersten sechs Spielen lagen wir [&hellip;]<\/p>\n","protected":false},"author":1,"featured_media":0,"parent":0,"menu_order":0,"comment_status":"closed","ping_status":"closed","template":"","meta":{"om_disable_all_campaigns":false,"_monsterinsights_skip_tracking":false,"_monsterinsights_sitenote_active":false,"_monsterinsights_sitenote_note":"","_monsterinsights_sitenote_category":0,"footnotes":""},"aioseo_notices":[],"_links":{"self":[{"href":"https:\/\/xn--sus-hhndorf-gdersdorf-leci.de\/index.php?rest_route=\/wp\/v2\/pages\/411"}],"collection":[{"href":"https:\/\/xn--sus-hhndorf-gdersdorf-leci.de\/index.php?rest_route=\/wp\/v2\/pages"}],"about":[{"href":"https:\/\/xn--sus-hhndorf-gdersdorf-leci.de\/index.php?rest_route=\/wp\/v2\/types\/page"}],"author":[{"embeddable":true,"href":"https:\/\/xn--sus-hhndorf-gdersdorf-leci.de\/index.php?rest_route=\/wp\/v2\/users\/1"}],"replies":[{"embeddable":true,"href":"https:\/\/xn--sus-hhndorf-gdersdorf-leci.de\/index.php?rest_route=%2Fwp%2Fv2%2Fcomments&post=411"}],"version-history":[{"count":4,"href":"https:\/\/xn--sus-hhndorf-gdersdorf-leci.de\/index.php?rest_route=\/wp\/v2\/pages\/411\/revisions"}],"predecessor-version":[{"id":575,"href":"https:\/\/xn--sus-hhndorf-gdersdorf-leci.de\/index.php?rest_route=\/wp\/v2\/pages\/411\/revisions\/575"}],"wp:attachment":[{"href":"https:\/\/xn--sus-hhndorf-gdersdorf-leci.de\/index.php?rest_route=%2Fwp%2Fv2%2Fmedia&parent=411"}],"curies":[{"name":"wp","href":"https:\/\/api.w.org\/{rel}","templated":true}]}}