{"id":408,"date":"2025-01-03T10:49:30","date_gmt":"2025-01-03T09:49:30","guid":{"rendered":"https:\/\/xn--sus-hhndorf-gdersdorf-leci.de\/?page_id=408"},"modified":"2025-03-28T11:25:04","modified_gmt":"2025-03-28T10:25:04","slug":"hoehndorfer-bulls-eyes-tsv-luetjenburg-luettenborger-1-i-220","status":"publish","type":"page","link":"https:\/\/xn--sus-hhndorf-gdersdorf-leci.de\/?page_id=408","title":{"rendered":"2. Spieltag H\u00f6hndorfer Bull`s Eyes \u2013 TSV L\u00fctjenburg \u2013 L\u00fcttenborger 1 I 22:0"},"content":{"rendered":"<section class=\"fw-main-row \"  >\n\t<div class=\"fw-container\">\n\t\t<div class=\"fw-row\">\n\t<div class=\"fw-col-xs-12\">\n\t<p>Am 15.11.2024 sollte eigentlich unser erstes Heimspiel der laufenden Saison stattfinden. Unsere G\u00e4ste hatten freundlicherweise einer Verlegung auf diesen Termin zugestimmt. Leider informierten sie uns jedoch im Vorfeld dar\u00fcber, dass sie aufgrund von Personalmangel nicht antreten k\u00f6nnen und auch keinen Ersatztermin anbieten k\u00f6nnen. Somit ging das Spiel kampflos mit 22:0 an uns.<br \/><br \/>Wir hatten uns sehr auf dieses Spiel gefreut und h\u00e4tten dieses Derby lieber am Board ausgetragen und gewonnen. Dennoch bedanken wir uns beim TSV L\u00fctjenburg f\u00fcr den offenen und freundlichen Austausch!<br \/><br \/>Bestleistungen:<br \/>\/<\/p><\/div>\n<\/div>\n\n\t<\/div>\n<\/section>\n\n","protected":false},"excerpt":{"rendered":"<p>Am 15.11.2024 sollte eigentlich unser erstes Heimspiel der laufenden Saison stattfinden. Unsere G\u00e4ste hatten freundlicherweise einer Verlegung auf diesen Termin zugestimmt. Leider informierten sie uns jedoch im Vorfeld dar\u00fcber, dass sie aufgrund von Personalmangel nicht antreten k\u00f6nnen und auch keinen Ersatztermin anbieten k\u00f6nnen. Somit ging das Spiel kampflos mit 22:0 an uns.Wir hatten uns sehr [&hellip;]<\/p>\n","protected":false},"author":1,"featured_media":0,"parent":0,"menu_order":0,"comment_status":"closed","ping_status":"closed","template":"","meta":{"om_disable_all_campaigns":false,"_monsterinsights_skip_tracking":false,"_monsterinsights_sitenote_active":false,"_monsterinsights_sitenote_note":"","_monsterinsights_sitenote_category":0,"footnotes":""},"aioseo_notices":[],"_links":{"self":[{"href":"https:\/\/xn--sus-hhndorf-gdersdorf-leci.de\/index.php?rest_route=\/wp\/v2\/pages\/408"}],"collection":[{"href":"https:\/\/xn--sus-hhndorf-gdersdorf-leci.de\/index.php?rest_route=\/wp\/v2\/pages"}],"about":[{"href":"https:\/\/xn--sus-hhndorf-gdersdorf-leci.de\/index.php?rest_route=\/wp\/v2\/types\/page"}],"author":[{"embeddable":true,"href":"https:\/\/xn--sus-hhndorf-gdersdorf-leci.de\/index.php?rest_route=\/wp\/v2\/users\/1"}],"replies":[{"embeddable":true,"href":"https:\/\/xn--sus-hhndorf-gdersdorf-leci.de\/index.php?rest_route=%2Fwp%2Fv2%2Fcomments&post=408"}],"version-history":[{"count":2,"href":"https:\/\/xn--sus-hhndorf-gdersdorf-leci.de\/index.php?rest_route=\/wp\/v2\/pages\/408\/revisions"}],"predecessor-version":[{"id":410,"href":"https:\/\/xn--sus-hhndorf-gdersdorf-leci.de\/index.php?rest_route=\/wp\/v2\/pages\/408\/revisions\/410"}],"wp:attachment":[{"href":"https:\/\/xn--sus-hhndorf-gdersdorf-leci.de\/index.php?rest_route=%2Fwp%2Fv2%2Fmedia&parent=408"}],"curies":[{"name":"wp","href":"https:\/\/api.w.org\/{rel}","templated":true}]}}