{"id":405,"date":"2025-01-03T10:48:20","date_gmt":"2025-01-03T09:48:20","guid":{"rendered":"https:\/\/xn--sus-hhndorf-gdersdorf-leci.de\/?page_id=405"},"modified":"2025-03-28T11:24:20","modified_gmt":"2025-03-28T10:24:20","slug":"daldorfer-sv-dc-hornets-1-hoehndorfer-bulls-eyes-i-175","status":"publish","type":"page","link":"https:\/\/xn--sus-hhndorf-gdersdorf-leci.de\/?page_id=405","title":{"rendered":"1. Spieltag Daldorfer SV \u2013 DC Hornets 1 \u2013 H\u00f6hndorfer Bull`s Eyes I 17:5"},"content":{"rendered":"<section class=\"fw-main-row \"  >\n\t<div class=\"fw-container\">\n\t\t<div class=\"fw-row\">\n\t<div class=\"fw-col-xs-12\">\n\t<p>Am 24.11.2024 traten wir beim aktuellen Spitzenreiter, dem Daldorfer SV, an, um den 1. Spieltag nachzuholen. Unsere Gegner waren bis dahin ungeschlagen und das Ma\u00df aller Dinge in der Bezirksklasse Ost. Entsprechend gingen wir als klarer Au\u00dfenseiter in die Partie.<\/p><p>Dennoch gelang uns ein starker Auftakt: Wir konnten die ersten beiden Spiele direkt f\u00fcr uns entscheiden. Im Raum kam kurz die Hoffnung auf, dass es ein enges Spiel werden k\u00f6nnte und vielleicht sogar eine \u00dcberraschung in der Luft liegt. Doch im weiteren Verlauf wurde schnell deutlich, dass dies nicht der Fall sein w\u00fcrde. Aus den n\u00e4chsten zwanzig Partien konnten wir lediglich drei weitere Siege holen.<\/p><p>Trotzdem gab es einige knappe Spiele, die mit etwas mehr Erfahrung in Zukunft vielleicht zugunsten unserer Mannschaft ausgehen k\u00f6nnten. Letztendlich konnte jeder von uns wertvolle Erfahrungen aus dieser Begegnung mitnehmen, um gest\u00e4rkt in das n\u00e4chste Ligaspiel zu gehen!<\/p><p><strong>Bestleistungen:<\/strong><\/p><table border=\"1\"><tbody><tr><td>Nils Stoltenberg<\/td><td>Shortgame '9-24'<\/td><td>1<\/td><td>21<\/td><\/tr><tr><td>Frederik Fanter \/ Robin Witt<\/td><td>Shortgame Doppel 9-24<\/td><td>1<\/td><td>24<\/td><\/tr><\/tbody><\/table><\/div>\n<\/div>\n\n\t<\/div>\n<\/section>\n\n","protected":false},"excerpt":{"rendered":"<p>Am 24.11.2024 traten wir beim aktuellen Spitzenreiter, dem Daldorfer SV, an, um den 1. Spieltag nachzuholen. Unsere Gegner waren bis dahin ungeschlagen und das Ma\u00df aller Dinge in der Bezirksklasse Ost. Entsprechend gingen wir als klarer Au\u00dfenseiter in die Partie.Dennoch gelang uns ein starker Auftakt: Wir konnten die ersten beiden Spiele direkt f\u00fcr uns entscheiden. [&hellip;]<\/p>\n","protected":false},"author":1,"featured_media":0,"parent":0,"menu_order":0,"comment_status":"closed","ping_status":"closed","template":"","meta":{"om_disable_all_campaigns":false,"_monsterinsights_skip_tracking":false,"_monsterinsights_sitenote_active":false,"_monsterinsights_sitenote_note":"","_monsterinsights_sitenote_category":0,"footnotes":""},"aioseo_notices":[],"_links":{"self":[{"href":"https:\/\/xn--sus-hhndorf-gdersdorf-leci.de\/index.php?rest_route=\/wp\/v2\/pages\/405"}],"collection":[{"href":"https:\/\/xn--sus-hhndorf-gdersdorf-leci.de\/index.php?rest_route=\/wp\/v2\/pages"}],"about":[{"href":"https:\/\/xn--sus-hhndorf-gdersdorf-leci.de\/index.php?rest_route=\/wp\/v2\/types\/page"}],"author":[{"embeddable":true,"href":"https:\/\/xn--sus-hhndorf-gdersdorf-leci.de\/index.php?rest_route=\/wp\/v2\/users\/1"}],"replies":[{"embeddable":true,"href":"https:\/\/xn--sus-hhndorf-gdersdorf-leci.de\/index.php?rest_route=%2Fwp%2Fv2%2Fcomments&post=405"}],"version-history":[{"count":6,"href":"https:\/\/xn--sus-hhndorf-gdersdorf-leci.de\/index.php?rest_route=\/wp\/v2\/pages\/405\/revisions"}],"predecessor-version":[{"id":553,"href":"https:\/\/xn--sus-hhndorf-gdersdorf-leci.de\/index.php?rest_route=\/wp\/v2\/pages\/405\/revisions\/553"}],"wp:attachment":[{"href":"https:\/\/xn--sus-hhndorf-gdersdorf-leci.de\/index.php?rest_route=%2Fwp%2Fv2%2Fmedia&parent=405"}],"curies":[{"name":"wp","href":"https:\/\/api.w.org\/{rel}","templated":true}]}}