{"id":395,"date":"2025-01-03T10:43:14","date_gmt":"2025-01-03T09:43:14","guid":{"rendered":"https:\/\/xn--sus-hhndorf-gdersdorf-leci.de\/?page_id=395"},"modified":"2025-03-28T17:31:08","modified_gmt":"2025-03-28T16:31:08","slug":"3-einzel-dartturnier-hoehndorfer-bulls-eyes","status":"publish","type":"page","link":"https:\/\/xn--sus-hhndorf-gdersdorf-leci.de\/?page_id=395","title":{"rendered":"3. Dartturnier H\u00f6hndorfer Bull&#8217;s Eyes 27.07.2024"},"content":{"rendered":"<section class=\"fw-main-row \"  >\n\t<div class=\"fw-container\">\n\t\t<div class=\"fw-row\">\n\t<div class=\"fw-col-xs-12\">\n\t<p>Am 27.07.2024 richteten die H\u00f6hndorfer Bull's Eyes das dritte Einzel-Dartturnier des Jahres aus. Dieses Mal waren es 28 Teilnehmer\/innen, die an den Start gingen. Gespielt wurde erneut eine Gruppenphase mit anschlie\u00dfender K.-o.-Phase. Die ersten drei aus jeder Gruppe und der beste Vierte qualifizierten sich daf\u00fcr. Auch dieses Mal war die Gruppenphase von abwechslungsreichen Spielen gepr\u00e4gt. In der K.-o.-Phase wurde das Niveau deutlich erh\u00f6ht. Es fanden viele knappe Spiele statt, bei denen nur Kleinigkeiten entschieden.<br \/><br \/>Im Halbfinale standen sich mit Robin Witt und Mike Kweseleit zwei H\u00f6hndorfer gegen\u00fcber, mit dem besseren Ende f\u00fcr Robin. Im anderen Halbfinale trafen Frank Gosch und Cedrik Sch\u00fcmann aufeinander. Laut den Statistiken k\u00f6nnte man meinen, dass es das vorgezogene Finale war. Frank spielte einen Average von 67,5 und musste sich Cedrik mit 3:1 geschlagen geben, der einen Average von 82,2 spielte.<br \/><br \/>So lautete das Spiel um Platz 3: Mike Kweseleit gegen Frank Gosch, welches deutlich mit 3:0 an Frank ging. Im Finale standen sich Robin Witt und Cedrik Sch\u00fcmann gegen\u00fcber. Es waren nicht viele im Raum, die auf einen Sieg von Robin getippt hatten, und das aus gutem Grund: Cedrik war in bestechender Form und in H\u00f6hndorf noch ungeschlagen. Dies sollte sich in diesem Finale nicht \u00e4ndern. Am Ende gewann Cedrik mit 4:2, und man muss sich fragen, ob Cedrik in H\u00f6hndorf \u00fcberhaupt zu schlagen ist.<br \/><br \/>Wir gratulieren Cedrik Sch\u00fcmann zum Turniersieg und allen Platzierten!<\/p><\/div>\n<\/div>\n\n\t<\/div>\n<\/section>\n\n","protected":false},"excerpt":{"rendered":"<p>Am 27.07.2024 richteten die H\u00f6hndorfer Bull&#8217;s Eyes das dritte Einzel-Dartturnier des Jahres aus. Dieses Mal waren es 28 Teilnehmer\/innen, die an den Start gingen. Gespielt wurde erneut eine Gruppenphase mit anschlie\u00dfender K.-o.-Phase. Die ersten drei aus jeder Gruppe und der beste Vierte qualifizierten sich daf\u00fcr. Auch dieses Mal war die Gruppenphase von abwechslungsreichen Spielen gepr\u00e4gt. [&hellip;]<\/p>\n","protected":false},"author":1,"featured_media":0,"parent":0,"menu_order":0,"comment_status":"closed","ping_status":"closed","template":"","meta":{"om_disable_all_campaigns":false,"_monsterinsights_skip_tracking":false,"_monsterinsights_sitenote_active":false,"_monsterinsights_sitenote_note":"","_monsterinsights_sitenote_category":0,"footnotes":""},"aioseo_notices":[],"_links":{"self":[{"href":"https:\/\/xn--sus-hhndorf-gdersdorf-leci.de\/index.php?rest_route=\/wp\/v2\/pages\/395"}],"collection":[{"href":"https:\/\/xn--sus-hhndorf-gdersdorf-leci.de\/index.php?rest_route=\/wp\/v2\/pages"}],"about":[{"href":"https:\/\/xn--sus-hhndorf-gdersdorf-leci.de\/index.php?rest_route=\/wp\/v2\/types\/page"}],"author":[{"embeddable":true,"href":"https:\/\/xn--sus-hhndorf-gdersdorf-leci.de\/index.php?rest_route=\/wp\/v2\/users\/1"}],"replies":[{"embeddable":true,"href":"https:\/\/xn--sus-hhndorf-gdersdorf-leci.de\/index.php?rest_route=%2Fwp%2Fv2%2Fcomments&post=395"}],"version-history":[{"count":2,"href":"https:\/\/xn--sus-hhndorf-gdersdorf-leci.de\/index.php?rest_route=\/wp\/v2\/pages\/395\/revisions"}],"predecessor-version":[{"id":397,"href":"https:\/\/xn--sus-hhndorf-gdersdorf-leci.de\/index.php?rest_route=\/wp\/v2\/pages\/395\/revisions\/397"}],"wp:attachment":[{"href":"https:\/\/xn--sus-hhndorf-gdersdorf-leci.de\/index.php?rest_route=%2Fwp%2Fv2%2Fmedia&parent=395"}],"curies":[{"name":"wp","href":"https:\/\/api.w.org\/{rel}","templated":true}]}}