{"id":392,"date":"2025-01-03T10:41:31","date_gmt":"2025-01-03T09:41:31","guid":{"rendered":"https:\/\/xn--sus-hhndorf-gdersdorf-leci.de\/?page_id=392"},"modified":"2025-03-28T17:30:09","modified_gmt":"2025-03-28T16:30:09","slug":"1-steeldart-doppelturnier-hoehndorfer-bulls-eyes","status":"publish","type":"page","link":"https:\/\/xn--sus-hhndorf-gdersdorf-leci.de\/?page_id=392","title":{"rendered":"1. Doppel-Dartturnier H\u00f6hndorfer Bull&#8217;s Eyes 15.06.2024"},"content":{"rendered":"<section class=\"fw-main-row \"  >\n\t<div class=\"fw-container\">\n\t\t<div class=\"fw-row\">\n\t<div class=\"fw-col-xs-12\">\n\t<p>Am 15.06.2024 gingen 18 Doppelpartner an den Start, um das erste Steeldart-Doppelturnier der H\u00f6hndorfer Bull's Eyes zu gewinnen. Gespielt wurde in vier Gruppen. Die ersten Zwei jeder Gruppe qualifizierten sich f\u00fcr das A-Feld. Der Rest durfte im B-Feld weiterspielen. Das Teilnehmerfeld war mal wieder eine bunte Mischung aus erfahrenen Spielern und Anf\u00e4ngern. Nachdem die Gruppenphase abgeschlossen war, ging es in die anschlie\u00dfenden K.-o.-Phasen. Dort wurde im A-Feld bis zum Finale \u201eBest of 5 Legs\u201c gespielt. Das Finale wurde dann im Modus \u201eBest of 7 Legs\u201c entschieden. Im B-Feld hie\u00df der Spielmodus \u201eBest of 3 Legs\u201c.<\/p><p>Im Finale des B-Felds standen sich vier H\u00f6hndorfer gegen\u00fcber. Zwei \u00dcberraschungen trafen dort aufeinander: Zum einen Klaus und Marita Witt, mit denen nicht viele im Vorfeld gerechnet hatten, und Nils Stoltenberg und Aaron Ulrich, die viele vorher im A-Feld erwartet hatten. Die gro\u00dfe \u00dcberraschung im Finale blieb jedoch aus. Mit 2:0 konnten Nils und Aaron souver\u00e4n das Finale f\u00fcr sich entscheiden und waren somit die Sieger des B-Felds.<\/p><p>Im A-Feld trafen Frank und Florian Gosch auf Steven Schaumann und Christian Blanck. In einem starken Finale konnten sich letztendlich Frank und Florian mit 4:1 durchsetzen und spielten einen beachtlichen Schnitt von 61. Wir gratulieren Frank und Florian Gosch zum Turniersieg und allen Platzierten!<\/p><\/div>\n<\/div>\n\n\t<\/div>\n<\/section>\n\n","protected":false},"excerpt":{"rendered":"<p>Am 15.06.2024 gingen 18 Doppelpartner an den Start, um das erste Steeldart-Doppelturnier der H\u00f6hndorfer Bull&#8217;s Eyes zu gewinnen. Gespielt wurde in vier Gruppen. Die ersten Zwei jeder Gruppe qualifizierten sich f\u00fcr das A-Feld. Der Rest durfte im B-Feld weiterspielen. Das Teilnehmerfeld war mal wieder eine bunte Mischung aus erfahrenen Spielern und Anf\u00e4ngern. Nachdem die Gruppenphase [&hellip;]<\/p>\n","protected":false},"author":1,"featured_media":0,"parent":0,"menu_order":0,"comment_status":"closed","ping_status":"closed","template":"","meta":{"om_disable_all_campaigns":false,"_monsterinsights_skip_tracking":false,"_monsterinsights_sitenote_active":false,"_monsterinsights_sitenote_note":"","_monsterinsights_sitenote_category":0,"footnotes":""},"aioseo_notices":[],"_links":{"self":[{"href":"https:\/\/xn--sus-hhndorf-gdersdorf-leci.de\/index.php?rest_route=\/wp\/v2\/pages\/392"}],"collection":[{"href":"https:\/\/xn--sus-hhndorf-gdersdorf-leci.de\/index.php?rest_route=\/wp\/v2\/pages"}],"about":[{"href":"https:\/\/xn--sus-hhndorf-gdersdorf-leci.de\/index.php?rest_route=\/wp\/v2\/types\/page"}],"author":[{"embeddable":true,"href":"https:\/\/xn--sus-hhndorf-gdersdorf-leci.de\/index.php?rest_route=\/wp\/v2\/users\/1"}],"replies":[{"embeddable":true,"href":"https:\/\/xn--sus-hhndorf-gdersdorf-leci.de\/index.php?rest_route=%2Fwp%2Fv2%2Fcomments&post=392"}],"version-history":[{"count":7,"href":"https:\/\/xn--sus-hhndorf-gdersdorf-leci.de\/index.php?rest_route=\/wp\/v2\/pages\/392\/revisions"}],"predecessor-version":[{"id":562,"href":"https:\/\/xn--sus-hhndorf-gdersdorf-leci.de\/index.php?rest_route=\/wp\/v2\/pages\/392\/revisions\/562"}],"wp:attachment":[{"href":"https:\/\/xn--sus-hhndorf-gdersdorf-leci.de\/index.php?rest_route=%2Fwp%2Fv2%2Fmedia&parent=392"}],"curies":[{"name":"wp","href":"https:\/\/api.w.org\/{rel}","templated":true}]}}