{"id":388,"date":"2025-01-03T10:39:15","date_gmt":"2025-01-03T09:39:15","guid":{"rendered":"https:\/\/xn--sus-hhndorf-gdersdorf-leci.de\/?page_id=388"},"modified":"2025-03-28T17:28:56","modified_gmt":"2025-03-28T16:28:56","slug":"turnierbericht-19-04-2024","status":"publish","type":"page","link":"https:\/\/xn--sus-hhndorf-gdersdorf-leci.de\/?page_id=388","title":{"rendered":"2. Dartturnier H\u00f6hndorfer Bull&#8217;s Eyes 19.04.2024"},"content":{"rendered":"<section class=\"fw-main-row \"  >\n\t<div class=\"fw-container\">\n\t\t<div class=\"fw-row\">\n\t<div class=\"fw-col-xs-12\">\n\t<p>Am 19.04.2024 war es so weit. Die H\u00f6hndorfer Bull's Eyes richteten ihr zweites Dartturnier aus. 30 Dartspielerinnen und Dartspieler trafen sich in H\u00f6hndorf, um sich in einer Gruppenphase und anschlie\u00dfend im K.-o.-Modus zu messen. Gespielt wurde in f\u00fcnf Gruppen \u00e0 6 Teilnehmer\/innen. Die ersten drei aus jeder Gruppe und der beste Vierte qualifizierten sich f\u00fcr die anschlie\u00dfende K.-o.-Phase. Vom Achtelfinale bis zum Halbfinale wurde im Modus \u201eBest of 5 Legs\u201c gespielt. Im Finale wurde der Modus auf \u201eBest of 7 Legs\u201c erh\u00f6ht.<br \/>Nach spannenden Spielen in der K.-o.-Phase standen das Finale und das Spiel um Platz 3 fest.<\/p><p>Im Spiel um Platz 3 trafen Lutz Rad\u00fcnzel und Fabian Tr\u00e4ger aufeinander. Lutz Rad\u00fcnzel gewann dieses Spiel mit 3:1 und sicherte sich somit einen Platz auf dem Treppchen. Im Finale standen sich Cedrik Sch\u00fcmann und Til Schr\u00f6der gegen\u00fcber. Mit 4:1 und einem Average von 66,6 konnte Cedrik das Finale erneut f\u00fcr sich entscheiden.<\/p><p>Das Turnier war mal wieder ein voller Erfolg! Wir gratulieren dem Sieger Cedrik Sch\u00fcmann und den Platzierten!<\/p><\/div>\n<\/div>\n\n\t<\/div>\n<\/section>\n\n","protected":false},"excerpt":{"rendered":"<p>Am 19.04.2024 war es so weit. Die H\u00f6hndorfer Bull&#8217;s Eyes richteten ihr zweites Dartturnier aus. 30 Dartspielerinnen und Dartspieler trafen sich in H\u00f6hndorf, um sich in einer Gruppenphase und anschlie\u00dfend im K.-o.-Modus zu messen. Gespielt wurde in f\u00fcnf Gruppen \u00e0 6 Teilnehmer\/innen. Die ersten drei aus jeder Gruppe und der beste Vierte qualifizierten sich f\u00fcr [&hellip;]<\/p>\n","protected":false},"author":1,"featured_media":0,"parent":0,"menu_order":0,"comment_status":"closed","ping_status":"closed","template":"","meta":{"om_disable_all_campaigns":false,"_monsterinsights_skip_tracking":false,"_monsterinsights_sitenote_active":false,"_monsterinsights_sitenote_note":"","_monsterinsights_sitenote_category":0,"footnotes":""},"aioseo_notices":[],"_links":{"self":[{"href":"https:\/\/xn--sus-hhndorf-gdersdorf-leci.de\/index.php?rest_route=\/wp\/v2\/pages\/388"}],"collection":[{"href":"https:\/\/xn--sus-hhndorf-gdersdorf-leci.de\/index.php?rest_route=\/wp\/v2\/pages"}],"about":[{"href":"https:\/\/xn--sus-hhndorf-gdersdorf-leci.de\/index.php?rest_route=\/wp\/v2\/types\/page"}],"author":[{"embeddable":true,"href":"https:\/\/xn--sus-hhndorf-gdersdorf-leci.de\/index.php?rest_route=\/wp\/v2\/users\/1"}],"replies":[{"embeddable":true,"href":"https:\/\/xn--sus-hhndorf-gdersdorf-leci.de\/index.php?rest_route=%2Fwp%2Fv2%2Fcomments&post=388"}],"version-history":[{"count":4,"href":"https:\/\/xn--sus-hhndorf-gdersdorf-leci.de\/index.php?rest_route=\/wp\/v2\/pages\/388\/revisions"}],"predecessor-version":[{"id":399,"href":"https:\/\/xn--sus-hhndorf-gdersdorf-leci.de\/index.php?rest_route=\/wp\/v2\/pages\/388\/revisions\/399"}],"wp:attachment":[{"href":"https:\/\/xn--sus-hhndorf-gdersdorf-leci.de\/index.php?rest_route=%2Fwp%2Fv2%2Fmedia&parent=388"}],"curies":[{"name":"wp","href":"https:\/\/api.w.org\/{rel}","templated":true}]}}