{"id":195,"date":"2023-02-19T21:41:28","date_gmt":"2023-02-19T20:41:28","guid":{"rendered":"https:\/\/xn--sus-hhndorf-gdersdorf-leci.de\/?page_id=195"},"modified":"2024-03-05T15:15:51","modified_gmt":"2024-03-05T14:15:51","slug":"so-kannst-du-uns-unterstuetzten","status":"publish","type":"page","link":"https:\/\/xn--sus-hhndorf-gdersdorf-leci.de\/?page_id=195","title":{"rendered":"So kannst auch du uns unterst\u00fctzten"},"content":{"rendered":"<section class=\"fw-main-row \"  >\n\t<div class=\"fw-container\">\n\t\t<div class=\"fw-row\">\n\t<div class=\"fw-col-xs-12\">\n\t<p>Als Sportverein sind wir auf finanzielle Unterst\u00fctzung angewiesen, um unseren Mitgliedern ein breites Angebot an sportlichen Aktivit\u00e4ten bieten zu k\u00f6nnen. Deshalb suchen wir nach Partnern, die uns als Sponsoren unterst\u00fctzen m\u00f6chten.<\/p><p>Durch Ihr Sponsoring k\u00f6nnen Sie nicht nur unsere Sportlerinnen und Sportler unterst\u00fctzen, sondern auch Ihr Unternehmen bekannter machen. Wir bieten unseren Sponsoren die M\u00f6glichkeit, ihr Logo auf unseren Trikots, Bannern und anderen Werbematerialien zu platzieren. Au\u00dferdem k\u00f6nnen wir auf unseren Veranstaltungen und Turnieren f\u00fcr Ihr Unternehmen werben und so Ihre Zielgruppe erreichen.<\/p><p>Als Sponsor k\u00f6nnen Sie aktiv dazu beitragen, die Zukunft unseres Vereins zu gestalten und das sportliche Angebot f\u00fcr unsere Mitglieder zu erweitern. Wir sind f\u00fcr jede Art von Unterst\u00fctzung dankbar und bieten unseren Sponsoren eine enge Zusammenarbeit und individuelle Werbema\u00dfnahmen.<\/p><p>Wenn auch Sie an einer Zusammenarbeit interessiert sind, freuen wir uns auf Ihre Kontaktaufnahme. Wir informieren Sie gerne ausf\u00fchrlich \u00fcber die verschiedenen Sponsoringm\u00f6glichkeiten und erarbeiten gemeinsam mit Ihnen ein individuelles Konzept. Werden Sie Teil unserer sportlichen Gemeinschaft und unterst\u00fctzen Sie uns dabei, unsere Ziele zu erreichen!<\/p><\/div>\n<\/div>\n\n<div class=\"fw-row\">\n\t<div class=\"fw-col-xs-12\">\n\t\n\t<div class=\"fw-divider-space\" style=\"padding-top: 60px;\"><\/div>\n<\/div>\n<\/div>\n\n<div class=\"fw-row\">\n\t<div class=\"fw-col-xs-12\">\n\t<h3><strong>Schicke uns gerne eine Nachricht:<\/strong><\/h3><table class=\"wp-list-table widefat fixed striped table-view-list forms\"><tbody id=\"the-list\" data-wp-lists=\"list:form\"><tr><td class=\"shortcode column-shortcode\" data-colname=\"Shortcode\"><div class=\"wpforms-container \" id=\"wpforms-294\"><form id=\"wpforms-form-294\" class=\"wpforms-validate wpforms-form wpforms-ajax-form\" data-formid=\"294\" method=\"post\" enctype=\"multipart\/form-data\" action=\"\/index.php?rest_route=%2Fwp%2Fv2%2Fpages%2F195\" data-token=\"d558af142ad0658003879d59e2b62c40\" data-token-time=\"1777286216\"><noscript class=\"wpforms-error-noscript\">Bitte aktiviere JavaScript in deinem Browser, um dieses Formular fertigzustellen.<\/noscript><div class=\"wpforms-field-container\"><div id=\"wpforms-294-field_0-container\" class=\"wpforms-field wpforms-field-name\" data-field-id=\"0\"><label class=\"wpforms-field-label\">Name <span class=\"wpforms-required-label\">*<\/span><\/label><div class=\"wpforms-field-row wpforms-field-medium\"><div class=\"wpforms-field-row-block wpforms-first wpforms-one-half\"><input type=\"text\" id=\"wpforms-294-field_0\" class=\"wpforms-field-name-first wpforms-field-required\" name=\"wpforms[fields][0][first]\" required><label for=\"wpforms-294-field_0\" class=\"wpforms-field-sublabel after\">Vorname<\/label><\/div><div class=\"wpforms-field-row-block wpforms-one-half\"><input type=\"text\" id=\"wpforms-294-field_0-last\" class=\"wpforms-field-name-last wpforms-field-required\" name=\"wpforms[fields][0][last]\" required><label for=\"wpforms-294-field_0-last\" class=\"wpforms-field-sublabel after\">Nachname<\/label><\/div><\/div><\/div><div id=\"wpforms-294-field_1-container\" class=\"wpforms-field wpforms-field-email\" data-field-id=\"1\"><label class=\"wpforms-field-label\" for=\"wpforms-294-field_1\">E-Mail <span class=\"wpforms-required-label\">*<\/span><\/label><input type=\"email\" id=\"wpforms-294-field_1\" class=\"wpforms-field-medium wpforms-field-required\" name=\"wpforms[fields][1]\" spellcheck=\"false\" required><\/div><div id=\"wpforms-294-field_2-container\" class=\"wpforms-field wpforms-field-textarea\" data-field-id=\"2\"><label class=\"wpforms-field-label\" for=\"wpforms-294-field_2\">Kommentar oder Nachricht<\/label><textarea id=\"wpforms-294-field_2\" class=\"wpforms-field-medium\" name=\"wpforms[fields][2]\" ><\/textarea><\/div><\/div><!-- .wpforms-field-container --><div class=\"wpforms-submit-container\" ><input type=\"hidden\" name=\"wpforms[id]\" value=\"294\"><input type=\"hidden\" name=\"page_title\" value=\"\"><input type=\"hidden\" name=\"page_url\" value=\"https:\/\/xn--sus-hhndorf-gdersdorf-leci.de\/index.php?rest_route=\/wp\/v2\/pages\/195\"><input type=\"hidden\" name=\"url_referer\" value=\"\"><button type=\"submit\" name=\"wpforms[submit]\" id=\"wpforms-submit-294\" class=\"wpforms-submit\" data-alt-text=\"Senden\u2026\" data-submit-text=\"Absenden\" aria-live=\"assertive\" value=\"wpforms-submit\">Absenden<\/button><img loading=\"lazy\" decoding=\"async\" src=\"https:\/\/xn--sus-hhndorf-gdersdorf-leci.de\/wp-content\/plugins\/wpforms-lite\/assets\/images\/submit-spin.svg\" class=\"wpforms-submit-spinner\" style=\"display: none;\" width=\"26\" height=\"26\" alt=\"Wird geladen\"><\/div><\/form><\/div>  <!-- .wpforms-container --><\/td><\/tr><\/tbody><\/table><\/div>\n<\/div>\n\n\t<\/div>\n<\/section>\n\n","protected":false},"excerpt":{"rendered":"<p>Als Sportverein sind wir auf finanzielle Unterst\u00fctzung angewiesen, um unseren Mitgliedern ein breites Angebot an sportlichen Aktivit\u00e4ten bieten zu k\u00f6nnen. Deshalb suchen wir nach Partnern, die uns als Sponsoren unterst\u00fctzen m\u00f6chten.Durch Ihr Sponsoring k\u00f6nnen Sie nicht nur unsere Sportlerinnen und Sportler unterst\u00fctzen, sondern auch Ihr Unternehmen bekannter machen. Wir bieten unseren Sponsoren die M\u00f6glichkeit, ihr [&hellip;]<\/p>\n","protected":false},"author":1,"featured_media":0,"parent":0,"menu_order":0,"comment_status":"closed","ping_status":"closed","template":"","meta":{"om_disable_all_campaigns":false,"_monsterinsights_skip_tracking":false,"_monsterinsights_sitenote_active":false,"_monsterinsights_sitenote_note":"","_monsterinsights_sitenote_category":0,"footnotes":""},"aioseo_notices":[],"_links":{"self":[{"href":"https:\/\/xn--sus-hhndorf-gdersdorf-leci.de\/index.php?rest_route=\/wp\/v2\/pages\/195"}],"collection":[{"href":"https:\/\/xn--sus-hhndorf-gdersdorf-leci.de\/index.php?rest_route=\/wp\/v2\/pages"}],"about":[{"href":"https:\/\/xn--sus-hhndorf-gdersdorf-leci.de\/index.php?rest_route=\/wp\/v2\/types\/page"}],"author":[{"embeddable":true,"href":"https:\/\/xn--sus-hhndorf-gdersdorf-leci.de\/index.php?rest_route=\/wp\/v2\/users\/1"}],"replies":[{"embeddable":true,"href":"https:\/\/xn--sus-hhndorf-gdersdorf-leci.de\/index.php?rest_route=%2Fwp%2Fv2%2Fcomments&post=195"}],"version-history":[{"count":7,"href":"https:\/\/xn--sus-hhndorf-gdersdorf-leci.de\/index.php?rest_route=\/wp\/v2\/pages\/195\/revisions"}],"predecessor-version":[{"id":300,"href":"https:\/\/xn--sus-hhndorf-gdersdorf-leci.de\/index.php?rest_route=\/wp\/v2\/pages\/195\/revisions\/300"}],"wp:attachment":[{"href":"https:\/\/xn--sus-hhndorf-gdersdorf-leci.de\/index.php?rest_route=%2Fwp%2Fv2%2Fmedia&parent=195"}],"curies":[{"name":"wp","href":"https:\/\/api.w.org\/{rel}","templated":true}]}}