{"id":183,"date":"2023-02-19T21:38:46","date_gmt":"2023-02-19T20:38:46","guid":{"rendered":"https:\/\/xn--sus-hhndorf-gdersdorf-leci.de\/?page_id=183"},"modified":"2025-11-25T13:19:45","modified_gmt":"2025-11-25T12:19:45","slug":"dart-2","status":"publish","type":"page","link":"https:\/\/xn--sus-hhndorf-gdersdorf-leci.de\/?page_id=183","title":{"rendered":"Dart"},"content":{"rendered":"<section class=\"fw-main-row \"  >\n\t<div class=\"fw-container\">\n\t\t<div class=\"fw-row\">\n\t<div class=\"fw-col-xs-12\">\n\t<h3><strong>+++ H\u00f6hndorfer-Turnierserie +++<\/strong><\/h3><p>Im neuen Jahr m\u00f6chten wir erstmals die H\u00f6hndorfer-Turnierserie ausspielen. Pro Monat bieten wir ein Qualifikationsturnier mit 36 Teilnehmern an. Die Turniere finden immer freitags statt. Das Startgeld pro Turnier betr\u00e4gt 5 \u20ac.<\/p><p>Anmeldungen: https:\/\/2k-dart-software.com\/frontend\/events\/1\/registration\/<\/p><p>Am Freitag, den 13.11.2025, findet das gro\u00dfe Finalturnier statt. Qualifiziert sind die besten 32 der Rangliste sowie alle Spieler, die mindestens 7 Qualifikationsturniere absolviert haben.<\/p><p>Alle weiteren wichtigen Informationen findet ihr auf dem Flyer.<\/p><p>Los geht\u2019s am 23.01.2025. Seid schnell und sichert euch einen Startplatz, denn die Teilnehmerzahl ist auf 36 Spieler pro Turnier begrenzt und wird nicht erh\u00f6ht.<\/p><p>Falls ihr euch zu einem Qualifikationsturnier angemeldet habt und doch verhindert seid, meldet euch bitte rechtzeitig ab, damit euer Startplatz wieder freigegeben werden kann.<\/p><p>Wir freuen uns auf spannende Spiele, tolle Darts und nette Gespr\u00e4che.<\/p><p>Eure H\u00f6hndorfer Bull's Eyes \ud83c\udfaf<\/p><img loading=\"lazy\" decoding=\"async\" src=\"https:\/\/xn--sus-hhndorf-gdersdorf-leci.de\/wp-content\/uploads\/2025\/11\/Hoehndorfer-Turnierserie-2-660x500.png\" alt=\"https:\/\/xn--sus-hhndorf-gdersdorf-leci.de\/wp-content\/uploads\/2025\/11\/Hoehndorfer-Turnierserie-2-660x500.png\" width=\"660\" height=\"500\" \/>\n\t<div class=\"fw-divider-space\" style=\"padding-top: 50px;\"><\/div>\n<\/div>\n<\/div>\n\n<div class=\"fw-row\">\n\t<div class=\"fw-col-xs-12\">\n\t<\/div>\n<\/div>\n\n\t<\/div>\n<\/section>\n\n","protected":false},"excerpt":{"rendered":"<p>+++ H\u00f6hndorfer-Turnierserie +++Im neuen Jahr m\u00f6chten wir erstmals die H\u00f6hndorfer-Turnierserie ausspielen. Pro Monat bieten wir ein Qualifikationsturnier mit 36 Teilnehmern an. Die Turniere finden immer freitags statt. Das Startgeld pro Turnier betr\u00e4gt 5 \u20ac.Anmeldungen: https:\/\/2k-dart-software.com\/frontend\/events\/1\/registration\/Am Freitag, den 13.11.2025, findet das gro\u00dfe Finalturnier statt. Qualifiziert sind die besten 32 der Rangliste sowie alle Spieler, die mindestens [&hellip;]<\/p>\n","protected":false},"author":1,"featured_media":0,"parent":0,"menu_order":0,"comment_status":"closed","ping_status":"closed","template":"","meta":{"om_disable_all_campaigns":false,"_monsterinsights_skip_tracking":false,"_monsterinsights_sitenote_active":false,"_monsterinsights_sitenote_note":"","_monsterinsights_sitenote_category":0,"footnotes":""},"aioseo_notices":[],"_links":{"self":[{"href":"https:\/\/xn--sus-hhndorf-gdersdorf-leci.de\/index.php?rest_route=\/wp\/v2\/pages\/183"}],"collection":[{"href":"https:\/\/xn--sus-hhndorf-gdersdorf-leci.de\/index.php?rest_route=\/wp\/v2\/pages"}],"about":[{"href":"https:\/\/xn--sus-hhndorf-gdersdorf-leci.de\/index.php?rest_route=\/wp\/v2\/types\/page"}],"author":[{"embeddable":true,"href":"https:\/\/xn--sus-hhndorf-gdersdorf-leci.de\/index.php?rest_route=\/wp\/v2\/users\/1"}],"replies":[{"embeddable":true,"href":"https:\/\/xn--sus-hhndorf-gdersdorf-leci.de\/index.php?rest_route=%2Fwp%2Fv2%2Fcomments&post=183"}],"version-history":[{"count":16,"href":"https:\/\/xn--sus-hhndorf-gdersdorf-leci.de\/index.php?rest_route=\/wp\/v2\/pages\/183\/revisions"}],"predecessor-version":[{"id":847,"href":"https:\/\/xn--sus-hhndorf-gdersdorf-leci.de\/index.php?rest_route=\/wp\/v2\/pages\/183\/revisions\/847"}],"wp:attachment":[{"href":"https:\/\/xn--sus-hhndorf-gdersdorf-leci.de\/index.php?rest_route=%2Fwp%2Fv2%2Fmedia&parent=183"}],"curies":[{"name":"wp","href":"https:\/\/api.w.org\/{rel}","templated":true}]}}