{"id":166,"date":"2023-02-19T21:33:55","date_gmt":"2023-02-19T20:33:55","guid":{"rendered":"https:\/\/xn--sus-hhndorf-gdersdorf-leci.de\/?page_id=166"},"modified":"2025-10-20T16:19:07","modified_gmt":"2025-10-20T14:19:07","slug":"das-team","status":"publish","type":"page","link":"https:\/\/xn--sus-hhndorf-gdersdorf-leci.de\/?page_id=166","title":{"rendered":"Das Team"},"content":{"rendered":"<section class=\"fw-main-row \"  >\n\t<div class=\"fw-container\">\n\t\t<div class=\"fw-row\">\n\t<div class=\"fw-col-xs-12\">\n\t<p>Unser Team besteht aus Jung und Alt, Frauen und M\u00e4nner und ist bunt gemischt. Bei uns ist jeder herzlich willkommen. Egal ob Anf\u00e4nger oder bereits mit Darterfahrung! Wir darten alle leidenschaftlich und mit einer gro\u00dfen Menge an Spa\u00df. Abseits des Trainings unternehmen wir auch gerne mal etwas als Team gemeinsam und unterst\u00fctzen unseren Verein bei Veranstaltungen.<\/p><p>&nbsp;<\/p><p>Wenn auch du in einem vielf\u00e4ltigen Team mit einer gro\u00dfen Portion Dart spielen m\u00f6chtest, komm gerne einfach zu unserem Training oder kontaktiere uns ganz einfach!<\/p>\n\t<div class=\"fw-divider-space\" style=\"padding-top: 50px;\"><\/div>\n<\/div>\n<\/div>\n\n<div class=\"fw-row\">\n\t<div class=\"fw-col-xs-12\">\n\t<img loading=\"lazy\" decoding=\"async\" src=\"https:\/\/xn--sus-hhndorf-gdersdorf-leci.de\/wp-content\/uploads\/2025\/10\/Vereinsmeisterschaft-2025-1-600x600.png\" alt=\"https:\/\/xn--sus-hhndorf-gdersdorf-leci.de\/wp-content\/uploads\/2025\/10\/Vereinsmeisterschaft-2025-1-600x600.png\" width=\"600\" height=\"600\" \/><\/div>\n<\/div>\n\n\t<\/div>\n<\/section>\n\n","protected":false},"excerpt":{"rendered":"<p>Unser Team besteht aus Jung und Alt, Frauen und M\u00e4nner und ist bunt gemischt. Bei uns ist jeder herzlich willkommen. Egal ob Anf\u00e4nger oder bereits mit Darterfahrung! Wir darten alle leidenschaftlich und mit einer gro\u00dfen Menge an Spa\u00df. Abseits des Trainings unternehmen wir auch gerne mal etwas als Team gemeinsam und unterst\u00fctzen unseren Verein bei [&hellip;]<\/p>\n","protected":false},"author":1,"featured_media":0,"parent":0,"menu_order":0,"comment_status":"closed","ping_status":"closed","template":"","meta":{"om_disable_all_campaigns":false,"_monsterinsights_skip_tracking":false,"_monsterinsights_sitenote_active":false,"_monsterinsights_sitenote_note":"","_monsterinsights_sitenote_category":0,"footnotes":""},"aioseo_notices":[],"_links":{"self":[{"href":"https:\/\/xn--sus-hhndorf-gdersdorf-leci.de\/index.php?rest_route=\/wp\/v2\/pages\/166"}],"collection":[{"href":"https:\/\/xn--sus-hhndorf-gdersdorf-leci.de\/index.php?rest_route=\/wp\/v2\/pages"}],"about":[{"href":"https:\/\/xn--sus-hhndorf-gdersdorf-leci.de\/index.php?rest_route=\/wp\/v2\/types\/page"}],"author":[{"embeddable":true,"href":"https:\/\/xn--sus-hhndorf-gdersdorf-leci.de\/index.php?rest_route=\/wp\/v2\/users\/1"}],"replies":[{"embeddable":true,"href":"https:\/\/xn--sus-hhndorf-gdersdorf-leci.de\/index.php?rest_route=%2Fwp%2Fv2%2Fcomments&post=166"}],"version-history":[{"count":6,"href":"https:\/\/xn--sus-hhndorf-gdersdorf-leci.de\/index.php?rest_route=\/wp\/v2\/pages\/166\/revisions"}],"predecessor-version":[{"id":728,"href":"https:\/\/xn--sus-hhndorf-gdersdorf-leci.de\/index.php?rest_route=\/wp\/v2\/pages\/166\/revisions\/728"}],"wp:attachment":[{"href":"https:\/\/xn--sus-hhndorf-gdersdorf-leci.de\/index.php?rest_route=%2Fwp%2Fv2%2Fmedia&parent=166"}],"curies":[{"name":"wp","href":"https:\/\/api.w.org\/{rel}","templated":true}]}}