{"id":162,"date":"2023-02-19T21:33:02","date_gmt":"2023-02-19T20:33:02","guid":{"rendered":"https:\/\/xn--sus-hhndorf-gdersdorf-leci.de\/?page_id=162"},"modified":"2025-10-20T16:16:02","modified_gmt":"2025-10-20T14:16:02","slug":"vorstellung-trainingszeiten-sportleiterstellv-capitan-stellv","status":"publish","type":"page","link":"https:\/\/xn--sus-hhndorf-gdersdorf-leci.de\/?page_id=162","title":{"rendered":"Vorstellung, Trainingszeiten, Sportleiterstellv. Capitan + Stellv."},"content":{"rendered":"<section class=\"fw-main-row \"  >\n\t<div class=\"fw-container\">\n\t\t<div class=\"fw-row\">\n\t<div class=\"fw-col-xs-12\">\n\t<p><strong>Trainigszeiten:<\/strong> jeden Freitag ab 18:00 Uhr<\/p><p><strong>Trainigsort:<\/strong> Dorfgemeinschaftshaus H\u00f6hndorf<\/p><p><strong>Adresse:<\/strong> Schulkoppelweg 4, 24217 H\u00f6hndorf<\/p><p>Unser aktueller Spartenleiter und Capitan ist <strong>Nils Stoltenberg<\/strong>.<\/p><p>Nils ist seit Ende 2023 ein fester Bestandteil unser Dartsparte und spielt seit dem das erste Mal aktiv Dart in einem Verein. Seit Mitte 2024 hat Nils das Ehrenamt als Dartspartenleiter und zeitgleich als Capitan der ersten Mannschaft \u00fcbernommen und steht mit Rat und Tat zur Verf\u00fcgung.<\/p><p>Aaron Ulrich ist als Co-Captian der ersten Mannschaft gew\u00e4hlt wurden und steht ebenfalls im Rat und Tat zur Verf\u00fcgung.<\/p><p>Dennis Kuschel hat die ehrenvolle Aufgabe als Capitan der zweiten Mannschaft erhalten. Dennis begr\u00fc\u00dft in seiner Mannschaft gerne jederzeit Anf\u00e4nger und steht Ihnen mit Rat und Tat zur Verf\u00fcgung.<\/p><p>Robin Witt ist als Gr\u00fcndungsmitglied seit Beginn Teil des Vereins und seit dieser Saison auch zum Co-Capitan der zweiten Mannschaft gew\u00e4hlt wurden. Er steht euch genauso mit Rat und Tat zur Verf\u00fcgung.<\/p><p>Wir freuen uns immer \u00fcber neue interessierte Dartspieler\/innen. Bei uns ist wirklich jeder herzlich willkommen, egal ob Anf\u00e4nger oder Profi!<\/p><\/div>\n<\/div>\n\n<div class=\"fw-row\">\n\t<div class=\"fw-col-xs-12\">\n\t\n\t<div class=\"fw-divider-space\" style=\"padding-top: 50px;\"><\/div>\n<\/div>\n<\/div>\n\n<div class=\"fw-row\">\n\t<div class=\"fw-col-xs-12\">\n\t<img loading=\"lazy\" decoding=\"async\" src=\"https:\/\/xn--sus-hhndorf-gdersdorf-leci.de\/wp-content\/uploads\/2025\/10\/Kopie-von-Design-Bulls-Eyes-500x500.png\" alt=\"https:\/\/xn--sus-hhndorf-gdersdorf-leci.de\/wp-content\/uploads\/2025\/10\/Kopie-von-Design-Bulls-Eyes-500x500.png\" width=\"500\" height=\"500\" \/><\/div>\n<\/div>\n\n\t<\/div>\n<\/section>\n\n","protected":false},"excerpt":{"rendered":"<p>Trainigszeiten: jeden Freitag ab 18:00 UhrTrainigsort: Dorfgemeinschaftshaus H\u00f6hndorfAdresse: Schulkoppelweg 4, 24217 H\u00f6hndorfUnser aktueller Spartenleiter und Capitan ist Nils Stoltenberg.Nils ist seit Ende 2023 ein fester Bestandteil unser Dartsparte und spielt seit dem das erste Mal aktiv Dart in einem Verein. Seit Mitte 2024 hat Nils das Ehrenamt als Dartspartenleiter und zeitgleich als Capitan der ersten [&hellip;]<\/p>\n","protected":false},"author":1,"featured_media":0,"parent":0,"menu_order":0,"comment_status":"closed","ping_status":"closed","template":"","meta":{"om_disable_all_campaigns":false,"_monsterinsights_skip_tracking":false,"_monsterinsights_sitenote_active":false,"_monsterinsights_sitenote_note":"","_monsterinsights_sitenote_category":0,"footnotes":""},"aioseo_notices":[],"_links":{"self":[{"href":"https:\/\/xn--sus-hhndorf-gdersdorf-leci.de\/index.php?rest_route=\/wp\/v2\/pages\/162"}],"collection":[{"href":"https:\/\/xn--sus-hhndorf-gdersdorf-leci.de\/index.php?rest_route=\/wp\/v2\/pages"}],"about":[{"href":"https:\/\/xn--sus-hhndorf-gdersdorf-leci.de\/index.php?rest_route=\/wp\/v2\/types\/page"}],"author":[{"embeddable":true,"href":"https:\/\/xn--sus-hhndorf-gdersdorf-leci.de\/index.php?rest_route=\/wp\/v2\/users\/1"}],"replies":[{"embeddable":true,"href":"https:\/\/xn--sus-hhndorf-gdersdorf-leci.de\/index.php?rest_route=%2Fwp%2Fv2%2Fcomments&post=162"}],"version-history":[{"count":15,"href":"https:\/\/xn--sus-hhndorf-gdersdorf-leci.de\/index.php?rest_route=\/wp\/v2\/pages\/162\/revisions"}],"predecessor-version":[{"id":726,"href":"https:\/\/xn--sus-hhndorf-gdersdorf-leci.de\/index.php?rest_route=\/wp\/v2\/pages\/162\/revisions\/726"}],"wp:attachment":[{"href":"https:\/\/xn--sus-hhndorf-gdersdorf-leci.de\/index.php?rest_route=%2Fwp%2Fv2%2Fmedia&parent=162"}],"curies":[{"name":"wp","href":"https:\/\/api.w.org\/{rel}","templated":true}]}}