{"id":158,"date":"2023-02-19T21:31:24","date_gmt":"2023-02-19T20:31:24","guid":{"rendered":"https:\/\/xn--sus-hhndorf-gdersdorf-leci.de\/?page_id=158"},"modified":"2025-10-20T16:06:14","modified_gmt":"2025-10-20T14:06:14","slug":"dart","status":"publish","type":"page","link":"https:\/\/xn--sus-hhndorf-gdersdorf-leci.de\/?page_id=158","title":{"rendered":"Dart"},"content":{"rendered":"<section class=\"fw-main-row \"  >\n\t<div class=\"fw-container\">\n\t\t<div class=\"fw-row\">\n\t<div class=\"fw-col-xs-12\">\n\t<p>Unsere Dartsparte besteht aus zwei Mannschaften. Die erste Mannschaft ist erfolgreich in der Bezirksklasse-Mitte Ost vertreten und wurde im letzten Jahr Vizemeister. Unsere zweite Mannschaft hat sich erst in diesem Jahr neu gegr\u00fcndet und ist aktuell in der Kreisklasse Ostk\u00fcste vertreten. Neben unserem sportlichen Engagement organisieren wir regelm\u00e4\u00dfig Gemeinschaftsveranstaltungen, um den Teamgeist zu f\u00f6rdern.<\/p><p>Unsere Sparte ist ein Ort, an dem Dartspieler auf jedem Level willkommen sind. Vom Anf\u00e4nger, der die Grundlagen des Spiels erlernt, bis hin zum erfahrenen Amateur, der sein K\u00f6nnen verfeinert hat, haben wir eine bunte Mischung von Mitgliedern, die alle eine Leidenschaft f\u00fcr das Dartspiel teilen. Wir sch\u00e4tzen die Vielfalt und das Engagement unserer Mitglieder und glauben fest daran, dass dies der Schl\u00fcssel zu unserem Erfolg ist.<\/p><p>Wir sind stolz darauf, eine Dartsparte zu sein, die sowohl auf sportliche Erfolge als auch auf die Freude am Spiel und die Gemeinschaft setzt. Gemeinsam werden wir weiterhin die Faszination des Dartsports teilen und unsere Sparte zu einer gro\u00dfartigen Plattform f\u00fcr Dartspieler aller Niveaus machen.<\/p><\/div>\n<\/div>\n\n\t<\/div>\n<\/section>\n\n","protected":false},"excerpt":{"rendered":"<p>Unsere Dartsparte besteht aus zwei Mannschaften. Die erste Mannschaft ist erfolgreich in der Bezirksklasse-Mitte Ost vertreten und wurde im letzten Jahr Vizemeister. Unsere zweite Mannschaft hat sich erst in diesem Jahr neu gegr\u00fcndet und ist aktuell in der Kreisklasse Ostk\u00fcste vertreten. Neben unserem sportlichen Engagement organisieren wir regelm\u00e4\u00dfig Gemeinschaftsveranstaltungen, um den Teamgeist zu f\u00f6rdern.Unsere Sparte [&hellip;]<\/p>\n","protected":false},"author":1,"featured_media":0,"parent":0,"menu_order":0,"comment_status":"closed","ping_status":"closed","template":"","meta":{"om_disable_all_campaigns":false,"_monsterinsights_skip_tracking":false,"_monsterinsights_sitenote_active":false,"_monsterinsights_sitenote_note":"","_monsterinsights_sitenote_category":0,"footnotes":""},"aioseo_notices":[],"_links":{"self":[{"href":"https:\/\/xn--sus-hhndorf-gdersdorf-leci.de\/index.php?rest_route=\/wp\/v2\/pages\/158"}],"collection":[{"href":"https:\/\/xn--sus-hhndorf-gdersdorf-leci.de\/index.php?rest_route=\/wp\/v2\/pages"}],"about":[{"href":"https:\/\/xn--sus-hhndorf-gdersdorf-leci.de\/index.php?rest_route=\/wp\/v2\/types\/page"}],"author":[{"embeddable":true,"href":"https:\/\/xn--sus-hhndorf-gdersdorf-leci.de\/index.php?rest_route=\/wp\/v2\/users\/1"}],"replies":[{"embeddable":true,"href":"https:\/\/xn--sus-hhndorf-gdersdorf-leci.de\/index.php?rest_route=%2Fwp%2Fv2%2Fcomments&post=158"}],"version-history":[{"count":5,"href":"https:\/\/xn--sus-hhndorf-gdersdorf-leci.de\/index.php?rest_route=\/wp\/v2\/pages\/158\/revisions"}],"predecessor-version":[{"id":719,"href":"https:\/\/xn--sus-hhndorf-gdersdorf-leci.de\/index.php?rest_route=\/wp\/v2\/pages\/158\/revisions\/719"}],"wp:attachment":[{"href":"https:\/\/xn--sus-hhndorf-gdersdorf-leci.de\/index.php?rest_route=%2Fwp%2Fv2%2Fmedia&parent=158"}],"curies":[{"name":"wp","href":"https:\/\/api.w.org\/{rel}","templated":true}]}}