{"id":142,"date":"2023-02-19T21:27:16","date_gmt":"2023-02-19T20:27:16","guid":{"rendered":"https:\/\/xn--sus-hhndorf-gdersdorf-leci.de\/?page_id=142"},"modified":"2023-04-28T09:58:12","modified_gmt":"2023-04-28T07:58:12","slug":"jugendarbeit","status":"publish","type":"page","link":"https:\/\/xn--sus-hhndorf-gdersdorf-leci.de\/?page_id=142","title":{"rendered":"Jugendarbeit"},"content":{"rendered":"<section class=\"fw-main-row \"  >\n\t<div class=\"fw-container\">\n\t\t<div class=\"fw-row\">\n\t<div class=\"fw-col-xs-12\">\n\t<p>Wir sind ein neugegr\u00fcndeter Sportverein und arbeiten daran, unser Angebot an sportlichen Aktivit\u00e4ten f\u00fcr alle Altersgruppen zu erweitern. Dabei liegt uns besonders die Jugendarbeit am Herzen. Wir m\u00f6chten jungen Menschen eine breite Palette an Sportarten bieten und sie f\u00fcr eine aktive und gesunde Lebensweise begeistern.<\/p><p>Um dies zu erreichen, suchen wir aktuell nach engagierten Trainern und \u00dcbungsleitern, die ihre Begeisterung f\u00fcr den Sport an junge Menschen weitergeben m\u00f6chten. Wir wollen gezielt Talente f\u00f6rdern und Kindern und Jugendlichen die M\u00f6glichkeit geben, sich in verschiedenen Disziplinen auszuprobieren.<\/p><p>Wir planen, eine Vielzahl von Sportarten anzubieten, die auf die Bed\u00fcrfnisse und Interessen unserer jungen Mitglieder zugeschnitten sind. Dabei steht das gemeinsame Erleben und der Spa\u00df im Vordergrund. Auch au\u00dferhalb des Sports wollen wir unseren Jugendlichen ein abwechslungsreiches Programm bieten und regelm\u00e4\u00dfige Freizeitaktivit\u00e4ten planen.<\/p><p>Wenn auch Sie sich f\u00fcr die Jugendarbeit in unserem Sportverein engagieren m\u00f6chten, freuen wir uns \u00fcber Ihre Unterst\u00fctzung. Kontaktieren Sie uns gerne und helfen Sie uns dabei, eine starke und motivierte Jugendabteilung aufzubauen!<\/p><\/div>\n<\/div>\n\n\t<\/div>\n<\/section>\n\n","protected":false},"excerpt":{"rendered":"<p>Wir sind ein neugegr\u00fcndeter Sportverein und arbeiten daran, unser Angebot an sportlichen Aktivit\u00e4ten f\u00fcr alle Altersgruppen zu erweitern. Dabei liegt uns besonders die Jugendarbeit am Herzen. Wir m\u00f6chten jungen Menschen eine breite Palette an Sportarten bieten und sie f\u00fcr eine aktive und gesunde Lebensweise begeistern.Um dies zu erreichen, suchen wir aktuell nach engagierten Trainern und [&hellip;]<\/p>\n","protected":false},"author":1,"featured_media":0,"parent":0,"menu_order":0,"comment_status":"closed","ping_status":"closed","template":"brizy-blank-template.php","meta":{"om_disable_all_campaigns":false,"_monsterinsights_skip_tracking":false,"_monsterinsights_sitenote_active":false,"_monsterinsights_sitenote_note":"","_monsterinsights_sitenote_category":0,"footnotes":""},"aioseo_notices":[],"_links":{"self":[{"href":"https:\/\/xn--sus-hhndorf-gdersdorf-leci.de\/index.php?rest_route=\/wp\/v2\/pages\/142"}],"collection":[{"href":"https:\/\/xn--sus-hhndorf-gdersdorf-leci.de\/index.php?rest_route=\/wp\/v2\/pages"}],"about":[{"href":"https:\/\/xn--sus-hhndorf-gdersdorf-leci.de\/index.php?rest_route=\/wp\/v2\/types\/page"}],"author":[{"embeddable":true,"href":"https:\/\/xn--sus-hhndorf-gdersdorf-leci.de\/index.php?rest_route=\/wp\/v2\/users\/1"}],"replies":[{"embeddable":true,"href":"https:\/\/xn--sus-hhndorf-gdersdorf-leci.de\/index.php?rest_route=%2Fwp%2Fv2%2Fcomments&post=142"}],"version-history":[{"count":3,"href":"https:\/\/xn--sus-hhndorf-gdersdorf-leci.de\/index.php?rest_route=\/wp\/v2\/pages\/142\/revisions"}],"predecessor-version":[{"id":257,"href":"https:\/\/xn--sus-hhndorf-gdersdorf-leci.de\/index.php?rest_route=\/wp\/v2\/pages\/142\/revisions\/257"}],"wp:attachment":[{"href":"https:\/\/xn--sus-hhndorf-gdersdorf-leci.de\/index.php?rest_route=%2Fwp%2Fv2%2Fmedia&parent=142"}],"curies":[{"name":"wp","href":"https:\/\/api.w.org\/{rel}","templated":true}]}}