{"id":123,"date":"2023-02-19T20:59:02","date_gmt":"2023-02-19T19:59:02","guid":{"rendered":"https:\/\/xn--sus-hhndorf-gdersdorf-leci.de\/?page_id=123"},"modified":"2024-03-05T14:34:34","modified_gmt":"2024-03-05T13:34:34","slug":"ueber-uns","status":"publish","type":"page","link":"https:\/\/xn--sus-hhndorf-gdersdorf-leci.de\/?page_id=123","title":{"rendered":"\u00dcber uns"},"content":{"rendered":"<section class=\"fw-main-row \"  >\n\t<div class=\"fw-container\">\n\t\t<div class=\"fw-row\">\n\t<div class=\"fw-col-xs-12\">\n\t<p><strong>Willkommen beim Spiel- und Sportverein H\u00f6hndorf\/G\u00f6dersdorf eV!<\/strong><\/p><p>&nbsp;<\/p><p>Unsere Vereinsgeschichte begann am 2. Februar 2022, als begeisterte Sportlerinnen und Sportlerinnen aus H\u00f6hndorf und G\u00f6dersdorf beschlossen, ihre Leidenschaft f\u00fcr Bewegung und Gemeinschaft zu einem neuen Dorfverein zusammenzuf\u00fchren. Von Anfang an war klar, dass dieser Verein viel Potenzial hatte, und in den Jahren, die seit unserer Gr\u00fcndung vergangen sind, haben wir uns als Dorfverein bereits beachtlich weiterentwickelt.<\/p><p>&nbsp;<\/p><p>Als ein Dorfverein, der sich noch in der Wachstumsphase befindet, sind wir stolz, \u00fcber jedes neue Mitglieder das wir dazu gewinnen k\u00f6nnen und unser Angebot an Sport- und Freizeitm\u00f6glichkeiten stetig zu erweitern. Unser Ziel ist es, nicht nur die Menschen in H\u00f6hndorf und G\u00f6dersdorf zu erreichen, sondern auch aus den umliegenden Gemeinden Sportbegeisterte in unserer Mitte zu locken.<\/p><p>&nbsp;<\/p><p>Unsere Aktivit\u00e4ten sind so vielf\u00e4ltig wie die Menschen, die sich bei uns engagieren. Egal, ob Jung oder Alt, Anf\u00e4nger oder Profi. Aktuell ist unser Sportangebot haupts\u00e4chlich auf unsere begeisterte Dartsparte beschr\u00e4nkt. Wir haben jedoch gro\u00dfe Ambitionen und sind besonders daran interessiert, unsere Vielfalt an Sportarten zu erweitern. Dabei spielen neue Mitglieder eine entscheidende Rolle. Wir glauben fest daran, dass die Ideen, Leidenschaft und F\u00e4higkeiten, die neue Mitglieder in den Verein einbringen, uns dabei unterst\u00fctzen werden, weitere Sportsparten zu begr\u00fcnden. Jeder Vorschlag und jede Idee sind bei uns herzlich willkommen, denn in der Vielfalt unserer Mitglieder liegt die St\u00e4rke unseres Vereins.<\/p><p>Neben dem reinen sportlichen Angebot organisieren wir auch regelm\u00e4\u00dfig gesellige Veranstaltungen, bei denen der Zusammenhalt und die Gemeinschaft im Dorfverein im Mittelpunkt stehen.<\/p><p>&nbsp;<\/p><p>Ein besonderes Merkmal unseres Dorfvereins ist die enge Verbindung zur Dorfgemeinschaft. Wir engagieren uns in sozialen Projekten, organisieren Veranstaltungen f\u00fcr die Gemeinde und sorgen daf\u00fcr, dass sich die Menschen in H\u00f6hndorf und G\u00f6dersdorf nicht nur sportlich, sondern auch menschlich entwickeln k\u00f6nnen.<\/p><p>&nbsp;<\/p><p>Wir sind stolz darauf, Teil eines Dorfvereins zu sein, der nicht nur auf sportliche Erfolge abzielt, sondern vor allem auf den Aufbau einer starken und lebendigen Gemeinschaft. Wenn auch du Lust hast, dich bei uns zu engagieren oder einfach nur Spa\u00df an Bewegung und Gemeinschaft suchst, dann schau doch mal bei uns vorbei. Wir hei\u00dfen jeden herzlich willkommen und freuen uns darauf, gemeinsam mit dir den Spiel- und Sportverein H\u00f6hndorf\/G\u00f6dersdorf eV weiter wachsen und gedeihen zu lassen.<\/p><\/div>\n<\/div>\n\n\t<\/div>\n<\/section>\n\n","protected":false},"excerpt":{"rendered":"<p>Willkommen beim Spiel- und Sportverein H\u00f6hndorf\/G\u00f6dersdorf eV!&nbsp;Unsere Vereinsgeschichte begann am 2. Februar 2022, als begeisterte Sportlerinnen und Sportlerinnen aus H\u00f6hndorf und G\u00f6dersdorf beschlossen, ihre Leidenschaft f\u00fcr Bewegung und Gemeinschaft zu einem neuen Dorfverein zusammenzuf\u00fchren. Von Anfang an war klar, dass dieser Verein viel Potenzial hatte, und in den Jahren, die seit unserer Gr\u00fcndung vergangen sind, [&hellip;]<\/p>\n","protected":false},"author":1,"featured_media":0,"parent":0,"menu_order":0,"comment_status":"closed","ping_status":"closed","template":"","meta":{"om_disable_all_campaigns":false,"_monsterinsights_skip_tracking":false,"_monsterinsights_sitenote_active":false,"_monsterinsights_sitenote_note":"","_monsterinsights_sitenote_category":0,"footnotes":""},"aioseo_notices":[],"_links":{"self":[{"href":"https:\/\/xn--sus-hhndorf-gdersdorf-leci.de\/index.php?rest_route=\/wp\/v2\/pages\/123"}],"collection":[{"href":"https:\/\/xn--sus-hhndorf-gdersdorf-leci.de\/index.php?rest_route=\/wp\/v2\/pages"}],"about":[{"href":"https:\/\/xn--sus-hhndorf-gdersdorf-leci.de\/index.php?rest_route=\/wp\/v2\/types\/page"}],"author":[{"embeddable":true,"href":"https:\/\/xn--sus-hhndorf-gdersdorf-leci.de\/index.php?rest_route=\/wp\/v2\/users\/1"}],"replies":[{"embeddable":true,"href":"https:\/\/xn--sus-hhndorf-gdersdorf-leci.de\/index.php?rest_route=%2Fwp%2Fv2%2Fcomments&post=123"}],"version-history":[{"count":4,"href":"https:\/\/xn--sus-hhndorf-gdersdorf-leci.de\/index.php?rest_route=\/wp\/v2\/pages\/123\/revisions"}],"predecessor-version":[{"id":269,"href":"https:\/\/xn--sus-hhndorf-gdersdorf-leci.de\/index.php?rest_route=\/wp\/v2\/pages\/123\/revisions\/269"}],"wp:attachment":[{"href":"https:\/\/xn--sus-hhndorf-gdersdorf-leci.de\/index.php?rest_route=%2Fwp%2Fv2%2Fmedia&parent=123"}],"curies":[{"name":"wp","href":"https:\/\/api.w.org\/{rel}","templated":true}]}}