{"id":10,"date":"2019-07-10T11:18:19","date_gmt":"2019-07-10T11:18:19","guid":{"rendered":"https:\/\/xn--sus-hhndorf-gdersdorf-leci.de\/?page_id=10"},"modified":"2025-12-12T14:36:01","modified_gmt":"2025-12-12T13:36:01","slug":"our-offer","status":"publish","type":"page","link":"https:\/\/xn--sus-hhndorf-gdersdorf-leci.de\/?page_id=10","title":{"rendered":"BINGO ABEND"},"content":{"rendered":"<section class=\"fw-main-row \"  >\n\t<div class=\"fw-container\">\n\t\t<div class=\"fw-row\">\n\t<div class=\"fw-col-xs-12\">\n\t<h3><strong>Weihnachtsbingo 2025<\/strong><\/h3><p>Am 06. Dezember 2025 richtete der Sportverein erneut einen Bingoabend aus. Dieses Mal verwandelten wir das Dorfgemeinschaftshaus in einen besinnlichen Festsaal. Beim Auf- und Abbau sowie am Veranstaltungstag selbst konnte sich der Verein wie gewohnt auf seine Mitglieder verlassen. Die Arbeit wurde auf viele helfende H\u00e4nde verteilt.<\/p><p>Am Abend selbst durften wir 130 Teilnehmer begr\u00fc\u00dfen, die wieder einmal hofften, mit dem richtigen Los einen der tollen Preise zu gewinnen. Im Mittelpunkt stand jedoch der Spa\u00df \u2013 und den hatten alle, ob als Helfer oder als Mitspieler!<\/p><p>Nach dem Bingo wurde noch getanzt, geplaudert und in geselliger Runde zusammengesessen. Es war mal wieder ein voller Erfolg!<\/p><p>Wir bedanken uns herzlich bei allen, die an diesem Abend teilgenommen haben.<\/p><p>Ein besonderer Dank gilt unseren Sponsoren, die einige der gro\u00dfartigen Preise zur Verf\u00fcgung gestellt haben.<\/p><\/div>\n<\/div>\n\n<div class=\"fw-row\">\n\t<div class=\"fw-col-xs-12\">\n\t<img loading=\"lazy\" decoding=\"async\" src=\"https:\/\/xn--sus-hhndorf-gdersdorf-leci.de\/wp-content\/uploads\/2025\/12\/Kopie-von-Christmas-Bingo-380x500.png\" alt=\"https:\/\/xn--sus-hhndorf-gdersdorf-leci.de\/wp-content\/uploads\/2025\/12\/Kopie-von-Christmas-Bingo-380x500.png\" width=\"380\" height=\"500\" \/><\/div>\n<\/div>\n\n<div class=\"fw-row\">\n\t<div class=\"fw-col-xs-12\">\n\t\n\t<div class=\"fw-divider-space\" style=\"padding-top: 50px;\"><\/div>\n<\/div>\n<\/div>\n\n<div class=\"fw-row\">\n\t<div class=\"fw-col-xs-12\">\n\t<h3 data-start=\"97\" data-end=\"123\"><strong data-start=\"97\" data-end=\"123\">Bingoabend Weihnachten<\/strong><\/h3><p data-start=\"125\" data-end=\"262\">Am 06. Dezember 2025 findet der letzte Bingoabend in diesem Jahr statt \u2013 passend zur Jahreszeit dieses Mal unter dem Motto <em data-start=\"248\" data-end=\"261\">Weihnachten<\/em>.<\/p><p data-start=\"264\" data-end=\"477\">Nach nur wenigen Tagen waren alle 120 Pl\u00e4tze reserviert. Wir freuen uns auf einen netten, besinnlichen Abend und w\u00fcnschen allen, die nicht dabei sein k\u00f6nnen, schon jetzt eine sch\u00f6ne und besinnliche Weihnachtszeit!<\/p><\/div>\n<\/div>\n\n<div class=\"fw-row\">\n\t<div class=\"fw-col-xs-12\">\n\t<img loading=\"lazy\" decoding=\"async\" src=\"https:\/\/xn--sus-hhndorf-gdersdorf-leci.de\/wp-content\/uploads\/2025\/11\/Christmas-Bingo-2-400x500.png\" alt=\"https:\/\/xn--sus-hhndorf-gdersdorf-leci.de\/wp-content\/uploads\/2025\/11\/Christmas-Bingo-2-400x500.png\" width=\"400\" height=\"500\" \/><\/div>\n<\/div>\n\n<div class=\"fw-row\">\n\t<div class=\"fw-col-xs-12\">\n\t\n\t<div class=\"fw-divider-space\" style=\"padding-top: 50px;\"><\/div>\n<\/div>\n<\/div>\n\n<div class=\"fw-row\">\n\t<div class=\"fw-col-xs-12\">\n\t<h3><strong>Bingoabend <\/strong><strong>Oktoberfest<\/strong><\/h3><p>Am 02. Oktober 2025 richtete der Sportverein erneut einen Bingoabend aus. Dieses Mal verwandelten wir das Dorfgemeinschaftshaus in ein stimmungsvolles Oktoberfestzelt. Beim Auf- und Abbau sowie am Veranstaltungstag selbst konnte sich der Verein wie gewohnt auf seine Mitglieder verlassen. Die Arbeit wurde auf viele helfende H\u00e4nde verteilt.<\/p><p>Am Abend selbst durften wir\u00a0<strong>120 Teilnehmer<\/strong>\u00a0begr\u00fc\u00dfen, die hofften, mit dem richtigen Los einen der tollen Preise zu gewinnen. Im Mittelpunkt stand jedoch der Spa\u00df \u2013 und den hatten alle, ob als Helfer oder als Mitspieler!<\/p><p>Nach dem Bingo wurde noch getanzt, geplaudert und in geselliger Runde zusammengesessen. Es war mal wieder ein voller Erfolg!<\/p><p><strong>Wir bedanken uns herzlich bei allen, die an diesem Abend teilgenommen haben.<\/strong><br \/>Ein besonderer Dank gilt unseren Sponsoren, die einige der gro\u00dfartigen Preise zur Verf\u00fcgung gestellt haben:<\/p><ul><li>Anna-Lena Mielcke<\/li><li>Druckerei Herger\u00f6der<\/li><li>Enner`s Scheune<\/li><li>Lidl Sch\u00f6nberg<\/li><li>Braun Showtechnik<\/li><li>Urlaub-mitHerz<\/li><li>Exner &amp; Schmidt<\/li><li>Angus-Hof Stakendorf<\/li><\/ul><p>&nbsp;<\/p><img loading=\"lazy\" decoding=\"async\" src=\"https:\/\/xn--sus-hhndorf-gdersdorf-leci.de\/wp-content\/uploads\/2025\/10\/Pink-and-White-Illustration-Bingo-Night-Flyer-1-500x700.png\" alt=\"https:\/\/xn--sus-hhndorf-gdersdorf-leci.de\/wp-content\/uploads\/2025\/10\/Pink-and-White-Illustration-Bingo-Night-Flyer-1-500x700.png\" width=\"500\" height=\"700\" \/>\n\t<div class=\"fw-divider-space\" style=\"padding-top: 50px;\"><\/div>\n<\/div>\n<\/div>\n\n<div class=\"fw-row\">\n\t<div class=\"fw-col-xs-12\">\n\t<h3><strong>Bingoabend <\/strong><strong>Black &amp; White\u00a0<\/strong><\/h3><p>Am 10. Mai richtete der Sportverein erneut einen Bingoabend aus. Dieses Mal verwandelten wir das Dorfgemeinschaftshaus in eine stimmungsvolle Partylocation \u2013 passend zum Motto <strong>Black &amp; White<\/strong>. Beim Auf- und Abbau sowie am Veranstaltungstag selbst konnte sich der Verein wie gewohnt auf seine Mitglieder verlassen. Die Arbeit wurde auf viele helfende H\u00e4nde verteilt.<\/p><p>Am Abend selbst durften wir <strong>125 Teilnehmer<\/strong> begr\u00fc\u00dfen, die hofften, mit dem richtigen Los einen der tollen Preise zu gewinnen. Im Mittelpunkt stand jedoch der Spa\u00df \u2013 und den hatten alle, ob als Helfer oder als Mitspieler!<\/p><p>Nach dem Bingo wurde noch getanzt, geplaudert und in geselliger Runde zusammengesessen. Es war mal wieder ein voller Erfolg!<\/p><p><strong>Wir bedanken uns herzlich bei allen, die an diesem Abend teilgenommen haben.<\/strong><br \/>Ein besonderer Dank gilt unseren Sponsoren, die einige der gro\u00dfartigen Preise zur Verf\u00fcgung gestellt haben:<\/p><ul><li>Anna-Lena Mielcke<\/li><li>Druckerei Herger\u00f6der<\/li><li>REWE Zupke<\/li><li>Lidl Sch\u00f6nberg<\/li><li>Braun Showtechnik<\/li><li>Urlaub-mitHerz<\/li><\/ul><p>&nbsp;<\/p><img loading=\"lazy\" decoding=\"async\" src=\"https:\/\/xn--sus-hhndorf-gdersdorf-leci.de\/wp-content\/uploads\/2025\/05\/Spiel-und-Sportverein-HoehndorfGoedersdorf-e.V.-1-500x500.png\" alt=\"https:\/\/xn--sus-hhndorf-gdersdorf-leci.de\/wp-content\/uploads\/2025\/05\/Spiel-und-Sportverein-HoehndorfGoedersdorf-e.V.-1-500x500.png\" width=\"500\" height=\"500\" \/><\/div>\n<\/div>\n\n<div class=\"fw-row\">\n\t<div class=\"fw-col-xs-12\">\n\t\n\t<div class=\"fw-divider-space\" style=\"padding-top: 50px;\"><\/div>\n<\/div>\n<\/div>\n\n<div class=\"fw-row\">\n\t<div class=\"fw-col-xs-12\">\n\t<p>Am 10.05.2025 fand der n\u00e4chste Bingoabend unter dem Motto Black &amp; White statt. Nach nur einigen Tagen waren wir ausgebucht.<\/p><img loading=\"lazy\" decoding=\"async\" src=\"https:\/\/xn--sus-hhndorf-gdersdorf-leci.de\/wp-content\/uploads\/2025\/04\/Bingoabend-10.05.2025-500x700.png\" alt=\"https:\/\/xn--sus-hhndorf-gdersdorf-leci.de\/wp-content\/uploads\/2025\/04\/Bingoabend-10.05.2025-500x700.png\" width=\"500\" height=\"700\" \/><\/div>\n<\/div>\n\n<div class=\"fw-row\">\n\t<div class=\"fw-col-xs-12\">\n\t\n\t<div class=\"fw-divider-space\" style=\"padding-top: 50px;\"><\/div>\n<\/div>\n<\/div>\n\n<div class=\"fw-row\">\n\t<div class=\"fw-col-xs-12\">\n\t<\/div>\n<\/div>\n\n<div class=\"fw-row\">\n\t<div class=\"fw-col-xs-12\">\n\t\n\t<div class=\"fw-divider-space\" style=\"padding-top: 50px;\"><\/div>\n<\/div>\n<\/div>\n\n<div class=\"fw-row\">\n\t<div class=\"fw-col-xs-12\">\n\t<p>Am 04.05.2024 um 19:30 Uhr fand ein erfolgreicher und spa\u00dfiger Bingoabend statt!<\/p><\/div>\n<\/div>\n\n<div class=\"fw-row\">\n\t<div class=\"fw-col-xs-12\">\n\t<img decoding=\"async\" src=\"\/\/xn--sus-hhndorf-gdersdorf-leci.de\/wp-content\/uploads\/2024\/04\/Bingoabend.jpeg\" alt=\"Bingoabend\" \/><\/div>\n<\/div>\n\n<div class=\"fw-row\">\n\t<div class=\"fw-col-xs-12\">\n\t<p>&nbsp;<\/p><p>&nbsp;<\/p><p>&nbsp;<\/p><\/div>\n<\/div>\n\n<div class=\"fw-row\">\n\t<div class=\"fw-col-xs-12\">\n\t<p>Am 09.12.2023 wurde ein toller Bingabend f\u00fcr die ganze Gemeinde vom Spiel- und Sportverein H\u00f6hndorf \/ G\u00f6dersdorf veranstaltet.<\/p><\/div>\n<\/div>\n\n<div class=\"fw-row\">\n\t<div class=\"fw-col-xs-12\">\n\t<img loading=\"lazy\" decoding=\"async\" src=\"https:\/\/xn--sus-hhndorf-gdersdorf-leci.de\/wp-content\/uploads\/2024\/03\/Bingo-Hoehndorf-goedersdorf-500x700.jpeg\" alt=\"Bingo in H\u00f6hndorf - G\u00f6rdersdorf\" width=\"500\" height=\"700\" \/><\/div>\n<\/div>\n\n<div class=\"fw-row\">\n\t<div class=\"fw-col-xs-12\">\n\t\n\t<div class=\"fw-divider-space\" style=\"padding-top: 50px;\"><\/div>\n<\/div>\n<\/div>\n\n\t<\/div>\n<\/section>\n\n","protected":false},"excerpt":{"rendered":"<p>Weihnachtsbingo 2025Am 06. Dezember 2025 richtete der Sportverein erneut einen Bingoabend aus. Dieses Mal verwandelten wir das Dorfgemeinschaftshaus in einen besinnlichen Festsaal. Beim Auf- und Abbau sowie am Veranstaltungstag selbst konnte sich der Verein wie gewohnt auf seine Mitglieder verlassen. Die Arbeit wurde auf viele helfende H\u00e4nde verteilt.Am Abend selbst durften wir 130 Teilnehmer begr\u00fc\u00dfen, [&hellip;]<\/p>\n","protected":false},"author":1,"featured_media":106,"parent":0,"menu_order":0,"comment_status":"open","ping_status":"closed","template":"","meta":{"om_disable_all_campaigns":false,"_monsterinsights_skip_tracking":false,"_monsterinsights_sitenote_active":false,"_monsterinsights_sitenote_note":"","_monsterinsights_sitenote_category":0,"footnotes":""},"aioseo_notices":[],"_links":{"self":[{"href":"https:\/\/xn--sus-hhndorf-gdersdorf-leci.de\/index.php?rest_route=\/wp\/v2\/pages\/10"}],"collection":[{"href":"https:\/\/xn--sus-hhndorf-gdersdorf-leci.de\/index.php?rest_route=\/wp\/v2\/pages"}],"about":[{"href":"https:\/\/xn--sus-hhndorf-gdersdorf-leci.de\/index.php?rest_route=\/wp\/v2\/types\/page"}],"author":[{"embeddable":true,"href":"https:\/\/xn--sus-hhndorf-gdersdorf-leci.de\/index.php?rest_route=\/wp\/v2\/users\/1"}],"replies":[{"embeddable":true,"href":"https:\/\/xn--sus-hhndorf-gdersdorf-leci.de\/index.php?rest_route=%2Fwp%2Fv2%2Fcomments&post=10"}],"version-history":[{"count":41,"href":"https:\/\/xn--sus-hhndorf-gdersdorf-leci.de\/index.php?rest_route=\/wp\/v2\/pages\/10\/revisions"}],"predecessor-version":[{"id":874,"href":"https:\/\/xn--sus-hhndorf-gdersdorf-leci.de\/index.php?rest_route=\/wp\/v2\/pages\/10\/revisions\/874"}],"wp:featuredmedia":[{"embeddable":true,"href":"https:\/\/xn--sus-hhndorf-gdersdorf-leci.de\/index.php?rest_route=\/wp\/v2\/media\/106"}],"wp:attachment":[{"href":"https:\/\/xn--sus-hhndorf-gdersdorf-leci.de\/index.php?rest_route=%2Fwp%2Fv2%2Fmedia&parent=10"}],"curies":[{"name":"wp","href":"https:\/\/api.w.org\/{rel}","templated":true}]}}